{"id":5826,"date":"2017-01-19T11:15:59","date_gmt":"2017-01-19T09:15:59","guid":{"rendered":"http:\/\/sttk.qa.web-veistamo.fi\/mika-sttk\/nain-vaikutamme-tyonimi\/"},"modified":"2020-11-11T15:36:39","modified_gmt":"2020-11-11T13:36:39","slug":"vaikuttavaa-edunvalvontaa","status":"publish","type":"page","link":"https:\/\/www.sttk.staging.web-veistamo.fi\/en\/vaikuttavaa-edunvalvontaa\/","title":{"rendered":"Lobbying with influence"},"content":{"rendered":"\n<p>Our job is to influence whenever decisions are made on the welfare and quality of life of our members. We engage in advocacy work in agreement activities,&nbsp;by influencing public decision-making and by participating in the development of legislation. We are a reformist-minded and politically independent organisation that is actively engaged in collaboration with various public players.<\/p>\n\n\n\n<figure class=\"wp-block-image size-large\"><img loading=\"lazy\" decoding=\"async\" width=\"1024\" height=\"683\" src=\"https:\/\/www.sttk.staging.web-veistamo.fi\/wp-content\/uploads\/sites\/2\/2020\/08\/samppa-ja-inka-1024x683.jpg\" alt=\"Ihmiset sopimassa\" class=\"wp-image-27202\" srcset=\"https:\/\/www.sttk.staging.web-veistamo.fi\/wp-content\/uploads\/sites\/2\/2020\/08\/samppa-ja-inka-1024x683.jpg 1024w, https:\/\/www.sttk.staging.web-veistamo.fi\/wp-content\/uploads\/sites\/2\/2020\/08\/samppa-ja-inka-300x200.jpg 300w, https:\/\/www.sttk.staging.web-veistamo.fi\/wp-content\/uploads\/sites\/2\/2020\/08\/samppa-ja-inka-768x512.jpg 768w, https:\/\/www.sttk.staging.web-veistamo.fi\/wp-content\/uploads\/sites\/2\/2020\/08\/samppa-ja-inka-992x661.jpg 992w, https:\/\/www.sttk.staging.web-veistamo.fi\/wp-content\/uploads\/sites\/2\/2020\/08\/samppa-ja-inka-14x8.jpg 14w, https:\/\/www.sttk.staging.web-veistamo.fi\/wp-content\/uploads\/sites\/2\/2020\/08\/samppa-ja-inka.jpg 1200w\" sizes=\"auto, (max-width: 1024px) 100vw, 1024px\" \/><\/figure>\n\n\n\n<p>Finland is a contract society where the commitment of as many people as possible is sought for decisions about a number of issues that are essential for the development of society. This model of settlement is tripartite.&nbsp;It involves representatives of employee organisations, employers\u2019 organisations and the Finnish government engaging to jointly promoting the objectives that they negotiated on together.&nbsp;A settlement follows negotiations where each instance is looking after their own ends. The reached negotiation result is always a compromise between these objectives. Yet, more and longer-term results are reached by cooperation than any single instance could accomplish alone.<\/p>\n\n\n\n<p>Decisions concerning us are increasingly made outside the Finnish borders.&nbsp;For instance, the majority of labour legislation is drafted in the EU.&nbsp;Furthermore, binding agreements as well as recommendations that direct operations are increasingly produced at the EU level.&nbsp;STTK collaborates internationally, with a particular focus on lobbying in Europe and the near abroad, but also globally.&nbsp;Cooperation ensures a higher impact on objectives that are essential to<\/p>\n","protected":false},"excerpt":{"rendered":"Our job is to influence whenever decisions are made on the welfare and quality of life of our&#8230; ","protected":false},"author":3,"featured_media":0,"parent":0,"menu_order":2,"comment_status":"closed","ping_status":"closed","template":"","meta":{"_acf_changed":false,"footnotes":""},"subject":[239,438,436],"class_list":["post-5826","page","type-page","status-publish","hentry","subject-european-union","subject-negotiating-labour-market-agreements","subject-regional-activities"],"acf":{"lead_paragraph":""},"yoast_head":"<!-- This site is optimized with the Yoast SEO plugin v26.5 - https:\/\/yoast.com\/wordpress\/plugins\/seo\/ -->\n<title>STTK tekee vaikuttavaa edunvalvontaa Suomessa ja kansainv\u00e4lisesti<\/title>\n<meta name=\"description\" content=\"Teemme edunvalvontaa sopimustoiminnassa, vaikuttamalla yhteiskunnalliseen p\u00e4\u00e4t\u00f6ksentekoon sek\u00e4 osallistumalla lains\u00e4\u00e4d\u00e4nn\u00f6n kehitt\u00e4miseen. Suomessa monien keskeisten asioiden p\u00e4\u00e4tt\u00e4miseen haetaan mahdollisimman suuren joukon sitoumus. Meit\u00e4 koskevia p\u00e4\u00e4t\u00f6ksi\u00e4 tehd\u00e4\u00e4n yh\u00e4 useammin Suomen rajojen ulkopuolella.\" \/>\n<meta name=\"robots\" content=\"index, follow, max-snippet:-1, max-image-preview:large, max-video-preview:-1\" \/>\n<link rel=\"canonical\" href=\"https:\/\/www.sttk.staging.web-veistamo.fi\/en\/what-sttk__trashed\/vaikuttavaa-edunvalvontaa\/\" \/>\n<meta property=\"og:locale\" content=\"en_US\" \/>\n<meta property=\"og:type\" content=\"article\" \/>\n<meta property=\"og:title\" content=\"STTK tekee vaikuttavaa edunvalvontaa Suomessa ja kansainv\u00e4lisesti\" \/>\n<meta property=\"og:description\" content=\"Teemme edunvalvontaa sopimustoiminnassa, vaikuttamalla yhteiskunnalliseen p\u00e4\u00e4t\u00f6ksentekoon sek\u00e4 osallistumalla lains\u00e4\u00e4d\u00e4nn\u00f6n kehitt\u00e4miseen. Suomessa monien keskeisten asioiden p\u00e4\u00e4tt\u00e4miseen haetaan mahdollisimman suuren joukon sitoumus. Meit\u00e4 koskevia p\u00e4\u00e4t\u00f6ksi\u00e4 tehd\u00e4\u00e4n yh\u00e4 useammin Suomen rajojen ulkopuolella.\" \/>\n<meta property=\"og:url\" content=\"https:\/\/www.sttk.staging.web-veistamo.fi\/en\/what-sttk__trashed\/vaikuttavaa-edunvalvontaa\/\" \/>\n<meta property=\"og:site_name\" content=\"STTK\" \/>\n<meta property=\"article:publisher\" content=\"https:\/\/www.facebook.com\/#%21%2fKeskusjarjestoSTTK\" \/>\n<meta property=\"article:modified_time\" content=\"2020-11-11T13:36:39+00:00\" \/>\n<meta property=\"og:image\" content=\"https:\/\/www.sttk.staging.web-veistamo.fi\/wp-content\/uploads\/sites\/2\/2020\/08\/samppa-ja-inka-1024x683.jpg\" \/>\n<meta name=\"twitter:card\" content=\"summary_large_image\" \/>\n<meta name=\"twitter:site\" content=\"@STTKMikonkatu\" \/>\n<meta name=\"twitter:label1\" content=\"Est. reading time\" \/>\n\t<meta name=\"twitter:data1\" content=\"1 minute\" \/>\n<script type=\"application\/ld+json\" class=\"yoast-schema-graph\">{\"@context\":\"https:\/\/schema.org\",\"@graph\":[{\"@type\":\"WebPage\",\"@id\":\"https:\/\/www.sttk.staging.web-veistamo.fi\/en\/what-sttk__trashed\/vaikuttavaa-edunvalvontaa\/\",\"url\":\"https:\/\/www.sttk.staging.web-veistamo.fi\/en\/what-sttk__trashed\/vaikuttavaa-edunvalvontaa\/\",\"name\":\"STTK tekee vaikuttavaa edunvalvontaa Suomessa ja kansainv\u00e4lisesti\",\"isPartOf\":{\"@id\":\"https:\/\/www.sttk.staging.web-veistamo.fi\/#website\"},\"primaryImageOfPage\":{\"@id\":\"https:\/\/www.sttk.staging.web-veistamo.fi\/en\/what-sttk__trashed\/vaikuttavaa-edunvalvontaa\/#primaryimage\"},\"image\":{\"@id\":\"https:\/\/www.sttk.staging.web-veistamo.fi\/en\/what-sttk__trashed\/vaikuttavaa-edunvalvontaa\/#primaryimage\"},\"thumbnailUrl\":\"https:\/\/www.sttk.staging.web-veistamo.fi\/wp-content\/uploads\/sites\/2\/2020\/08\/samppa-ja-inka-1024x683.jpg\",\"datePublished\":\"2017-01-19T09:15:59+00:00\",\"dateModified\":\"2020-11-11T13:36:39+00:00\",\"description\":\"Teemme edunvalvontaa sopimustoiminnassa, vaikuttamalla yhteiskunnalliseen p\u00e4\u00e4t\u00f6ksentekoon sek\u00e4 osallistumalla lains\u00e4\u00e4d\u00e4nn\u00f6n kehitt\u00e4miseen. Suomessa monien keskeisten asioiden p\u00e4\u00e4tt\u00e4miseen haetaan mahdollisimman suuren joukon sitoumus. Meit\u00e4 koskevia p\u00e4\u00e4t\u00f6ksi\u00e4 tehd\u00e4\u00e4n yh\u00e4 useammin Suomen rajojen ulkopuolella.\",\"breadcrumb\":{\"@id\":\"https:\/\/www.sttk.staging.web-veistamo.fi\/en\/what-sttk__trashed\/vaikuttavaa-edunvalvontaa\/#breadcrumb\"},\"inLanguage\":\"en-US\",\"potentialAction\":[{\"@type\":\"ReadAction\",\"target\":[\"https:\/\/www.sttk.staging.web-veistamo.fi\/en\/what-sttk__trashed\/vaikuttavaa-edunvalvontaa\/\"]}]},{\"@type\":\"ImageObject\",\"inLanguage\":\"en-US\",\"@id\":\"https:\/\/www.sttk.staging.web-veistamo.fi\/en\/what-sttk__trashed\/vaikuttavaa-edunvalvontaa\/#primaryimage\",\"url\":\"https:\/\/www.sttk.staging.web-veistamo.fi\/wp-content\/uploads\/sites\/2\/2020\/08\/samppa-ja-inka-1024x683.jpg\",\"contentUrl\":\"https:\/\/www.sttk.staging.web-veistamo.fi\/wp-content\/uploads\/sites\/2\/2020\/08\/samppa-ja-inka-1024x683.jpg\"},{\"@type\":\"BreadcrumbList\",\"@id\":\"https:\/\/www.sttk.staging.web-veistamo.fi\/en\/what-sttk__trashed\/vaikuttavaa-edunvalvontaa\/#breadcrumb\",\"itemListElement\":[{\"@type\":\"ListItem\",\"position\":1,\"name\":\"Home\",\"item\":\"https:\/\/www.sttk.staging.web-veistamo.fi\/en\/\"},{\"@type\":\"ListItem\",\"position\":2,\"name\":\"Lobbying with influence\"}]},{\"@type\":\"WebSite\",\"@id\":\"https:\/\/www.sttk.staging.web-veistamo.fi\/#website\",\"url\":\"https:\/\/www.sttk.staging.web-veistamo.fi\/\",\"name\":\"STTK\",\"description\":\"\",\"publisher\":{\"@id\":\"https:\/\/www.sttk.staging.web-veistamo.fi\/#organization\"},\"potentialAction\":[{\"@type\":\"SearchAction\",\"target\":{\"@type\":\"EntryPoint\",\"urlTemplate\":\"https:\/\/www.sttk.staging.web-veistamo.fi\/?s={search_term_string}\"},\"query-input\":{\"@type\":\"PropertyValueSpecification\",\"valueRequired\":true,\"valueName\":\"search_term_string\"}}],\"inLanguage\":\"en-US\"},{\"@type\":\"Organization\",\"@id\":\"https:\/\/www.sttk.staging.web-veistamo.fi\/#organization\",\"name\":\"STTK\",\"url\":\"https:\/\/www.sttk.staging.web-veistamo.fi\/\",\"logo\":{\"@type\":\"ImageObject\",\"inLanguage\":\"en-US\",\"@id\":\"https:\/\/www.sttk.staging.web-veistamo.fi\/#\/schema\/logo\/image\/\",\"url\":\"https:\/\/www.sttk.staging.web-veistamo.fi\/wp-content\/uploads\/sites\/2\/2025\/09\/vector3.svg\",\"contentUrl\":\"https:\/\/www.sttk.staging.web-veistamo.fi\/wp-content\/uploads\/sites\/2\/2025\/09\/vector3.svg\",\"caption\":\"STTK\"},\"image\":{\"@id\":\"https:\/\/www.sttk.staging.web-veistamo.fi\/#\/schema\/logo\/image\/\"},\"sameAs\":[\"https:\/\/www.facebook.com\/#!\/KeskusjarjestoSTTK\",\"https:\/\/x.com\/STTKMikonkatu\",\"http:\/\/www.youtube.com\/user\/protoimihenkilot\"]}]}<\/script>\n<!-- \/ Yoast SEO plugin. -->","yoast_head_json":{"title":"STTK tekee vaikuttavaa edunvalvontaa Suomessa ja kansainv\u00e4lisesti","description":"Teemme edunvalvontaa sopimustoiminnassa, vaikuttamalla yhteiskunnalliseen p\u00e4\u00e4t\u00f6ksentekoon sek\u00e4 osallistumalla lains\u00e4\u00e4d\u00e4nn\u00f6n kehitt\u00e4miseen. Suomessa monien keskeisten asioiden p\u00e4\u00e4tt\u00e4miseen haetaan mahdollisimman suuren joukon sitoumus. Meit\u00e4 koskevia p\u00e4\u00e4t\u00f6ksi\u00e4 tehd\u00e4\u00e4n yh\u00e4 useammin Suomen rajojen ulkopuolella.","robots":{"index":"index","follow":"follow","max-snippet":"max-snippet:-1","max-image-preview":"max-image-preview:large","max-video-preview":"max-video-preview:-1"},"canonical":"https:\/\/www.sttk.staging.web-veistamo.fi\/en\/what-sttk__trashed\/vaikuttavaa-edunvalvontaa\/","og_locale":"en_US","og_type":"article","og_title":"STTK tekee vaikuttavaa edunvalvontaa Suomessa ja kansainv\u00e4lisesti","og_description":"Teemme edunvalvontaa sopimustoiminnassa, vaikuttamalla yhteiskunnalliseen p\u00e4\u00e4t\u00f6ksentekoon sek\u00e4 osallistumalla lains\u00e4\u00e4d\u00e4nn\u00f6n kehitt\u00e4miseen. Suomessa monien keskeisten asioiden p\u00e4\u00e4tt\u00e4miseen haetaan mahdollisimman suuren joukon sitoumus. Meit\u00e4 koskevia p\u00e4\u00e4t\u00f6ksi\u00e4 tehd\u00e4\u00e4n yh\u00e4 useammin Suomen rajojen ulkopuolella.","og_url":"https:\/\/www.sttk.staging.web-veistamo.fi\/en\/what-sttk__trashed\/vaikuttavaa-edunvalvontaa\/","og_site_name":"STTK","article_publisher":"https:\/\/www.facebook.com\/#%21%2fKeskusjarjestoSTTK","article_modified_time":"2020-11-11T13:36:39+00:00","og_image":[{"url":"https:\/\/www.sttk.staging.web-veistamo.fi\/wp-content\/uploads\/sites\/2\/2020\/08\/samppa-ja-inka-1024x683.jpg","type":"","width":"","height":""}],"twitter_card":"summary_large_image","twitter_site":"@STTKMikonkatu","twitter_misc":{"Est. reading time":"1 minute"},"schema":{"@context":"https:\/\/schema.org","@graph":[{"@type":"WebPage","@id":"https:\/\/www.sttk.staging.web-veistamo.fi\/en\/what-sttk__trashed\/vaikuttavaa-edunvalvontaa\/","url":"https:\/\/www.sttk.staging.web-veistamo.fi\/en\/what-sttk__trashed\/vaikuttavaa-edunvalvontaa\/","name":"STTK tekee vaikuttavaa edunvalvontaa Suomessa ja kansainv\u00e4lisesti","isPartOf":{"@id":"https:\/\/www.sttk.staging.web-veistamo.fi\/#website"},"primaryImageOfPage":{"@id":"https:\/\/www.sttk.staging.web-veistamo.fi\/en\/what-sttk__trashed\/vaikuttavaa-edunvalvontaa\/#primaryimage"},"image":{"@id":"https:\/\/www.sttk.staging.web-veistamo.fi\/en\/what-sttk__trashed\/vaikuttavaa-edunvalvontaa\/#primaryimage"},"thumbnailUrl":"https:\/\/www.sttk.staging.web-veistamo.fi\/wp-content\/uploads\/sites\/2\/2020\/08\/samppa-ja-inka-1024x683.jpg","datePublished":"2017-01-19T09:15:59+00:00","dateModified":"2020-11-11T13:36:39+00:00","description":"Teemme edunvalvontaa sopimustoiminnassa, vaikuttamalla yhteiskunnalliseen p\u00e4\u00e4t\u00f6ksentekoon sek\u00e4 osallistumalla lains\u00e4\u00e4d\u00e4nn\u00f6n kehitt\u00e4miseen. Suomessa monien keskeisten asioiden p\u00e4\u00e4tt\u00e4miseen haetaan mahdollisimman suuren joukon sitoumus. Meit\u00e4 koskevia p\u00e4\u00e4t\u00f6ksi\u00e4 tehd\u00e4\u00e4n yh\u00e4 useammin Suomen rajojen ulkopuolella.","breadcrumb":{"@id":"https:\/\/www.sttk.staging.web-veistamo.fi\/en\/what-sttk__trashed\/vaikuttavaa-edunvalvontaa\/#breadcrumb"},"inLanguage":"en-US","potentialAction":[{"@type":"ReadAction","target":["https:\/\/www.sttk.staging.web-veistamo.fi\/en\/what-sttk__trashed\/vaikuttavaa-edunvalvontaa\/"]}]},{"@type":"ImageObject","inLanguage":"en-US","@id":"https:\/\/www.sttk.staging.web-veistamo.fi\/en\/what-sttk__trashed\/vaikuttavaa-edunvalvontaa\/#primaryimage","url":"https:\/\/www.sttk.staging.web-veistamo.fi\/wp-content\/uploads\/sites\/2\/2020\/08\/samppa-ja-inka-1024x683.jpg","contentUrl":"https:\/\/www.sttk.staging.web-veistamo.fi\/wp-content\/uploads\/sites\/2\/2020\/08\/samppa-ja-inka-1024x683.jpg"},{"@type":"BreadcrumbList","@id":"https:\/\/www.sttk.staging.web-veistamo.fi\/en\/what-sttk__trashed\/vaikuttavaa-edunvalvontaa\/#breadcrumb","itemListElement":[{"@type":"ListItem","position":1,"name":"Home","item":"https:\/\/www.sttk.staging.web-veistamo.fi\/en\/"},{"@type":"ListItem","position":2,"name":"Lobbying with influence"}]},{"@type":"WebSite","@id":"https:\/\/www.sttk.staging.web-veistamo.fi\/#website","url":"https:\/\/www.sttk.staging.web-veistamo.fi\/","name":"STTK","description":"","publisher":{"@id":"https:\/\/www.sttk.staging.web-veistamo.fi\/#organization"},"potentialAction":[{"@type":"SearchAction","target":{"@type":"EntryPoint","urlTemplate":"https:\/\/www.sttk.staging.web-veistamo.fi\/?s={search_term_string}"},"query-input":{"@type":"PropertyValueSpecification","valueRequired":true,"valueName":"search_term_string"}}],"inLanguage":"en-US"},{"@type":"Organization","@id":"https:\/\/www.sttk.staging.web-veistamo.fi\/#organization","name":"STTK","url":"https:\/\/www.sttk.staging.web-veistamo.fi\/","logo":{"@type":"ImageObject","inLanguage":"en-US","@id":"https:\/\/www.sttk.staging.web-veistamo.fi\/#\/schema\/logo\/image\/","url":"https:\/\/www.sttk.staging.web-veistamo.fi\/wp-content\/uploads\/sites\/2\/2025\/09\/vector3.svg","contentUrl":"https:\/\/www.sttk.staging.web-veistamo.fi\/wp-content\/uploads\/sites\/2\/2025\/09\/vector3.svg","caption":"STTK"},"image":{"@id":"https:\/\/www.sttk.staging.web-veistamo.fi\/#\/schema\/logo\/image\/"},"sameAs":["https:\/\/www.facebook.com\/#!\/KeskusjarjestoSTTK","https:\/\/x.com\/STTKMikonkatu","http:\/\/www.youtube.com\/user\/protoimihenkilot"]}]}},"_links":{"self":[{"href":"https:\/\/www.sttk.staging.web-veistamo.fi\/en\/wp-json\/wp\/v2\/pages\/5826","targetHints":{"allow":["GET"]}}],"collection":[{"href":"https:\/\/www.sttk.staging.web-veistamo.fi\/en\/wp-json\/wp\/v2\/pages"}],"about":[{"href":"https:\/\/www.sttk.staging.web-veistamo.fi\/en\/wp-json\/wp\/v2\/types\/page"}],"author":[{"embeddable":true,"href":"https:\/\/www.sttk.staging.web-veistamo.fi\/en\/wp-json\/wp\/v2\/users\/3"}],"replies":[{"embeddable":true,"href":"https:\/\/www.sttk.staging.web-veistamo.fi\/en\/wp-json\/wp\/v2\/comments?post=5826"}],"version-history":[{"count":11,"href":"https:\/\/www.sttk.staging.web-veistamo.fi\/en\/wp-json\/wp\/v2\/pages\/5826\/revisions"}],"predecessor-version":[{"id":30263,"href":"https:\/\/www.sttk.staging.web-veistamo.fi\/en\/wp-json\/wp\/v2\/pages\/5826\/revisions\/30263"}],"wp:attachment":[{"href":"https:\/\/www.sttk.staging.web-veistamo.fi\/en\/wp-json\/wp\/v2\/media?parent=5826"}],"wp:term":[{"taxonomy":"subject","embeddable":true,"href":"https:\/\/www.sttk.staging.web-veistamo.fi\/en\/wp-json\/wp\/v2\/subject?post=5826"}],"curies":[{"name":"wp","href":"https:\/\/api.w.org\/{rel}","templated":true}]}}