{"id":1080,"date":"2013-10-15T12:43:45","date_gmt":"2013-10-15T12:43:45","guid":{"rendered":"http:\/\/sttk.qa.web-veistamo.fi\/?page_id=1080"},"modified":"2023-04-20T13:02:59","modified_gmt":"2023-04-20T10:02:59","slug":"etusivu","status":"publish","type":"page","link":"https:\/\/www.sttk.staging.web-veistamo.fi\/sv\/","title":{"rendered":"Hem"},"content":{"rendered":"","protected":false},"excerpt":{"rendered":"","protected":false},"author":5,"featured_media":0,"parent":0,"menu_order":0,"comment_status":"closed","ping_status":"closed","template":"","meta":{"_acf_changed":false,"footnotes":""},"subject":[],"class_list":["post-1080","page","type-page","status-publish","hentry"],"acf":{"lead_paragraph":""},"yoast_head":"<!-- This site is optimized with the Yoast SEO plugin v26.5 - https:\/\/yoast.com\/wordpress\/plugins\/seo\/ -->\n<title>STTK: Yhteisty\u00f6ll\u00e4 maailman parasta ty\u00f6el\u00e4m\u00e4\u00e4 ja hyvinvointia<\/title>\n<meta name=\"description\" content=\"Tavoitteemme on menestyv\u00e4 Suomi, jossa yhteisty\u00f6ll\u00e4 rakennamme maailman parasta ty\u00f6el\u00e4m\u00e4\u00e4 ja hyvinvointia.\" \/>\n<meta name=\"robots\" content=\"index, follow, max-snippet:-1, max-image-preview:large, max-video-preview:-1\" \/>\n<link rel=\"canonical\" href=\"https:\/\/www.sttk.staging.web-veistamo.fi\/sv\/\" \/>\n<meta property=\"og:locale\" content=\"sv_SE\" \/>\n<meta property=\"og:type\" content=\"article\" \/>\n<meta property=\"og:title\" content=\"STTK: Yhteisty\u00f6ll\u00e4 maailman parasta ty\u00f6el\u00e4m\u00e4\u00e4 ja hyvinvointia\" \/>\n<meta property=\"og:description\" content=\"Tavoitteemme on menestyv\u00e4 Suomi, jossa yhteisty\u00f6ll\u00e4 rakennamme maailman parasta ty\u00f6el\u00e4m\u00e4\u00e4 ja hyvinvointia.\" \/>\n<meta property=\"og:url\" content=\"https:\/\/www.sttk.staging.web-veistamo.fi\/sv\/\" \/>\n<meta property=\"og:site_name\" content=\"STTK\" \/>\n<meta property=\"article:publisher\" content=\"https:\/\/www.facebook.com\/#%21%2fKeskusjarjestoSTTK\" \/>\n<meta property=\"article:modified_time\" content=\"2023-04-20T10:02:59+00:00\" \/>\n<meta property=\"og:image\" content=\"https:\/\/www.sttk.staging.web-veistamo.fi\/wp-content\/uploads\/sites\/2\/2020\/08\/some-logo.png\" \/>\n\t<meta property=\"og:image:width\" content=\"1130\" \/>\n\t<meta property=\"og:image:height\" content=\"682\" \/>\n\t<meta property=\"og:image:type\" content=\"image\/png\" \/>\n<meta name=\"twitter:card\" content=\"summary_large_image\" \/>\n<meta name=\"twitter:site\" content=\"@STTKMikonkatu\" \/>\n<script type=\"application\/ld+json\" class=\"yoast-schema-graph\">{\"@context\":\"https:\/\/schema.org\",\"@graph\":[{\"@type\":\"WebPage\",\"@id\":\"https:\/\/www.sttk.staging.web-veistamo.fi\/sv\/\",\"url\":\"https:\/\/www.sttk.staging.web-veistamo.fi\/sv\/\",\"name\":\"STTK: Yhteisty\u00f6ll\u00e4 maailman parasta ty\u00f6el\u00e4m\u00e4\u00e4 ja hyvinvointia\",\"isPartOf\":{\"@id\":\"https:\/\/www.sttk.staging.web-veistamo.fi\/#website\"},\"datePublished\":\"2013-10-15T12:43:45+00:00\",\"dateModified\":\"2023-04-20T10:02:59+00:00\",\"description\":\"Tavoitteemme on menestyv\u00e4 Suomi, jossa yhteisty\u00f6ll\u00e4 rakennamme maailman parasta ty\u00f6el\u00e4m\u00e4\u00e4 ja hyvinvointia.\",\"breadcrumb\":{\"@id\":\"https:\/\/www.sttk.staging.web-veistamo.fi\/sv\/#breadcrumb\"},\"inLanguage\":\"sv-SE\",\"potentialAction\":[{\"@type\":\"ReadAction\",\"target\":[\"https:\/\/www.sttk.staging.web-veistamo.fi\/sv\/\"]}]},{\"@type\":\"BreadcrumbList\",\"@id\":\"https:\/\/www.sttk.staging.web-veistamo.fi\/sv\/#breadcrumb\",\"itemListElement\":[{\"@type\":\"ListItem\",\"position\":1,\"name\":\"Home\",\"item\":\"https:\/\/www.sttk.staging.web-veistamo.fi\/sv\/\"},{\"@type\":\"ListItem\",\"position\":2,\"name\":\"Hem\"}]},{\"@type\":\"WebSite\",\"@id\":\"https:\/\/www.sttk.staging.web-veistamo.fi\/#website\",\"url\":\"https:\/\/www.sttk.staging.web-veistamo.fi\/\",\"name\":\"STTK\",\"description\":\"\",\"publisher\":{\"@id\":\"https:\/\/www.sttk.staging.web-veistamo.fi\/#organization\"},\"potentialAction\":[{\"@type\":\"SearchAction\",\"target\":{\"@type\":\"EntryPoint\",\"urlTemplate\":\"https:\/\/www.sttk.staging.web-veistamo.fi\/?s={search_term_string}\"},\"query-input\":{\"@type\":\"PropertyValueSpecification\",\"valueRequired\":true,\"valueName\":\"search_term_string\"}}],\"inLanguage\":\"sv-SE\"},{\"@type\":\"Organization\",\"@id\":\"https:\/\/www.sttk.staging.web-veistamo.fi\/#organization\",\"name\":\"STTK\",\"url\":\"https:\/\/www.sttk.staging.web-veistamo.fi\/\",\"logo\":{\"@type\":\"ImageObject\",\"inLanguage\":\"sv-SE\",\"@id\":\"https:\/\/www.sttk.staging.web-veistamo.fi\/#\/schema\/logo\/image\/\",\"url\":\"https:\/\/www.sttk.staging.web-veistamo.fi\/wp-content\/uploads\/sites\/2\/2025\/09\/vector3.svg\",\"contentUrl\":\"https:\/\/www.sttk.staging.web-veistamo.fi\/wp-content\/uploads\/sites\/2\/2025\/09\/vector3.svg\",\"caption\":\"STTK\"},\"image\":{\"@id\":\"https:\/\/www.sttk.staging.web-veistamo.fi\/#\/schema\/logo\/image\/\"},\"sameAs\":[\"https:\/\/www.facebook.com\/#!\/KeskusjarjestoSTTK\",\"https:\/\/x.com\/STTKMikonkatu\",\"http:\/\/www.youtube.com\/user\/protoimihenkilot\"]}]}<\/script>\n<!-- \/ Yoast SEO plugin. -->","yoast_head_json":{"title":"STTK: Yhteisty\u00f6ll\u00e4 maailman parasta ty\u00f6el\u00e4m\u00e4\u00e4 ja hyvinvointia","description":"Tavoitteemme on menestyv\u00e4 Suomi, jossa yhteisty\u00f6ll\u00e4 rakennamme maailman parasta ty\u00f6el\u00e4m\u00e4\u00e4 ja hyvinvointia.","robots":{"index":"index","follow":"follow","max-snippet":"max-snippet:-1","max-image-preview":"max-image-preview:large","max-video-preview":"max-video-preview:-1"},"canonical":"https:\/\/www.sttk.staging.web-veistamo.fi\/sv\/","og_locale":"sv_SE","og_type":"article","og_title":"STTK: Yhteisty\u00f6ll\u00e4 maailman parasta ty\u00f6el\u00e4m\u00e4\u00e4 ja hyvinvointia","og_description":"Tavoitteemme on menestyv\u00e4 Suomi, jossa yhteisty\u00f6ll\u00e4 rakennamme maailman parasta ty\u00f6el\u00e4m\u00e4\u00e4 ja hyvinvointia.","og_url":"https:\/\/www.sttk.staging.web-veistamo.fi\/sv\/","og_site_name":"STTK","article_publisher":"https:\/\/www.facebook.com\/#%21%2fKeskusjarjestoSTTK","article_modified_time":"2023-04-20T10:02:59+00:00","og_image":[{"width":1130,"height":682,"url":"https:\/\/www.sttk.staging.web-veistamo.fi\/wp-content\/uploads\/sites\/2\/2020\/08\/some-logo.png","type":"image\/png"}],"twitter_card":"summary_large_image","twitter_site":"@STTKMikonkatu","schema":{"@context":"https:\/\/schema.org","@graph":[{"@type":"WebPage","@id":"https:\/\/www.sttk.staging.web-veistamo.fi\/sv\/","url":"https:\/\/www.sttk.staging.web-veistamo.fi\/sv\/","name":"STTK: Yhteisty\u00f6ll\u00e4 maailman parasta ty\u00f6el\u00e4m\u00e4\u00e4 ja hyvinvointia","isPartOf":{"@id":"https:\/\/www.sttk.staging.web-veistamo.fi\/#website"},"datePublished":"2013-10-15T12:43:45+00:00","dateModified":"2023-04-20T10:02:59+00:00","description":"Tavoitteemme on menestyv\u00e4 Suomi, jossa yhteisty\u00f6ll\u00e4 rakennamme maailman parasta ty\u00f6el\u00e4m\u00e4\u00e4 ja hyvinvointia.","breadcrumb":{"@id":"https:\/\/www.sttk.staging.web-veistamo.fi\/sv\/#breadcrumb"},"inLanguage":"sv-SE","potentialAction":[{"@type":"ReadAction","target":["https:\/\/www.sttk.staging.web-veistamo.fi\/sv\/"]}]},{"@type":"BreadcrumbList","@id":"https:\/\/www.sttk.staging.web-veistamo.fi\/sv\/#breadcrumb","itemListElement":[{"@type":"ListItem","position":1,"name":"Home","item":"https:\/\/www.sttk.staging.web-veistamo.fi\/sv\/"},{"@type":"ListItem","position":2,"name":"Hem"}]},{"@type":"WebSite","@id":"https:\/\/www.sttk.staging.web-veistamo.fi\/#website","url":"https:\/\/www.sttk.staging.web-veistamo.fi\/","name":"STTK","description":"","publisher":{"@id":"https:\/\/www.sttk.staging.web-veistamo.fi\/#organization"},"potentialAction":[{"@type":"SearchAction","target":{"@type":"EntryPoint","urlTemplate":"https:\/\/www.sttk.staging.web-veistamo.fi\/?s={search_term_string}"},"query-input":{"@type":"PropertyValueSpecification","valueRequired":true,"valueName":"search_term_string"}}],"inLanguage":"sv-SE"},{"@type":"Organization","@id":"https:\/\/www.sttk.staging.web-veistamo.fi\/#organization","name":"STTK","url":"https:\/\/www.sttk.staging.web-veistamo.fi\/","logo":{"@type":"ImageObject","inLanguage":"sv-SE","@id":"https:\/\/www.sttk.staging.web-veistamo.fi\/#\/schema\/logo\/image\/","url":"https:\/\/www.sttk.staging.web-veistamo.fi\/wp-content\/uploads\/sites\/2\/2025\/09\/vector3.svg","contentUrl":"https:\/\/www.sttk.staging.web-veistamo.fi\/wp-content\/uploads\/sites\/2\/2025\/09\/vector3.svg","caption":"STTK"},"image":{"@id":"https:\/\/www.sttk.staging.web-veistamo.fi\/#\/schema\/logo\/image\/"},"sameAs":["https:\/\/www.facebook.com\/#!\/KeskusjarjestoSTTK","https:\/\/x.com\/STTKMikonkatu","http:\/\/www.youtube.com\/user\/protoimihenkilot"]}]}},"_links":{"self":[{"href":"https:\/\/www.sttk.staging.web-veistamo.fi\/sv\/wp-json\/wp\/v2\/pages\/1080","targetHints":{"allow":["GET"]}}],"collection":[{"href":"https:\/\/www.sttk.staging.web-veistamo.fi\/sv\/wp-json\/wp\/v2\/pages"}],"about":[{"href":"https:\/\/www.sttk.staging.web-veistamo.fi\/sv\/wp-json\/wp\/v2\/types\/page"}],"author":[{"embeddable":true,"href":"https:\/\/www.sttk.staging.web-veistamo.fi\/sv\/wp-json\/wp\/v2\/users\/5"}],"replies":[{"embeddable":true,"href":"https:\/\/www.sttk.staging.web-veistamo.fi\/sv\/wp-json\/wp\/v2\/comments?post=1080"}],"version-history":[{"count":10,"href":"https:\/\/www.sttk.staging.web-veistamo.fi\/sv\/wp-json\/wp\/v2\/pages\/1080\/revisions"}],"predecessor-version":[{"id":45884,"href":"https:\/\/www.sttk.staging.web-veistamo.fi\/sv\/wp-json\/wp\/v2\/pages\/1080\/revisions\/45884"}],"wp:attachment":[{"href":"https:\/\/www.sttk.staging.web-veistamo.fi\/sv\/wp-json\/wp\/v2\/media?parent=1080"}],"wp:term":[{"taxonomy":"subject","embeddable":true,"href":"https:\/\/www.sttk.staging.web-veistamo.fi\/sv\/wp-json\/wp\/v2\/subject?post=1080"}],"curies":[{"name":"wp","href":"https:\/\/api.w.org\/{rel}","templated":true}]}}