{"id":2061,"date":"2019-06-11T11:00:07","date_gmt":"2019-06-11T08:00:07","guid":{"rendered":"http:\/\/sttk.qa.web-veistamo.fi\/?page_id=2061"},"modified":"2022-05-06T15:27:08","modified_gmt":"2022-05-06T12:27:08","slug":"mika-sttk","status":"publish","type":"page","link":"https:\/\/www.sttk.staging.web-veistamo.fi\/sv\/mika-sttk\/","title":{"rendered":"Vad \u00e4r STTK?"},"content":{"rendered":"<p>Vi \u00e4r en politiskt obunden och pluralistisk centralorganisation f\u00f6r utbildade yrkespersoner. I STTK ing\u00e5r 15 medlemsf\u00f6reningar med sammanlagt mer \u00e4n <a href=\"https:\/\/sttk.staging.web-veistamo.fi\/mika-sttk\/perustietoa-jasenistamme\/\" target=\"_blank\" rel=\"noopener\">450 000 medlemmar.<\/a> V\u00e5rt m\u00e5l \u00e4r ett framg\u00e5ngsrikt Finland, d\u00e4r v\u00e4rldens b\u00e4sta arbetsliv och v\u00e4lst\u00e5nd skapas genom samarbete.<\/p>\n<p><strong>Vision:<\/strong> ett Framg\u00e5ngsrikt Finland<\/p>\n<p><strong>Mission:<\/strong> v\u00e4rldens b\u00e4sta arbetsliv och v\u00e4lst\u00e5nd genom samarbete<\/p>\n<p><strong>V\u00e4rden:<\/strong> \u00f6ppen, r\u00e4ttvis, modig<\/p>\n<p><strong>Verksamhetens strategiska tyngdpunktsomr\u00e5den:<\/strong><\/p>\n<p>Vi \u00e4r en stark samh\u00e4llelig interakt\u00f6r som \u00f6ppnar f\u00f6r nya diskussionsinriktningar.<br \/>\nVi st\u00e4rker det sociala kontraktet.<br \/>\nVi utvecklar arbetslagstiftning och socialskydd, och s\u00e4krar h\u00e5llbarheten i v\u00e5rt pensionssystem.<br \/>\nVi hanterar de f\u00f6r\u00e4ndringar som sker inom arbetslivet genom att betona vikten av kompetens och v\u00e4lbefinnande genom hela arbetslivet.<br \/>\nVi fr\u00e4mjar f\u00f6rverkligandet av principer f\u00f6r j\u00e4mst\u00e4lldhet och j\u00e4mlikhet.<\/p>\n","protected":false},"excerpt":{"rendered":"Vi \u00e4r en politiskt obunden och pluralistisk centralorganisation f\u00f6r utbildade yrkespersoner. I STTK ing\u00e5r 15 medlemsf\u00f6reningar med sammanlagt&#8230; ","protected":false},"author":3,"featured_media":0,"parent":0,"menu_order":0,"comment_status":"closed","ping_status":"closed","template":"","meta":{"_acf_changed":false,"footnotes":""},"subject":[194,192,197,222],"class_list":["post-2061","page","type-page","status-publish","hentry","subject-arbetsmarknadsorganisationer","subject-forhandlande","subject-jamlikhet","subject-kunnande"],"acf":{"lead_paragraph":""},"yoast_head":"<!-- This site is optimized with the Yoast SEO plugin v26.5 - https:\/\/yoast.com\/wordpress\/plugins\/seo\/ -->\n<title>Vad \u00e4r STTK? - STTK<\/title>\n<meta name=\"description\" content=\"Olemme poliittisesti sitoutumaton ja moniarvoinen koulutettujen ammattilaisten keskusj\u00e4rjest\u00f6, johon kuuluu 16 j\u00e4senliittoa ja yli 500 000 j\u00e4sent\u00e4. Tavoitteemme on menestyv\u00e4 Suomi, jossa yhteisty\u00f6ll\u00e4 rakennamme maailman parasta ty\u00f6el\u00e4m\u00e4\u00e4 ja hyvinvointia. Mik\u00e4 STTK?\" \/>\n<meta name=\"robots\" content=\"index, follow, max-snippet:-1, max-image-preview:large, max-video-preview:-1\" \/>\n<link rel=\"canonical\" href=\"https:\/\/www.sttk.staging.web-veistamo.fi\/sv\/mika-sttk\/\" \/>\n<meta property=\"og:locale\" content=\"sv_SE\" \/>\n<meta property=\"og:type\" content=\"article\" \/>\n<meta property=\"og:title\" content=\"Vad \u00e4r STTK? - STTK\" \/>\n<meta property=\"og:description\" content=\"Olemme poliittisesti sitoutumaton ja moniarvoinen koulutettujen ammattilaisten keskusj\u00e4rjest\u00f6, johon kuuluu 16 j\u00e4senliittoa ja yli 500 000 j\u00e4sent\u00e4. Tavoitteemme on menestyv\u00e4 Suomi, jossa yhteisty\u00f6ll\u00e4 rakennamme maailman parasta ty\u00f6el\u00e4m\u00e4\u00e4 ja hyvinvointia. Mik\u00e4 STTK?\" \/>\n<meta property=\"og:url\" content=\"https:\/\/www.sttk.staging.web-veistamo.fi\/sv\/mika-sttk\/\" \/>\n<meta property=\"og:site_name\" content=\"STTK\" \/>\n<meta property=\"article:publisher\" content=\"https:\/\/www.facebook.com\/#%21%2fKeskusjarjestoSTTK\" \/>\n<meta property=\"article:modified_time\" content=\"2022-05-06T12:27:08+00:00\" \/>\n<meta property=\"og:image\" content=\"https:\/\/www.sttk.staging.web-veistamo.fi\/wp-content\/uploads\/sites\/2\/2020\/08\/some-logo.png\" \/>\n\t<meta property=\"og:image:width\" content=\"1130\" \/>\n\t<meta property=\"og:image:height\" content=\"682\" \/>\n\t<meta property=\"og:image:type\" content=\"image\/png\" \/>\n<meta name=\"twitter:card\" content=\"summary_large_image\" \/>\n<meta name=\"twitter:site\" content=\"@STTKMikonkatu\" \/>\n<meta name=\"twitter:label1\" content=\"Ber\u00e4knad l\u00e4stid\" \/>\n\t<meta name=\"twitter:data1\" content=\"1 minut\" \/>\n<script type=\"application\/ld+json\" class=\"yoast-schema-graph\">{\"@context\":\"https:\/\/schema.org\",\"@graph\":[{\"@type\":\"WebPage\",\"@id\":\"https:\/\/www.sttk.staging.web-veistamo.fi\/sv\/mika-sttk\/\",\"url\":\"https:\/\/www.sttk.staging.web-veistamo.fi\/sv\/mika-sttk\/\",\"name\":\"Vad \u00e4r STTK? - STTK\",\"isPartOf\":{\"@id\":\"https:\/\/www.sttk.staging.web-veistamo.fi\/#website\"},\"datePublished\":\"2019-06-11T08:00:07+00:00\",\"dateModified\":\"2022-05-06T12:27:08+00:00\",\"description\":\"Olemme poliittisesti sitoutumaton ja moniarvoinen koulutettujen ammattilaisten keskusj\u00e4rjest\u00f6, johon kuuluu 16 j\u00e4senliittoa ja yli 500 000 j\u00e4sent\u00e4. Tavoitteemme on menestyv\u00e4 Suomi, jossa yhteisty\u00f6ll\u00e4 rakennamme maailman parasta ty\u00f6el\u00e4m\u00e4\u00e4 ja hyvinvointia. Mik\u00e4 STTK?\",\"breadcrumb\":{\"@id\":\"https:\/\/www.sttk.staging.web-veistamo.fi\/sv\/mika-sttk\/#breadcrumb\"},\"inLanguage\":\"sv-SE\",\"potentialAction\":[{\"@type\":\"ReadAction\",\"target\":[\"https:\/\/www.sttk.staging.web-veistamo.fi\/sv\/mika-sttk\/\"]}]},{\"@type\":\"BreadcrumbList\",\"@id\":\"https:\/\/www.sttk.staging.web-veistamo.fi\/sv\/mika-sttk\/#breadcrumb\",\"itemListElement\":[{\"@type\":\"ListItem\",\"position\":1,\"name\":\"Home\",\"item\":\"https:\/\/www.sttk.staging.web-veistamo.fi\/sv\/\"},{\"@type\":\"ListItem\",\"position\":2,\"name\":\"Vad \u00e4r STTK?\"}]},{\"@type\":\"WebSite\",\"@id\":\"https:\/\/www.sttk.staging.web-veistamo.fi\/#website\",\"url\":\"https:\/\/www.sttk.staging.web-veistamo.fi\/\",\"name\":\"STTK\",\"description\":\"\",\"publisher\":{\"@id\":\"https:\/\/www.sttk.staging.web-veistamo.fi\/#organization\"},\"potentialAction\":[{\"@type\":\"SearchAction\",\"target\":{\"@type\":\"EntryPoint\",\"urlTemplate\":\"https:\/\/www.sttk.staging.web-veistamo.fi\/?s={search_term_string}\"},\"query-input\":{\"@type\":\"PropertyValueSpecification\",\"valueRequired\":true,\"valueName\":\"search_term_string\"}}],\"inLanguage\":\"sv-SE\"},{\"@type\":\"Organization\",\"@id\":\"https:\/\/www.sttk.staging.web-veistamo.fi\/#organization\",\"name\":\"STTK\",\"url\":\"https:\/\/www.sttk.staging.web-veistamo.fi\/\",\"logo\":{\"@type\":\"ImageObject\",\"inLanguage\":\"sv-SE\",\"@id\":\"https:\/\/www.sttk.staging.web-veistamo.fi\/#\/schema\/logo\/image\/\",\"url\":\"https:\/\/www.sttk.staging.web-veistamo.fi\/wp-content\/uploads\/sites\/2\/2025\/09\/vector3.svg\",\"contentUrl\":\"https:\/\/www.sttk.staging.web-veistamo.fi\/wp-content\/uploads\/sites\/2\/2025\/09\/vector3.svg\",\"caption\":\"STTK\"},\"image\":{\"@id\":\"https:\/\/www.sttk.staging.web-veistamo.fi\/#\/schema\/logo\/image\/\"},\"sameAs\":[\"https:\/\/www.facebook.com\/#!\/KeskusjarjestoSTTK\",\"https:\/\/x.com\/STTKMikonkatu\",\"http:\/\/www.youtube.com\/user\/protoimihenkilot\"]}]}<\/script>\n<!-- \/ Yoast SEO plugin. -->","yoast_head_json":{"title":"Vad \u00e4r STTK? - STTK","description":"Olemme poliittisesti sitoutumaton ja moniarvoinen koulutettujen ammattilaisten keskusj\u00e4rjest\u00f6, johon kuuluu 16 j\u00e4senliittoa ja yli 500 000 j\u00e4sent\u00e4. Tavoitteemme on menestyv\u00e4 Suomi, jossa yhteisty\u00f6ll\u00e4 rakennamme maailman parasta ty\u00f6el\u00e4m\u00e4\u00e4 ja hyvinvointia. Mik\u00e4 STTK?","robots":{"index":"index","follow":"follow","max-snippet":"max-snippet:-1","max-image-preview":"max-image-preview:large","max-video-preview":"max-video-preview:-1"},"canonical":"https:\/\/www.sttk.staging.web-veistamo.fi\/sv\/mika-sttk\/","og_locale":"sv_SE","og_type":"article","og_title":"Vad \u00e4r STTK? - STTK","og_description":"Olemme poliittisesti sitoutumaton ja moniarvoinen koulutettujen ammattilaisten keskusj\u00e4rjest\u00f6, johon kuuluu 16 j\u00e4senliittoa ja yli 500 000 j\u00e4sent\u00e4. Tavoitteemme on menestyv\u00e4 Suomi, jossa yhteisty\u00f6ll\u00e4 rakennamme maailman parasta ty\u00f6el\u00e4m\u00e4\u00e4 ja hyvinvointia. Mik\u00e4 STTK?","og_url":"https:\/\/www.sttk.staging.web-veistamo.fi\/sv\/mika-sttk\/","og_site_name":"STTK","article_publisher":"https:\/\/www.facebook.com\/#%21%2fKeskusjarjestoSTTK","article_modified_time":"2022-05-06T12:27:08+00:00","og_image":[{"width":1130,"height":682,"url":"https:\/\/www.sttk.staging.web-veistamo.fi\/wp-content\/uploads\/sites\/2\/2020\/08\/some-logo.png","type":"image\/png"}],"twitter_card":"summary_large_image","twitter_site":"@STTKMikonkatu","twitter_misc":{"Ber\u00e4knad l\u00e4stid":"1 minut"},"schema":{"@context":"https:\/\/schema.org","@graph":[{"@type":"WebPage","@id":"https:\/\/www.sttk.staging.web-veistamo.fi\/sv\/mika-sttk\/","url":"https:\/\/www.sttk.staging.web-veistamo.fi\/sv\/mika-sttk\/","name":"Vad \u00e4r STTK? - STTK","isPartOf":{"@id":"https:\/\/www.sttk.staging.web-veistamo.fi\/#website"},"datePublished":"2019-06-11T08:00:07+00:00","dateModified":"2022-05-06T12:27:08+00:00","description":"Olemme poliittisesti sitoutumaton ja moniarvoinen koulutettujen ammattilaisten keskusj\u00e4rjest\u00f6, johon kuuluu 16 j\u00e4senliittoa ja yli 500 000 j\u00e4sent\u00e4. Tavoitteemme on menestyv\u00e4 Suomi, jossa yhteisty\u00f6ll\u00e4 rakennamme maailman parasta ty\u00f6el\u00e4m\u00e4\u00e4 ja hyvinvointia. Mik\u00e4 STTK?","breadcrumb":{"@id":"https:\/\/www.sttk.staging.web-veistamo.fi\/sv\/mika-sttk\/#breadcrumb"},"inLanguage":"sv-SE","potentialAction":[{"@type":"ReadAction","target":["https:\/\/www.sttk.staging.web-veistamo.fi\/sv\/mika-sttk\/"]}]},{"@type":"BreadcrumbList","@id":"https:\/\/www.sttk.staging.web-veistamo.fi\/sv\/mika-sttk\/#breadcrumb","itemListElement":[{"@type":"ListItem","position":1,"name":"Home","item":"https:\/\/www.sttk.staging.web-veistamo.fi\/sv\/"},{"@type":"ListItem","position":2,"name":"Vad \u00e4r STTK?"}]},{"@type":"WebSite","@id":"https:\/\/www.sttk.staging.web-veistamo.fi\/#website","url":"https:\/\/www.sttk.staging.web-veistamo.fi\/","name":"STTK","description":"","publisher":{"@id":"https:\/\/www.sttk.staging.web-veistamo.fi\/#organization"},"potentialAction":[{"@type":"SearchAction","target":{"@type":"EntryPoint","urlTemplate":"https:\/\/www.sttk.staging.web-veistamo.fi\/?s={search_term_string}"},"query-input":{"@type":"PropertyValueSpecification","valueRequired":true,"valueName":"search_term_string"}}],"inLanguage":"sv-SE"},{"@type":"Organization","@id":"https:\/\/www.sttk.staging.web-veistamo.fi\/#organization","name":"STTK","url":"https:\/\/www.sttk.staging.web-veistamo.fi\/","logo":{"@type":"ImageObject","inLanguage":"sv-SE","@id":"https:\/\/www.sttk.staging.web-veistamo.fi\/#\/schema\/logo\/image\/","url":"https:\/\/www.sttk.staging.web-veistamo.fi\/wp-content\/uploads\/sites\/2\/2025\/09\/vector3.svg","contentUrl":"https:\/\/www.sttk.staging.web-veistamo.fi\/wp-content\/uploads\/sites\/2\/2025\/09\/vector3.svg","caption":"STTK"},"image":{"@id":"https:\/\/www.sttk.staging.web-veistamo.fi\/#\/schema\/logo\/image\/"},"sameAs":["https:\/\/www.facebook.com\/#!\/KeskusjarjestoSTTK","https:\/\/x.com\/STTKMikonkatu","http:\/\/www.youtube.com\/user\/protoimihenkilot"]}]}},"_links":{"self":[{"href":"https:\/\/www.sttk.staging.web-veistamo.fi\/sv\/wp-json\/wp\/v2\/pages\/2061","targetHints":{"allow":["GET"]}}],"collection":[{"href":"https:\/\/www.sttk.staging.web-veistamo.fi\/sv\/wp-json\/wp\/v2\/pages"}],"about":[{"href":"https:\/\/www.sttk.staging.web-veistamo.fi\/sv\/wp-json\/wp\/v2\/types\/page"}],"author":[{"embeddable":true,"href":"https:\/\/www.sttk.staging.web-veistamo.fi\/sv\/wp-json\/wp\/v2\/users\/3"}],"replies":[{"embeddable":true,"href":"https:\/\/www.sttk.staging.web-veistamo.fi\/sv\/wp-json\/wp\/v2\/comments?post=2061"}],"version-history":[{"count":10,"href":"https:\/\/www.sttk.staging.web-veistamo.fi\/sv\/wp-json\/wp\/v2\/pages\/2061\/revisions"}],"predecessor-version":[{"id":40391,"href":"https:\/\/www.sttk.staging.web-veistamo.fi\/sv\/wp-json\/wp\/v2\/pages\/2061\/revisions\/40391"}],"wp:attachment":[{"href":"https:\/\/www.sttk.staging.web-veistamo.fi\/sv\/wp-json\/wp\/v2\/media?parent=2061"}],"wp:term":[{"taxonomy":"subject","embeddable":true,"href":"https:\/\/www.sttk.staging.web-veistamo.fi\/sv\/wp-json\/wp\/v2\/subject?post=2061"}],"curies":[{"name":"wp","href":"https:\/\/api.w.org\/{rel}","templated":true}]}}