{"id":2091,"date":"2017-06-17T11:15:59","date_gmt":"2017-06-17T08:15:59","guid":{"rendered":"http:\/\/sttk.qa.web-veistamo.fi\/?page_id=2091"},"modified":"2020-12-03T16:01:31","modified_gmt":"2020-12-03T14:01:31","slug":"vaikuttavaa-edunvalvontaa","status":"publish","type":"page","link":"https:\/\/www.sttk.staging.web-veistamo.fi\/sv\/mika-sttk\/vaikuttavaa-edunvalvontaa\/","title":{"rendered":"Effektiv intressebevakning"},"content":{"rendered":"\n<p>V\u00e5r uppgift \u00e4r att finnas med \u00f6verallt d\u00e4r man fattar beslut som p\u00e5verkar v\u00e5ra medlemmars v\u00e4lf\u00e4rd och livskvalitet. V\u00e5r intressebevakning syftar till att p\u00e5verka samh\u00e4llets beslutsfattning, och att delta i utvecklingen av v\u00e5r lagstiftning i v\u00e5r egenskap som part i avtalsr\u00f6relsen. Vi \u00e4r en f\u00f6rnyelseinriktad och politiskt m\u00e5ngfacetterad organisation som aktivt samarbetar med olika samh\u00e4lleliga akt\u00f6rer.<\/p>\n\n\n\n<blockquote class=\"wp-block-quote is-layout-flow wp-block-quote-is-layout-flow\"><p>Vi ger inte ekonomiskt st\u00f6d till partipolitisk verksamhet, och transparent lobbying \u00e4r ett av v\u00e5ra viktiga v\u00e4rden.<\/p><\/blockquote>\n\n\n\n<h4 class=\"wp-block-heading\">\u00d6msesidiga \u00f6verenskommelser<\/h4>\n\n\n\n<p>Finland \u00e4r ett avtalssamh\u00e4lle. Det betyder att man s\u00f6ker ett s\u00e5 brett engagemang som m\u00f6jligt f\u00f6r m\u00e5nga av de faktorer som \u00e4r centrala f\u00f6r v\u00e5rt samh\u00e4lles utveckling. Denna f\u00f6rhandlingsmodell kallas en trepartsf\u00f6rhandling. Den bygger p\u00e5 att s\u00e5v\u00e4l l\u00f6ntagarorganisationer, arbetsgivarorganisationer, som landets regering tillsammans engagerar sig f\u00f6r att fr\u00e4mja de gemensamma m\u00e5ls\u00e4ttningar man \u00f6msesidigt kommit \u00f6verens om vid f\u00f6rhandlingar.<\/p>\n\n\n\n<p>Avtalen f\u00f6reg\u00e5s allts\u00e5 av f\u00f6rhandlingar d\u00e4r respektive part driver sina egna m\u00e5ls\u00e4ttningar. Det slutliga avtalsresultatet \u00e4r alltid en kompromiss av parternas olika m\u00e5ls\u00e4ttningar. Med samarbete n\u00e5r man emellertid alltid flera och l\u00e5ngsiktigare beslut \u00e4n vad vilken som helst av parterna enskilt skulle kunna uppn\u00e5.<\/p>\n\n\n\n<figure class=\"wp-block-image size-large\"><img loading=\"lazy\" decoding=\"async\" width=\"1024\" height=\"683\" src=\"https:\/\/www.sttk.staging.web-veistamo.fi\/wp-content\/uploads\/sites\/2\/2020\/08\/samppa-ja-inka-1024x683.jpg\" alt=\"Ihmiset sopimassa\" class=\"wp-image-27203\" srcset=\"https:\/\/www.sttk.staging.web-veistamo.fi\/wp-content\/uploads\/sites\/2\/2020\/08\/samppa-ja-inka-1024x683.jpg 1024w, https:\/\/www.sttk.staging.web-veistamo.fi\/wp-content\/uploads\/sites\/2\/2020\/08\/samppa-ja-inka-300x200.jpg 300w, https:\/\/www.sttk.staging.web-veistamo.fi\/wp-content\/uploads\/sites\/2\/2020\/08\/samppa-ja-inka-768x512.jpg 768w, https:\/\/www.sttk.staging.web-veistamo.fi\/wp-content\/uploads\/sites\/2\/2020\/08\/samppa-ja-inka-992x661.jpg 992w, https:\/\/www.sttk.staging.web-veistamo.fi\/wp-content\/uploads\/sites\/2\/2020\/08\/samppa-ja-inka-14x8.jpg 14w, https:\/\/www.sttk.staging.web-veistamo.fi\/wp-content\/uploads\/sites\/2\/2020\/08\/samppa-ja-inka.jpg 1200w\" sizes=\"auto, (max-width: 1024px) 100vw, 1024px\" \/><\/figure>\n\n\n\n<h4 class=\"wp-block-heading\">N\u00e4ra dig<\/h4>\n\n\n\n<p>F\u00f6rtroendem\u00e4nnen och arbetsskyddsombuden, dvs. f\u00f6retagens personalrepresentanter, \u00e4r de personer som p\u00e5 bred front utvecklar arbetsgemenskapen tillsammans med arbetsplatsens ledning. De \u00e4r personer som f\u00f6retagets anst\u00e4llda p\u00e5 sin arbetsplats har valt f\u00f6r dessa uppdrag, och de har en direkt l\u00e4nk till det egna fackf\u00f6rbundet. Man kunde egentligen kalla personalrepresentanterna arbetslivets databanker, eftersom de k\u00e4nner den egna branschens arbetsvillkoren som sina egna fickor.<\/p>\n\n\n\n<h4 class=\"wp-block-heading\">Effektiv regionverksamhet<\/h4>\n\n\n\n<p>STTK:s regionala och lokala verksamhet samlar de olika branschernas fackf\u00f6reningsrepresentanter. Verksamheten har som uppgift att verka f\u00f6r en m\u00e5ngsidig och h\u00e5llbar utveckling p\u00e5 olika h\u00e5ll i Finland, f\u00f6r att garantera att det \u00e4ven i framtiden finns arbete f\u00f6r oss finl\u00e4ndare. I denna p\u00e5verkning ing\u00e5r ocks\u00e5 de olika vardagliga \u00e4renden som medlemmarna kan ha, som boende, v\u00e4lf\u00e4rdstj\u00e4nster, utbildning, hindrande av utslagning och till exempel trafikpolitik.<\/p>\n\n\n\n<blockquote class=\"wp-block-quote is-layout-flow wp-block-quote-is-layout-flow\"><p>STTK \u00e4r en konsekvent och m\u00e5linriktad akt\u00f6r, med en r\u00f6st h\u00f6rs och som man lyssnar p\u00e5 i samh\u00e4llsdebatten.<\/p><\/blockquote>\n\n\n\n<h4 class=\"wp-block-heading\">Internationell p\u00e5verkning<\/h4>\n\n\n\n<p>Allt flera av de beslut som ber\u00f6r oss fattas utanf\u00f6r Finlands gr\u00e4nser. Bland annat f\u00e4rdigst\u00e4lls en stor del av arbetslagstiftningen inom EU, d\u00e4r man ocks\u00e5 i allt h\u00f6gre grad skriver de bindande avtal eller rekommendationer som styr verksamheten. STTK deltar i det internationella samarbetet. Vi inriktar oss speciellt p\u00e5 intressebevakning inom Europa med n\u00e4romr\u00e5den, men \u00e4ven globalt. Detta samarbete garanterar en st\u00f6rre genomslagskraft f\u00f6r de m\u00e5ls\u00e4ttningar som vi anser vara viktiga.<\/p>\n","protected":false},"excerpt":{"rendered":"V\u00e5r uppgift \u00e4r att finnas med \u00f6verallt d\u00e4r man fattar beslut som p\u00e5verkar v\u00e5ra medlemmars v\u00e4lf\u00e4rd och livskvalitet&#8230;. ","protected":false},"author":3,"featured_media":21203,"parent":2061,"menu_order":2,"comment_status":"closed","ping_status":"closed","template":"","meta":{"_acf_changed":false,"footnotes":""},"subject":[303,192,228],"class_list":["post-2091","page","type-page","status-publish","has-post-thumbnail","hentry","subject-europeiska-unionen","subject-forhandlande","subject-regionverksamhet"],"acf":{"lead_paragraph":""},"yoast_head":"<!-- This site is optimized with the Yoast SEO plugin v26.5 - https:\/\/yoast.com\/wordpress\/plugins\/seo\/ -->\n<title>STTK tekee vaikuttavaa edunvalvontaa Suomessa ja kansainv\u00e4lisesti<\/title>\n<meta name=\"description\" content=\"Teemme edunvalvontaa sopimustoiminnassa, vaikuttamalla yhteiskunnalliseen p\u00e4\u00e4t\u00f6ksentekoon sek\u00e4 osallistumalla lains\u00e4\u00e4d\u00e4nn\u00f6n kehitt\u00e4miseen. Suomessa monien keskeisten asioiden p\u00e4\u00e4tt\u00e4miseen haetaan mahdollisimman suuren joukon sitoumus. Meit\u00e4 koskevia p\u00e4\u00e4t\u00f6ksi\u00e4 tehd\u00e4\u00e4n yh\u00e4 useammin Suomen rajojen ulkopuolella.\" \/>\n<meta name=\"robots\" content=\"index, follow, max-snippet:-1, max-image-preview:large, max-video-preview:-1\" \/>\n<link rel=\"canonical\" href=\"https:\/\/www.sttk.staging.web-veistamo.fi\/sv\/mika-sttk\/vaikuttavaa-edunvalvontaa\/\" \/>\n<meta property=\"og:locale\" content=\"sv_SE\" \/>\n<meta property=\"og:type\" content=\"article\" \/>\n<meta property=\"og:title\" content=\"STTK tekee vaikuttavaa edunvalvontaa Suomessa ja kansainv\u00e4lisesti\" \/>\n<meta property=\"og:description\" content=\"Teemme edunvalvontaa sopimustoiminnassa, vaikuttamalla yhteiskunnalliseen p\u00e4\u00e4t\u00f6ksentekoon sek\u00e4 osallistumalla lains\u00e4\u00e4d\u00e4nn\u00f6n kehitt\u00e4miseen. Suomessa monien keskeisten asioiden p\u00e4\u00e4tt\u00e4miseen haetaan mahdollisimman suuren joukon sitoumus. Meit\u00e4 koskevia p\u00e4\u00e4t\u00f6ksi\u00e4 tehd\u00e4\u00e4n yh\u00e4 useammin Suomen rajojen ulkopuolella.\" \/>\n<meta property=\"og:url\" content=\"https:\/\/www.sttk.staging.web-veistamo.fi\/sv\/mika-sttk\/vaikuttavaa-edunvalvontaa\/\" \/>\n<meta property=\"og:site_name\" content=\"STTK\" \/>\n<meta property=\"article:publisher\" content=\"https:\/\/www.facebook.com\/#%21%2fKeskusjarjestoSTTK\" \/>\n<meta property=\"article:modified_time\" content=\"2020-12-03T14:01:31+00:00\" \/>\n<meta property=\"og:image\" content=\"https:\/\/www.sttk.staging.web-veistamo.fi\/wp-content\/uploads\/sites\/2\/2018\/11\/naisten_palkkap\u00e4iv\u00e4.jpg\" \/>\n\t<meta property=\"og:image:width\" content=\"1000\" \/>\n\t<meta property=\"og:image:height\" content=\"667\" \/>\n\t<meta property=\"og:image:type\" content=\"image\/jpeg\" \/>\n<meta name=\"twitter:card\" content=\"summary_large_image\" \/>\n<meta name=\"twitter:site\" content=\"@STTKMikonkatu\" \/>\n<meta name=\"twitter:label1\" content=\"Ber\u00e4knad l\u00e4stid\" \/>\n\t<meta name=\"twitter:data1\" content=\"2 minuter\" \/>\n<script type=\"application\/ld+json\" class=\"yoast-schema-graph\">{\"@context\":\"https:\/\/schema.org\",\"@graph\":[{\"@type\":\"WebPage\",\"@id\":\"https:\/\/www.sttk.staging.web-veistamo.fi\/sv\/mika-sttk\/vaikuttavaa-edunvalvontaa\/\",\"url\":\"https:\/\/www.sttk.staging.web-veistamo.fi\/sv\/mika-sttk\/vaikuttavaa-edunvalvontaa\/\",\"name\":\"STTK tekee vaikuttavaa edunvalvontaa Suomessa ja kansainv\u00e4lisesti\",\"isPartOf\":{\"@id\":\"https:\/\/www.sttk.staging.web-veistamo.fi\/#website\"},\"primaryImageOfPage\":{\"@id\":\"https:\/\/www.sttk.staging.web-veistamo.fi\/sv\/mika-sttk\/vaikuttavaa-edunvalvontaa\/#primaryimage\"},\"image\":{\"@id\":\"https:\/\/www.sttk.staging.web-veistamo.fi\/sv\/mika-sttk\/vaikuttavaa-edunvalvontaa\/#primaryimage\"},\"thumbnailUrl\":\"https:\/\/www.sttk.staging.web-veistamo.fi\/wp-content\/uploads\/sites\/2\/2018\/11\/naisten_palkkap\u00e4iv\u00e4.jpg\",\"datePublished\":\"2017-06-17T08:15:59+00:00\",\"dateModified\":\"2020-12-03T14:01:31+00:00\",\"description\":\"Teemme edunvalvontaa sopimustoiminnassa, vaikuttamalla yhteiskunnalliseen p\u00e4\u00e4t\u00f6ksentekoon sek\u00e4 osallistumalla lains\u00e4\u00e4d\u00e4nn\u00f6n kehitt\u00e4miseen. Suomessa monien keskeisten asioiden p\u00e4\u00e4tt\u00e4miseen haetaan mahdollisimman suuren joukon sitoumus. Meit\u00e4 koskevia p\u00e4\u00e4t\u00f6ksi\u00e4 tehd\u00e4\u00e4n yh\u00e4 useammin Suomen rajojen ulkopuolella.\",\"breadcrumb\":{\"@id\":\"https:\/\/www.sttk.staging.web-veistamo.fi\/sv\/mika-sttk\/vaikuttavaa-edunvalvontaa\/#breadcrumb\"},\"inLanguage\":\"sv-SE\",\"potentialAction\":[{\"@type\":\"ReadAction\",\"target\":[\"https:\/\/www.sttk.staging.web-veistamo.fi\/sv\/mika-sttk\/vaikuttavaa-edunvalvontaa\/\"]}]},{\"@type\":\"ImageObject\",\"inLanguage\":\"sv-SE\",\"@id\":\"https:\/\/www.sttk.staging.web-veistamo.fi\/sv\/mika-sttk\/vaikuttavaa-edunvalvontaa\/#primaryimage\",\"url\":\"https:\/\/www.sttk.staging.web-veistamo.fi\/wp-content\/uploads\/sites\/2\/2018\/11\/naisten_palkkap\u00e4iv\u00e4.jpg\",\"contentUrl\":\"https:\/\/www.sttk.staging.web-veistamo.fi\/wp-content\/uploads\/sites\/2\/2018\/11\/naisten_palkkap\u00e4iv\u00e4.jpg\",\"width\":1000,\"height\":667},{\"@type\":\"BreadcrumbList\",\"@id\":\"https:\/\/www.sttk.staging.web-veistamo.fi\/sv\/mika-sttk\/vaikuttavaa-edunvalvontaa\/#breadcrumb\",\"itemListElement\":[{\"@type\":\"ListItem\",\"position\":1,\"name\":\"Home\",\"item\":\"https:\/\/www.sttk.staging.web-veistamo.fi\/sv\/\"},{\"@type\":\"ListItem\",\"position\":2,\"name\":\"Vad \u00e4r STTK?\",\"item\":\"https:\/\/www.sttk.staging.web-veistamo.fi\/sv\/mika-sttk\/\"},{\"@type\":\"ListItem\",\"position\":3,\"name\":\"Effektiv intressebevakning\"}]},{\"@type\":\"WebSite\",\"@id\":\"https:\/\/www.sttk.staging.web-veistamo.fi\/#website\",\"url\":\"https:\/\/www.sttk.staging.web-veistamo.fi\/\",\"name\":\"STTK\",\"description\":\"\",\"publisher\":{\"@id\":\"https:\/\/www.sttk.staging.web-veistamo.fi\/#organization\"},\"potentialAction\":[{\"@type\":\"SearchAction\",\"target\":{\"@type\":\"EntryPoint\",\"urlTemplate\":\"https:\/\/www.sttk.staging.web-veistamo.fi\/?s={search_term_string}\"},\"query-input\":{\"@type\":\"PropertyValueSpecification\",\"valueRequired\":true,\"valueName\":\"search_term_string\"}}],\"inLanguage\":\"sv-SE\"},{\"@type\":\"Organization\",\"@id\":\"https:\/\/www.sttk.staging.web-veistamo.fi\/#organization\",\"name\":\"STTK\",\"url\":\"https:\/\/www.sttk.staging.web-veistamo.fi\/\",\"logo\":{\"@type\":\"ImageObject\",\"inLanguage\":\"sv-SE\",\"@id\":\"https:\/\/www.sttk.staging.web-veistamo.fi\/#\/schema\/logo\/image\/\",\"url\":\"https:\/\/www.sttk.staging.web-veistamo.fi\/wp-content\/uploads\/sites\/2\/2025\/09\/vector3.svg\",\"contentUrl\":\"https:\/\/www.sttk.staging.web-veistamo.fi\/wp-content\/uploads\/sites\/2\/2025\/09\/vector3.svg\",\"caption\":\"STTK\"},\"image\":{\"@id\":\"https:\/\/www.sttk.staging.web-veistamo.fi\/#\/schema\/logo\/image\/\"},\"sameAs\":[\"https:\/\/www.facebook.com\/#!\/KeskusjarjestoSTTK\",\"https:\/\/x.com\/STTKMikonkatu\",\"http:\/\/www.youtube.com\/user\/protoimihenkilot\"]}]}<\/script>\n<!-- \/ Yoast SEO plugin. -->","yoast_head_json":{"title":"STTK tekee vaikuttavaa edunvalvontaa Suomessa ja kansainv\u00e4lisesti","description":"Teemme edunvalvontaa sopimustoiminnassa, vaikuttamalla yhteiskunnalliseen p\u00e4\u00e4t\u00f6ksentekoon sek\u00e4 osallistumalla lains\u00e4\u00e4d\u00e4nn\u00f6n kehitt\u00e4miseen. Suomessa monien keskeisten asioiden p\u00e4\u00e4tt\u00e4miseen haetaan mahdollisimman suuren joukon sitoumus. Meit\u00e4 koskevia p\u00e4\u00e4t\u00f6ksi\u00e4 tehd\u00e4\u00e4n yh\u00e4 useammin Suomen rajojen ulkopuolella.","robots":{"index":"index","follow":"follow","max-snippet":"max-snippet:-1","max-image-preview":"max-image-preview:large","max-video-preview":"max-video-preview:-1"},"canonical":"https:\/\/www.sttk.staging.web-veistamo.fi\/sv\/mika-sttk\/vaikuttavaa-edunvalvontaa\/","og_locale":"sv_SE","og_type":"article","og_title":"STTK tekee vaikuttavaa edunvalvontaa Suomessa ja kansainv\u00e4lisesti","og_description":"Teemme edunvalvontaa sopimustoiminnassa, vaikuttamalla yhteiskunnalliseen p\u00e4\u00e4t\u00f6ksentekoon sek\u00e4 osallistumalla lains\u00e4\u00e4d\u00e4nn\u00f6n kehitt\u00e4miseen. Suomessa monien keskeisten asioiden p\u00e4\u00e4tt\u00e4miseen haetaan mahdollisimman suuren joukon sitoumus. Meit\u00e4 koskevia p\u00e4\u00e4t\u00f6ksi\u00e4 tehd\u00e4\u00e4n yh\u00e4 useammin Suomen rajojen ulkopuolella.","og_url":"https:\/\/www.sttk.staging.web-veistamo.fi\/sv\/mika-sttk\/vaikuttavaa-edunvalvontaa\/","og_site_name":"STTK","article_publisher":"https:\/\/www.facebook.com\/#%21%2fKeskusjarjestoSTTK","article_modified_time":"2020-12-03T14:01:31+00:00","og_image":[{"width":1000,"height":667,"url":"https:\/\/www.sttk.staging.web-veistamo.fi\/wp-content\/uploads\/sites\/2\/2018\/11\/naisten_palkkap\u00e4iv\u00e4.jpg","type":"image\/jpeg"}],"twitter_card":"summary_large_image","twitter_site":"@STTKMikonkatu","twitter_misc":{"Ber\u00e4knad l\u00e4stid":"2 minuter"},"schema":{"@context":"https:\/\/schema.org","@graph":[{"@type":"WebPage","@id":"https:\/\/www.sttk.staging.web-veistamo.fi\/sv\/mika-sttk\/vaikuttavaa-edunvalvontaa\/","url":"https:\/\/www.sttk.staging.web-veistamo.fi\/sv\/mika-sttk\/vaikuttavaa-edunvalvontaa\/","name":"STTK tekee vaikuttavaa edunvalvontaa Suomessa ja kansainv\u00e4lisesti","isPartOf":{"@id":"https:\/\/www.sttk.staging.web-veistamo.fi\/#website"},"primaryImageOfPage":{"@id":"https:\/\/www.sttk.staging.web-veistamo.fi\/sv\/mika-sttk\/vaikuttavaa-edunvalvontaa\/#primaryimage"},"image":{"@id":"https:\/\/www.sttk.staging.web-veistamo.fi\/sv\/mika-sttk\/vaikuttavaa-edunvalvontaa\/#primaryimage"},"thumbnailUrl":"https:\/\/www.sttk.staging.web-veistamo.fi\/wp-content\/uploads\/sites\/2\/2018\/11\/naisten_palkkap\u00e4iv\u00e4.jpg","datePublished":"2017-06-17T08:15:59+00:00","dateModified":"2020-12-03T14:01:31+00:00","description":"Teemme edunvalvontaa sopimustoiminnassa, vaikuttamalla yhteiskunnalliseen p\u00e4\u00e4t\u00f6ksentekoon sek\u00e4 osallistumalla lains\u00e4\u00e4d\u00e4nn\u00f6n kehitt\u00e4miseen. Suomessa monien keskeisten asioiden p\u00e4\u00e4tt\u00e4miseen haetaan mahdollisimman suuren joukon sitoumus. Meit\u00e4 koskevia p\u00e4\u00e4t\u00f6ksi\u00e4 tehd\u00e4\u00e4n yh\u00e4 useammin Suomen rajojen ulkopuolella.","breadcrumb":{"@id":"https:\/\/www.sttk.staging.web-veistamo.fi\/sv\/mika-sttk\/vaikuttavaa-edunvalvontaa\/#breadcrumb"},"inLanguage":"sv-SE","potentialAction":[{"@type":"ReadAction","target":["https:\/\/www.sttk.staging.web-veistamo.fi\/sv\/mika-sttk\/vaikuttavaa-edunvalvontaa\/"]}]},{"@type":"ImageObject","inLanguage":"sv-SE","@id":"https:\/\/www.sttk.staging.web-veistamo.fi\/sv\/mika-sttk\/vaikuttavaa-edunvalvontaa\/#primaryimage","url":"https:\/\/www.sttk.staging.web-veistamo.fi\/wp-content\/uploads\/sites\/2\/2018\/11\/naisten_palkkap\u00e4iv\u00e4.jpg","contentUrl":"https:\/\/www.sttk.staging.web-veistamo.fi\/wp-content\/uploads\/sites\/2\/2018\/11\/naisten_palkkap\u00e4iv\u00e4.jpg","width":1000,"height":667},{"@type":"BreadcrumbList","@id":"https:\/\/www.sttk.staging.web-veistamo.fi\/sv\/mika-sttk\/vaikuttavaa-edunvalvontaa\/#breadcrumb","itemListElement":[{"@type":"ListItem","position":1,"name":"Home","item":"https:\/\/www.sttk.staging.web-veistamo.fi\/sv\/"},{"@type":"ListItem","position":2,"name":"Vad \u00e4r STTK?","item":"https:\/\/www.sttk.staging.web-veistamo.fi\/sv\/mika-sttk\/"},{"@type":"ListItem","position":3,"name":"Effektiv intressebevakning"}]},{"@type":"WebSite","@id":"https:\/\/www.sttk.staging.web-veistamo.fi\/#website","url":"https:\/\/www.sttk.staging.web-veistamo.fi\/","name":"STTK","description":"","publisher":{"@id":"https:\/\/www.sttk.staging.web-veistamo.fi\/#organization"},"potentialAction":[{"@type":"SearchAction","target":{"@type":"EntryPoint","urlTemplate":"https:\/\/www.sttk.staging.web-veistamo.fi\/?s={search_term_string}"},"query-input":{"@type":"PropertyValueSpecification","valueRequired":true,"valueName":"search_term_string"}}],"inLanguage":"sv-SE"},{"@type":"Organization","@id":"https:\/\/www.sttk.staging.web-veistamo.fi\/#organization","name":"STTK","url":"https:\/\/www.sttk.staging.web-veistamo.fi\/","logo":{"@type":"ImageObject","inLanguage":"sv-SE","@id":"https:\/\/www.sttk.staging.web-veistamo.fi\/#\/schema\/logo\/image\/","url":"https:\/\/www.sttk.staging.web-veistamo.fi\/wp-content\/uploads\/sites\/2\/2025\/09\/vector3.svg","contentUrl":"https:\/\/www.sttk.staging.web-veistamo.fi\/wp-content\/uploads\/sites\/2\/2025\/09\/vector3.svg","caption":"STTK"},"image":{"@id":"https:\/\/www.sttk.staging.web-veistamo.fi\/#\/schema\/logo\/image\/"},"sameAs":["https:\/\/www.facebook.com\/#!\/KeskusjarjestoSTTK","https:\/\/x.com\/STTKMikonkatu","http:\/\/www.youtube.com\/user\/protoimihenkilot"]}]}},"_links":{"self":[{"href":"https:\/\/www.sttk.staging.web-veistamo.fi\/sv\/wp-json\/wp\/v2\/pages\/2091","targetHints":{"allow":["GET"]}}],"collection":[{"href":"https:\/\/www.sttk.staging.web-veistamo.fi\/sv\/wp-json\/wp\/v2\/pages"}],"about":[{"href":"https:\/\/www.sttk.staging.web-veistamo.fi\/sv\/wp-json\/wp\/v2\/types\/page"}],"author":[{"embeddable":true,"href":"https:\/\/www.sttk.staging.web-veistamo.fi\/sv\/wp-json\/wp\/v2\/users\/3"}],"replies":[{"embeddable":true,"href":"https:\/\/www.sttk.staging.web-veistamo.fi\/sv\/wp-json\/wp\/v2\/comments?post=2091"}],"version-history":[{"count":10,"href":"https:\/\/www.sttk.staging.web-veistamo.fi\/sv\/wp-json\/wp\/v2\/pages\/2091\/revisions"}],"predecessor-version":[{"id":31180,"href":"https:\/\/www.sttk.staging.web-veistamo.fi\/sv\/wp-json\/wp\/v2\/pages\/2091\/revisions\/31180"}],"up":[{"embeddable":true,"href":"https:\/\/www.sttk.staging.web-veistamo.fi\/sv\/wp-json\/wp\/v2\/pages\/2061"}],"wp:featuredmedia":[{"embeddable":true,"href":"https:\/\/www.sttk.staging.web-veistamo.fi\/sv\/wp-json\/wp\/v2\/media\/21203"}],"wp:attachment":[{"href":"https:\/\/www.sttk.staging.web-veistamo.fi\/sv\/wp-json\/wp\/v2\/media?parent=2091"}],"wp:term":[{"taxonomy":"subject","embeddable":true,"href":"https:\/\/www.sttk.staging.web-veistamo.fi\/sv\/wp-json\/wp\/v2\/subject?post=2091"}],"curies":[{"name":"wp","href":"https:\/\/api.w.org\/{rel}","templated":true}]}}