{"id":2103,"date":"2019-06-18T13:00:29","date_gmt":"2019-06-18T10:00:29","guid":{"rendered":"http:\/\/sttk.qa.web-veistamo.fi\/?page_id=2103"},"modified":"2019-06-18T13:41:04","modified_gmt":"2019-06-18T10:41:04","slug":"sttk-opiskelijat","status":"publish","type":"page","link":"https:\/\/www.sttk.staging.web-veistamo.fi\/sv\/kontakt\/sttk-opiskelijat\/","title":{"rendered":"STTK-Opiskelijat"},"content":{"rendered":"<p>STTK-Opiskelijat \u00e4r de studerandes egna organisation som p\u00e5verkar, deltar, tar st\u00e4llning och informerar. STTK-Opiskelijat arbetar ocks\u00e5 f\u00f6r att f\u00f6rb\u00e4ttra arbetslivskunskaperna hos studerande och unga.<\/p>\n","protected":false},"excerpt":{"rendered":"STTK-Opiskelijat \u00e4r de studerandes egna organisation som p\u00e5verkar, deltar, tar st\u00e4llning och informerar. STTK-Opiskelijat arbetar ocks\u00e5 f\u00f6r att&#8230; ","protected":false},"author":1,"featured_media":20184,"parent":1755,"menu_order":3,"comment_status":"open","ping_status":"open","template":"template-contacts.php","meta":{"_acf_changed":false,"footnotes":""},"subject":[],"class_list":["post-2103","page","type-page","status-publish","has-post-thumbnail","hentry"],"acf":{"lead_paragraph":""},"yoast_head":"<!-- This site is optimized with the Yoast SEO plugin v26.5 - https:\/\/yoast.com\/wordpress\/plugins\/seo\/ -->\n<title>STTK-Opiskelijat - STTK<\/title>\n<meta name=\"description\" content=\"STTK Opiskelijat on opiskelijoiden oma j\u00e4rjest\u00f6, joka vaikuttaa, osallistuu, ottaa kantaa ja tiedottaa. STTK Opiskelijat tekev\u00e4t my\u00f6s ty\u00f6t\u00e4 opiskelijoiden ja nuorten ty\u00f6el\u00e4m\u00e4tiet\u00e4myksen vahvistamiseksi.\" \/>\n<meta name=\"robots\" content=\"index, follow, max-snippet:-1, max-image-preview:large, max-video-preview:-1\" \/>\n<link rel=\"canonical\" href=\"https:\/\/www.sttk.staging.web-veistamo.fi\/sv\/kontakt\/sttk-opiskelijat\/\" \/>\n<meta property=\"og:locale\" content=\"sv_SE\" \/>\n<meta property=\"og:type\" content=\"article\" \/>\n<meta property=\"og:title\" content=\"STTK-Opiskelijat - STTK\" \/>\n<meta property=\"og:description\" content=\"STTK Opiskelijat on opiskelijoiden oma j\u00e4rjest\u00f6, joka vaikuttaa, osallistuu, ottaa kantaa ja tiedottaa. STTK Opiskelijat tekev\u00e4t my\u00f6s ty\u00f6t\u00e4 opiskelijoiden ja nuorten ty\u00f6el\u00e4m\u00e4tiet\u00e4myksen vahvistamiseksi.\" \/>\n<meta property=\"og:url\" content=\"https:\/\/www.sttk.staging.web-veistamo.fi\/sv\/kontakt\/sttk-opiskelijat\/\" \/>\n<meta property=\"og:site_name\" content=\"STTK\" \/>\n<meta property=\"article:publisher\" content=\"https:\/\/www.facebook.com\/#%21%2fKeskusjarjestoSTTK\" \/>\n<meta property=\"article:modified_time\" content=\"2019-06-18T10:41:04+00:00\" \/>\n<meta property=\"og:image\" content=\"https:\/\/www.sttk.staging.web-veistamo.fi\/wp-content\/uploads\/sites\/2\/2019\/04\/STTK-opiskelijat2019.jpg\" \/>\n\t<meta property=\"og:image:width\" content=\"952\" \/>\n\t<meta property=\"og:image:height\" content=\"614\" \/>\n\t<meta property=\"og:image:type\" content=\"image\/jpeg\" \/>\n<meta name=\"twitter:card\" content=\"summary_large_image\" \/>\n<meta name=\"twitter:site\" content=\"@STTKMikonkatu\" \/>\n<script type=\"application\/ld+json\" class=\"yoast-schema-graph\">{\"@context\":\"https:\/\/schema.org\",\"@graph\":[{\"@type\":\"WebPage\",\"@id\":\"https:\/\/www.sttk.staging.web-veistamo.fi\/sv\/kontakt\/sttk-opiskelijat\/\",\"url\":\"https:\/\/www.sttk.staging.web-veistamo.fi\/sv\/kontakt\/sttk-opiskelijat\/\",\"name\":\"STTK-Opiskelijat - STTK\",\"isPartOf\":{\"@id\":\"https:\/\/www.sttk.staging.web-veistamo.fi\/#website\"},\"primaryImageOfPage\":{\"@id\":\"https:\/\/www.sttk.staging.web-veistamo.fi\/sv\/kontakt\/sttk-opiskelijat\/#primaryimage\"},\"image\":{\"@id\":\"https:\/\/www.sttk.staging.web-veistamo.fi\/sv\/kontakt\/sttk-opiskelijat\/#primaryimage\"},\"thumbnailUrl\":\"https:\/\/www.sttk.staging.web-veistamo.fi\/wp-content\/uploads\/sites\/2\/2019\/04\/STTK-opiskelijat2019.jpg\",\"datePublished\":\"2019-06-18T10:00:29+00:00\",\"dateModified\":\"2019-06-18T10:41:04+00:00\",\"description\":\"STTK Opiskelijat on opiskelijoiden oma j\u00e4rjest\u00f6, joka vaikuttaa, osallistuu, ottaa kantaa ja tiedottaa. STTK Opiskelijat tekev\u00e4t my\u00f6s ty\u00f6t\u00e4 opiskelijoiden ja nuorten ty\u00f6el\u00e4m\u00e4tiet\u00e4myksen vahvistamiseksi.\",\"breadcrumb\":{\"@id\":\"https:\/\/www.sttk.staging.web-veistamo.fi\/sv\/kontakt\/sttk-opiskelijat\/#breadcrumb\"},\"inLanguage\":\"sv-SE\",\"potentialAction\":[{\"@type\":\"ReadAction\",\"target\":[\"https:\/\/www.sttk.staging.web-veistamo.fi\/sv\/kontakt\/sttk-opiskelijat\/\"]}]},{\"@type\":\"ImageObject\",\"inLanguage\":\"sv-SE\",\"@id\":\"https:\/\/www.sttk.staging.web-veistamo.fi\/sv\/kontakt\/sttk-opiskelijat\/#primaryimage\",\"url\":\"https:\/\/www.sttk.staging.web-veistamo.fi\/wp-content\/uploads\/sites\/2\/2019\/04\/STTK-opiskelijat2019.jpg\",\"contentUrl\":\"https:\/\/www.sttk.staging.web-veistamo.fi\/wp-content\/uploads\/sites\/2\/2019\/04\/STTK-opiskelijat2019.jpg\",\"width\":952,\"height\":614},{\"@type\":\"BreadcrumbList\",\"@id\":\"https:\/\/www.sttk.staging.web-veistamo.fi\/sv\/kontakt\/sttk-opiskelijat\/#breadcrumb\",\"itemListElement\":[{\"@type\":\"ListItem\",\"position\":1,\"name\":\"Home\",\"item\":\"https:\/\/www.sttk.staging.web-veistamo.fi\/sv\/\"},{\"@type\":\"ListItem\",\"position\":2,\"name\":\"Kontaktuppgifter\",\"item\":\"https:\/\/www.sttk.staging.web-veistamo.fi\/sv\/kontakt\/\"},{\"@type\":\"ListItem\",\"position\":3,\"name\":\"STTK-Opiskelijat\"}]},{\"@type\":\"WebSite\",\"@id\":\"https:\/\/www.sttk.staging.web-veistamo.fi\/#website\",\"url\":\"https:\/\/www.sttk.staging.web-veistamo.fi\/\",\"name\":\"STTK\",\"description\":\"\",\"publisher\":{\"@id\":\"https:\/\/www.sttk.staging.web-veistamo.fi\/#organization\"},\"potentialAction\":[{\"@type\":\"SearchAction\",\"target\":{\"@type\":\"EntryPoint\",\"urlTemplate\":\"https:\/\/www.sttk.staging.web-veistamo.fi\/?s={search_term_string}\"},\"query-input\":{\"@type\":\"PropertyValueSpecification\",\"valueRequired\":true,\"valueName\":\"search_term_string\"}}],\"inLanguage\":\"sv-SE\"},{\"@type\":\"Organization\",\"@id\":\"https:\/\/www.sttk.staging.web-veistamo.fi\/#organization\",\"name\":\"STTK\",\"url\":\"https:\/\/www.sttk.staging.web-veistamo.fi\/\",\"logo\":{\"@type\":\"ImageObject\",\"inLanguage\":\"sv-SE\",\"@id\":\"https:\/\/www.sttk.staging.web-veistamo.fi\/#\/schema\/logo\/image\/\",\"url\":\"https:\/\/www.sttk.staging.web-veistamo.fi\/wp-content\/uploads\/sites\/2\/2025\/09\/vector3.svg\",\"contentUrl\":\"https:\/\/www.sttk.staging.web-veistamo.fi\/wp-content\/uploads\/sites\/2\/2025\/09\/vector3.svg\",\"caption\":\"STTK\"},\"image\":{\"@id\":\"https:\/\/www.sttk.staging.web-veistamo.fi\/#\/schema\/logo\/image\/\"},\"sameAs\":[\"https:\/\/www.facebook.com\/#!\/KeskusjarjestoSTTK\",\"https:\/\/x.com\/STTKMikonkatu\",\"http:\/\/www.youtube.com\/user\/protoimihenkilot\"]}]}<\/script>\n<!-- \/ Yoast SEO plugin. -->","yoast_head_json":{"title":"STTK-Opiskelijat - STTK","description":"STTK Opiskelijat on opiskelijoiden oma j\u00e4rjest\u00f6, joka vaikuttaa, osallistuu, ottaa kantaa ja tiedottaa. STTK Opiskelijat tekev\u00e4t my\u00f6s ty\u00f6t\u00e4 opiskelijoiden ja nuorten ty\u00f6el\u00e4m\u00e4tiet\u00e4myksen vahvistamiseksi.","robots":{"index":"index","follow":"follow","max-snippet":"max-snippet:-1","max-image-preview":"max-image-preview:large","max-video-preview":"max-video-preview:-1"},"canonical":"https:\/\/www.sttk.staging.web-veistamo.fi\/sv\/kontakt\/sttk-opiskelijat\/","og_locale":"sv_SE","og_type":"article","og_title":"STTK-Opiskelijat - STTK","og_description":"STTK Opiskelijat on opiskelijoiden oma j\u00e4rjest\u00f6, joka vaikuttaa, osallistuu, ottaa kantaa ja tiedottaa. STTK Opiskelijat tekev\u00e4t my\u00f6s ty\u00f6t\u00e4 opiskelijoiden ja nuorten ty\u00f6el\u00e4m\u00e4tiet\u00e4myksen vahvistamiseksi.","og_url":"https:\/\/www.sttk.staging.web-veistamo.fi\/sv\/kontakt\/sttk-opiskelijat\/","og_site_name":"STTK","article_publisher":"https:\/\/www.facebook.com\/#%21%2fKeskusjarjestoSTTK","article_modified_time":"2019-06-18T10:41:04+00:00","og_image":[{"width":952,"height":614,"url":"https:\/\/www.sttk.staging.web-veistamo.fi\/wp-content\/uploads\/sites\/2\/2019\/04\/STTK-opiskelijat2019.jpg","type":"image\/jpeg"}],"twitter_card":"summary_large_image","twitter_site":"@STTKMikonkatu","schema":{"@context":"https:\/\/schema.org","@graph":[{"@type":"WebPage","@id":"https:\/\/www.sttk.staging.web-veistamo.fi\/sv\/kontakt\/sttk-opiskelijat\/","url":"https:\/\/www.sttk.staging.web-veistamo.fi\/sv\/kontakt\/sttk-opiskelijat\/","name":"STTK-Opiskelijat - STTK","isPartOf":{"@id":"https:\/\/www.sttk.staging.web-veistamo.fi\/#website"},"primaryImageOfPage":{"@id":"https:\/\/www.sttk.staging.web-veistamo.fi\/sv\/kontakt\/sttk-opiskelijat\/#primaryimage"},"image":{"@id":"https:\/\/www.sttk.staging.web-veistamo.fi\/sv\/kontakt\/sttk-opiskelijat\/#primaryimage"},"thumbnailUrl":"https:\/\/www.sttk.staging.web-veistamo.fi\/wp-content\/uploads\/sites\/2\/2019\/04\/STTK-opiskelijat2019.jpg","datePublished":"2019-06-18T10:00:29+00:00","dateModified":"2019-06-18T10:41:04+00:00","description":"STTK Opiskelijat on opiskelijoiden oma j\u00e4rjest\u00f6, joka vaikuttaa, osallistuu, ottaa kantaa ja tiedottaa. STTK Opiskelijat tekev\u00e4t my\u00f6s ty\u00f6t\u00e4 opiskelijoiden ja nuorten ty\u00f6el\u00e4m\u00e4tiet\u00e4myksen vahvistamiseksi.","breadcrumb":{"@id":"https:\/\/www.sttk.staging.web-veistamo.fi\/sv\/kontakt\/sttk-opiskelijat\/#breadcrumb"},"inLanguage":"sv-SE","potentialAction":[{"@type":"ReadAction","target":["https:\/\/www.sttk.staging.web-veistamo.fi\/sv\/kontakt\/sttk-opiskelijat\/"]}]},{"@type":"ImageObject","inLanguage":"sv-SE","@id":"https:\/\/www.sttk.staging.web-veistamo.fi\/sv\/kontakt\/sttk-opiskelijat\/#primaryimage","url":"https:\/\/www.sttk.staging.web-veistamo.fi\/wp-content\/uploads\/sites\/2\/2019\/04\/STTK-opiskelijat2019.jpg","contentUrl":"https:\/\/www.sttk.staging.web-veistamo.fi\/wp-content\/uploads\/sites\/2\/2019\/04\/STTK-opiskelijat2019.jpg","width":952,"height":614},{"@type":"BreadcrumbList","@id":"https:\/\/www.sttk.staging.web-veistamo.fi\/sv\/kontakt\/sttk-opiskelijat\/#breadcrumb","itemListElement":[{"@type":"ListItem","position":1,"name":"Home","item":"https:\/\/www.sttk.staging.web-veistamo.fi\/sv\/"},{"@type":"ListItem","position":2,"name":"Kontaktuppgifter","item":"https:\/\/www.sttk.staging.web-veistamo.fi\/sv\/kontakt\/"},{"@type":"ListItem","position":3,"name":"STTK-Opiskelijat"}]},{"@type":"WebSite","@id":"https:\/\/www.sttk.staging.web-veistamo.fi\/#website","url":"https:\/\/www.sttk.staging.web-veistamo.fi\/","name":"STTK","description":"","publisher":{"@id":"https:\/\/www.sttk.staging.web-veistamo.fi\/#organization"},"potentialAction":[{"@type":"SearchAction","target":{"@type":"EntryPoint","urlTemplate":"https:\/\/www.sttk.staging.web-veistamo.fi\/?s={search_term_string}"},"query-input":{"@type":"PropertyValueSpecification","valueRequired":true,"valueName":"search_term_string"}}],"inLanguage":"sv-SE"},{"@type":"Organization","@id":"https:\/\/www.sttk.staging.web-veistamo.fi\/#organization","name":"STTK","url":"https:\/\/www.sttk.staging.web-veistamo.fi\/","logo":{"@type":"ImageObject","inLanguage":"sv-SE","@id":"https:\/\/www.sttk.staging.web-veistamo.fi\/#\/schema\/logo\/image\/","url":"https:\/\/www.sttk.staging.web-veistamo.fi\/wp-content\/uploads\/sites\/2\/2025\/09\/vector3.svg","contentUrl":"https:\/\/www.sttk.staging.web-veistamo.fi\/wp-content\/uploads\/sites\/2\/2025\/09\/vector3.svg","caption":"STTK"},"image":{"@id":"https:\/\/www.sttk.staging.web-veistamo.fi\/#\/schema\/logo\/image\/"},"sameAs":["https:\/\/www.facebook.com\/#!\/KeskusjarjestoSTTK","https:\/\/x.com\/STTKMikonkatu","http:\/\/www.youtube.com\/user\/protoimihenkilot"]}]}},"_links":{"self":[{"href":"https:\/\/www.sttk.staging.web-veistamo.fi\/sv\/wp-json\/wp\/v2\/pages\/2103","targetHints":{"allow":["GET"]}}],"collection":[{"href":"https:\/\/www.sttk.staging.web-veistamo.fi\/sv\/wp-json\/wp\/v2\/pages"}],"about":[{"href":"https:\/\/www.sttk.staging.web-veistamo.fi\/sv\/wp-json\/wp\/v2\/types\/page"}],"author":[{"embeddable":true,"href":"https:\/\/www.sttk.staging.web-veistamo.fi\/sv\/wp-json\/wp\/v2\/users\/1"}],"replies":[{"embeddable":true,"href":"https:\/\/www.sttk.staging.web-veistamo.fi\/sv\/wp-json\/wp\/v2\/comments?post=2103"}],"version-history":[{"count":5,"href":"https:\/\/www.sttk.staging.web-veistamo.fi\/sv\/wp-json\/wp\/v2\/pages\/2103\/revisions"}],"predecessor-version":[{"id":21486,"href":"https:\/\/www.sttk.staging.web-veistamo.fi\/sv\/wp-json\/wp\/v2\/pages\/2103\/revisions\/21486"}],"up":[{"embeddable":true,"href":"https:\/\/www.sttk.staging.web-veistamo.fi\/sv\/wp-json\/wp\/v2\/pages\/1755"}],"wp:featuredmedia":[{"embeddable":true,"href":"https:\/\/www.sttk.staging.web-veistamo.fi\/sv\/wp-json\/wp\/v2\/media\/20184"}],"wp:attachment":[{"href":"https:\/\/www.sttk.staging.web-veistamo.fi\/sv\/wp-json\/wp\/v2\/media?parent=2103"}],"wp:term":[{"taxonomy":"subject","embeddable":true,"href":"https:\/\/www.sttk.staging.web-veistamo.fi\/sv\/wp-json\/wp\/v2\/subject?post=2103"}],"curies":[{"name":"wp","href":"https:\/\/api.w.org\/{rel}","templated":true}]}}