{"id":21394,"date":"2019-06-17T11:24:33","date_gmt":"2019-06-17T08:24:33","guid":{"rendered":"https:\/\/sttk.qa.web-veistamo.fi\/?page_id=21394"},"modified":"2019-06-17T11:29:09","modified_gmt":"2019-06-17T08:29:09","slug":"varfor-just-sttk","status":"publish","type":"page","link":"https:\/\/www.sttk.staging.web-veistamo.fi\/sv\/varfor-just-sttk\/","title":{"rendered":"Varf\u00f6r just STTK?"},"content":{"rendered":"<p>Vi inom STTK tror p\u00e5 att framtidens Finland beh\u00f6ver b\u00e5de samarbete och mod f\u00f6r att klara av att f\u00f6rnya sig och n\u00e5 framg\u00e5ng. De b\u00e4sta l\u00f6sningarna och de fr\u00e4schaste id\u00e9erna f\u00f6ds i de utmanande situationerna, i samarbete mellan medlemsorganisationer och intressenter.<\/p>\n<p>Vi betraktar arbetslivet och dess framtid fr\u00e5n individens och samh\u00e4llets synpunkt. Vi st\u00e5r p\u00e5 arbetstagarnas sida, men vi tar ocks\u00e5 hand om dem som st\u00e5r utanf\u00f6r arbetslivet. V\u00e5ra viktigaste m\u00e5l \u00e4r att fr\u00e4mja j\u00e4mlikhet inom arbetslivet, och vi f\u00e4ster s\u00e4rskild uppm\u00e4rksamhet vid de ungas situation inom arbetslivet och i samh\u00e4llet.<\/p>\n","protected":false},"excerpt":{"rendered":"Vi inom STTK tror p\u00e5 att framtidens Finland beh\u00f6ver b\u00e5de samarbete och mod f\u00f6r att klara av att&#8230; ","protected":false},"author":9,"featured_media":0,"parent":0,"menu_order":0,"comment_status":"closed","ping_status":"closed","template":"","meta":{"_acf_changed":false,"footnotes":""},"subject":[212,197,833],"class_list":["post-21394","page","type-page","status-publish","hentry","subject-arbetsliv","subject-jamlikhet","subject-nuoret-sv"],"acf":{"lead_paragraph":""},"yoast_head":"<!-- This site is optimized with the Yoast SEO plugin v26.5 - https:\/\/yoast.com\/wordpress\/plugins\/seo\/ -->\n<title>Varf\u00f6r just STTK? - STTK<\/title>\n<meta name=\"robots\" content=\"index, follow, max-snippet:-1, max-image-preview:large, max-video-preview:-1\" \/>\n<link rel=\"canonical\" href=\"https:\/\/www.sttk.staging.web-veistamo.fi\/sv\/varfor-just-sttk\/\" \/>\n<meta property=\"og:locale\" content=\"sv_SE\" \/>\n<meta property=\"og:type\" content=\"article\" \/>\n<meta property=\"og:title\" content=\"Varf\u00f6r just STTK? - STTK\" \/>\n<meta property=\"og:description\" content=\"Vi inom STTK tror p\u00e5 att framtidens Finland beh\u00f6ver b\u00e5de samarbete och mod f\u00f6r att klara av att...\" \/>\n<meta property=\"og:url\" content=\"https:\/\/www.sttk.staging.web-veistamo.fi\/sv\/varfor-just-sttk\/\" \/>\n<meta property=\"og:site_name\" content=\"STTK\" \/>\n<meta property=\"article:publisher\" content=\"https:\/\/www.facebook.com\/#%21%2fKeskusjarjestoSTTK\" \/>\n<meta property=\"article:modified_time\" content=\"2019-06-17T08:29:09+00:00\" \/>\n<meta property=\"og:image\" content=\"https:\/\/www.sttk.staging.web-veistamo.fi\/wp-content\/uploads\/sites\/2\/2020\/08\/some-logo.png\" \/>\n\t<meta property=\"og:image:width\" content=\"1130\" \/>\n\t<meta property=\"og:image:height\" content=\"682\" \/>\n\t<meta property=\"og:image:type\" content=\"image\/png\" \/>\n<meta name=\"twitter:card\" content=\"summary_large_image\" \/>\n<meta name=\"twitter:site\" content=\"@STTKMikonkatu\" \/>\n<meta name=\"twitter:label1\" content=\"Ber\u00e4knad l\u00e4stid\" \/>\n\t<meta name=\"twitter:data1\" content=\"1 minut\" \/>\n<script type=\"application\/ld+json\" class=\"yoast-schema-graph\">{\"@context\":\"https:\/\/schema.org\",\"@graph\":[{\"@type\":\"WebPage\",\"@id\":\"https:\/\/www.sttk.staging.web-veistamo.fi\/sv\/varfor-just-sttk\/\",\"url\":\"https:\/\/www.sttk.staging.web-veistamo.fi\/sv\/varfor-just-sttk\/\",\"name\":\"Varf\u00f6r just STTK? - STTK\",\"isPartOf\":{\"@id\":\"https:\/\/www.sttk.staging.web-veistamo.fi\/#website\"},\"datePublished\":\"2019-06-17T08:24:33+00:00\",\"dateModified\":\"2019-06-17T08:29:09+00:00\",\"breadcrumb\":{\"@id\":\"https:\/\/www.sttk.staging.web-veistamo.fi\/sv\/varfor-just-sttk\/#breadcrumb\"},\"inLanguage\":\"sv-SE\",\"potentialAction\":[{\"@type\":\"ReadAction\",\"target\":[\"https:\/\/www.sttk.staging.web-veistamo.fi\/sv\/varfor-just-sttk\/\"]}]},{\"@type\":\"BreadcrumbList\",\"@id\":\"https:\/\/www.sttk.staging.web-veistamo.fi\/sv\/varfor-just-sttk\/#breadcrumb\",\"itemListElement\":[{\"@type\":\"ListItem\",\"position\":1,\"name\":\"Home\",\"item\":\"https:\/\/www.sttk.staging.web-veistamo.fi\/sv\/\"},{\"@type\":\"ListItem\",\"position\":2,\"name\":\"Varf\u00f6r just STTK?\"}]},{\"@type\":\"WebSite\",\"@id\":\"https:\/\/www.sttk.staging.web-veistamo.fi\/#website\",\"url\":\"https:\/\/www.sttk.staging.web-veistamo.fi\/\",\"name\":\"STTK\",\"description\":\"\",\"publisher\":{\"@id\":\"https:\/\/www.sttk.staging.web-veistamo.fi\/#organization\"},\"potentialAction\":[{\"@type\":\"SearchAction\",\"target\":{\"@type\":\"EntryPoint\",\"urlTemplate\":\"https:\/\/www.sttk.staging.web-veistamo.fi\/?s={search_term_string}\"},\"query-input\":{\"@type\":\"PropertyValueSpecification\",\"valueRequired\":true,\"valueName\":\"search_term_string\"}}],\"inLanguage\":\"sv-SE\"},{\"@type\":\"Organization\",\"@id\":\"https:\/\/www.sttk.staging.web-veistamo.fi\/#organization\",\"name\":\"STTK\",\"url\":\"https:\/\/www.sttk.staging.web-veistamo.fi\/\",\"logo\":{\"@type\":\"ImageObject\",\"inLanguage\":\"sv-SE\",\"@id\":\"https:\/\/www.sttk.staging.web-veistamo.fi\/#\/schema\/logo\/image\/\",\"url\":\"https:\/\/www.sttk.staging.web-veistamo.fi\/wp-content\/uploads\/sites\/2\/2025\/09\/vector3.svg\",\"contentUrl\":\"https:\/\/www.sttk.staging.web-veistamo.fi\/wp-content\/uploads\/sites\/2\/2025\/09\/vector3.svg\",\"caption\":\"STTK\"},\"image\":{\"@id\":\"https:\/\/www.sttk.staging.web-veistamo.fi\/#\/schema\/logo\/image\/\"},\"sameAs\":[\"https:\/\/www.facebook.com\/#!\/KeskusjarjestoSTTK\",\"https:\/\/x.com\/STTKMikonkatu\",\"http:\/\/www.youtube.com\/user\/protoimihenkilot\"]}]}<\/script>\n<!-- \/ Yoast SEO plugin. -->","yoast_head_json":{"title":"Varf\u00f6r just STTK? - STTK","robots":{"index":"index","follow":"follow","max-snippet":"max-snippet:-1","max-image-preview":"max-image-preview:large","max-video-preview":"max-video-preview:-1"},"canonical":"https:\/\/www.sttk.staging.web-veistamo.fi\/sv\/varfor-just-sttk\/","og_locale":"sv_SE","og_type":"article","og_title":"Varf\u00f6r just STTK? - STTK","og_description":"Vi inom STTK tror p\u00e5 att framtidens Finland beh\u00f6ver b\u00e5de samarbete och mod f\u00f6r att klara av att...","og_url":"https:\/\/www.sttk.staging.web-veistamo.fi\/sv\/varfor-just-sttk\/","og_site_name":"STTK","article_publisher":"https:\/\/www.facebook.com\/#%21%2fKeskusjarjestoSTTK","article_modified_time":"2019-06-17T08:29:09+00:00","og_image":[{"width":1130,"height":682,"url":"https:\/\/www.sttk.staging.web-veistamo.fi\/wp-content\/uploads\/sites\/2\/2020\/08\/some-logo.png","type":"image\/png"}],"twitter_card":"summary_large_image","twitter_site":"@STTKMikonkatu","twitter_misc":{"Ber\u00e4knad l\u00e4stid":"1 minut"},"schema":{"@context":"https:\/\/schema.org","@graph":[{"@type":"WebPage","@id":"https:\/\/www.sttk.staging.web-veistamo.fi\/sv\/varfor-just-sttk\/","url":"https:\/\/www.sttk.staging.web-veistamo.fi\/sv\/varfor-just-sttk\/","name":"Varf\u00f6r just STTK? - STTK","isPartOf":{"@id":"https:\/\/www.sttk.staging.web-veistamo.fi\/#website"},"datePublished":"2019-06-17T08:24:33+00:00","dateModified":"2019-06-17T08:29:09+00:00","breadcrumb":{"@id":"https:\/\/www.sttk.staging.web-veistamo.fi\/sv\/varfor-just-sttk\/#breadcrumb"},"inLanguage":"sv-SE","potentialAction":[{"@type":"ReadAction","target":["https:\/\/www.sttk.staging.web-veistamo.fi\/sv\/varfor-just-sttk\/"]}]},{"@type":"BreadcrumbList","@id":"https:\/\/www.sttk.staging.web-veistamo.fi\/sv\/varfor-just-sttk\/#breadcrumb","itemListElement":[{"@type":"ListItem","position":1,"name":"Home","item":"https:\/\/www.sttk.staging.web-veistamo.fi\/sv\/"},{"@type":"ListItem","position":2,"name":"Varf\u00f6r just STTK?"}]},{"@type":"WebSite","@id":"https:\/\/www.sttk.staging.web-veistamo.fi\/#website","url":"https:\/\/www.sttk.staging.web-veistamo.fi\/","name":"STTK","description":"","publisher":{"@id":"https:\/\/www.sttk.staging.web-veistamo.fi\/#organization"},"potentialAction":[{"@type":"SearchAction","target":{"@type":"EntryPoint","urlTemplate":"https:\/\/www.sttk.staging.web-veistamo.fi\/?s={search_term_string}"},"query-input":{"@type":"PropertyValueSpecification","valueRequired":true,"valueName":"search_term_string"}}],"inLanguage":"sv-SE"},{"@type":"Organization","@id":"https:\/\/www.sttk.staging.web-veistamo.fi\/#organization","name":"STTK","url":"https:\/\/www.sttk.staging.web-veistamo.fi\/","logo":{"@type":"ImageObject","inLanguage":"sv-SE","@id":"https:\/\/www.sttk.staging.web-veistamo.fi\/#\/schema\/logo\/image\/","url":"https:\/\/www.sttk.staging.web-veistamo.fi\/wp-content\/uploads\/sites\/2\/2025\/09\/vector3.svg","contentUrl":"https:\/\/www.sttk.staging.web-veistamo.fi\/wp-content\/uploads\/sites\/2\/2025\/09\/vector3.svg","caption":"STTK"},"image":{"@id":"https:\/\/www.sttk.staging.web-veistamo.fi\/#\/schema\/logo\/image\/"},"sameAs":["https:\/\/www.facebook.com\/#!\/KeskusjarjestoSTTK","https:\/\/x.com\/STTKMikonkatu","http:\/\/www.youtube.com\/user\/protoimihenkilot"]}]}},"_links":{"self":[{"href":"https:\/\/www.sttk.staging.web-veistamo.fi\/sv\/wp-json\/wp\/v2\/pages\/21394","targetHints":{"allow":["GET"]}}],"collection":[{"href":"https:\/\/www.sttk.staging.web-veistamo.fi\/sv\/wp-json\/wp\/v2\/pages"}],"about":[{"href":"https:\/\/www.sttk.staging.web-veistamo.fi\/sv\/wp-json\/wp\/v2\/types\/page"}],"author":[{"embeddable":true,"href":"https:\/\/www.sttk.staging.web-veistamo.fi\/sv\/wp-json\/wp\/v2\/users\/9"}],"replies":[{"embeddable":true,"href":"https:\/\/www.sttk.staging.web-veistamo.fi\/sv\/wp-json\/wp\/v2\/comments?post=21394"}],"version-history":[{"count":1,"href":"https:\/\/www.sttk.staging.web-veistamo.fi\/sv\/wp-json\/wp\/v2\/pages\/21394\/revisions"}],"predecessor-version":[{"id":21396,"href":"https:\/\/www.sttk.staging.web-veistamo.fi\/sv\/wp-json\/wp\/v2\/pages\/21394\/revisions\/21396"}],"wp:attachment":[{"href":"https:\/\/www.sttk.staging.web-veistamo.fi\/sv\/wp-json\/wp\/v2\/media?parent=21394"}],"wp:term":[{"taxonomy":"subject","embeddable":true,"href":"https:\/\/www.sttk.staging.web-veistamo.fi\/sv\/wp-json\/wp\/v2\/subject?post=21394"}],"curies":[{"name":"wp","href":"https:\/\/api.w.org\/{rel}","templated":true}]}}