{"id":21419,"date":"2019-06-17T13:38:37","date_gmt":"2019-06-17T10:38:37","guid":{"rendered":"https:\/\/sttk.qa.web-veistamo.fi\/?page_id=21419"},"modified":"2020-12-03T16:04:44","modified_gmt":"2020-12-03T14:04:44","slug":"de-ungas-rost","status":"publish","type":"page","link":"https:\/\/www.sttk.staging.web-veistamo.fi\/sv\/mika-sttk\/de-ungas-rost\/","title":{"rendered":"De ungas r\u00f6st"},"content":{"rendered":"\n<p>STTK-Opiskelijat t\u00e4nker sig att alla de unga som kommer ut ur v\u00e4rldens b\u00e4sta utbildningssystem ska vara med och utveckla v\u00e5rt dagliga liv b\u00e5de idag och i framtiden, fr\u00e5n vaggan till graven. Vi vill utvecklas och utveckla tillsammans, modigt, oavsett bakgrund och \u00f6vertygelser.<\/p>\n\n\n\n<p>Var och en av oss \u00e4r en v\u00e4rdefull del av v\u00e5rt samh\u00e4lle, oberoende av utbildningsbakgrund.<\/p>\n\n\n\n<figure class=\"wp-block-image size-large\"><img loading=\"lazy\" decoding=\"async\" width=\"1024\" height=\"683\" src=\"https:\/\/www.sttk.staging.web-veistamo.fi\/wp-content\/uploads\/sites\/2\/2020\/08\/saana-1024x683.jpg\" alt=\"Saana Simonen\" class=\"wp-image-27224\" srcset=\"https:\/\/www.sttk.staging.web-veistamo.fi\/wp-content\/uploads\/sites\/2\/2020\/08\/saana-1024x683.jpg 1024w, https:\/\/www.sttk.staging.web-veistamo.fi\/wp-content\/uploads\/sites\/2\/2020\/08\/saana-300x200.jpg 300w, https:\/\/www.sttk.staging.web-veistamo.fi\/wp-content\/uploads\/sites\/2\/2020\/08\/saana-768x512.jpg 768w, https:\/\/www.sttk.staging.web-veistamo.fi\/wp-content\/uploads\/sites\/2\/2020\/08\/saana-992x661.jpg 992w, https:\/\/www.sttk.staging.web-veistamo.fi\/wp-content\/uploads\/sites\/2\/2020\/08\/saana-14x8.jpg 14w, https:\/\/www.sttk.staging.web-veistamo.fi\/wp-content\/uploads\/sites\/2\/2020\/08\/saana.jpg 1200w\" sizes=\"auto, (max-width: 1024px) 100vw, 1024px\" \/><\/figure>\n\n\n\n<p>Snabba f\u00f6r\u00e4ndringar inom arbetslivet \u00e4r vardagsmat f\u00f6r dagens unga. Hela v\u00e5r verksamhet genomsyras av olika slags st\u00f6d som beh\u00f6vs vid b\u00e5de olika livsf\u00f6r\u00e4ndringar och de stora f\u00f6r\u00e4ndringarna som sker ute i v\u00e4rlden. Trots att det \u00e4r den studerande som st\u00e5r i centrum f\u00f6r STTK-Opiskelijas verksamhet betyder det inte att vi skulle gl\u00f6mma de andra finl\u00e4ndarna. V\u00e5rt gemensamma m\u00e5l \u00e4r ett land med inv\u00e5nare som m\u00e5r bra, oavsett \u00e5lder och livssituation.<br>Studierna ska bjuda p\u00e5 en gedigen grund f\u00f6r det tillf\u00e4lle n\u00e4r man tar steget in i arbetslivet f\u00f6r att b\u00f6rja l\u00e4ra sig nytt. Varje individ \u00e4r en v\u00e4rdefull del av v\u00e5rt samh\u00e4lle, oberoende av utbildningsniv\u00e5 eller -inriktning, och alla ska ha r\u00e4tt att lyckas. V\u00e4rldens b\u00e4sta utbildningssystem lyfter den studerande i centrum, och systemet utvecklar sig kontinuerligt f\u00f6r att b\u00e4ttre kunna svara p\u00e5 de utmaningar som den omgivande v\u00e4rlden st\u00e4ller.<\/p>\n\n\n\n<p>STTK-Opiskelijat \u00e4r de som bygger v\u00e5r framtid. Tillsammans bygger vi upp ett r\u00e4ttvisare Finland f\u00f6r oss alla!<\/p>\n","protected":false},"excerpt":{"rendered":"STTK-Opiskelijat t\u00e4nker sig att alla de unga som kommer ut ur v\u00e4rldens b\u00e4sta utbildningssystem ska vara med och&#8230; ","protected":false},"author":9,"featured_media":21421,"parent":2061,"menu_order":5,"comment_status":"closed","ping_status":"closed","template":"","meta":{"_acf_changed":false,"footnotes":""},"subject":[833],"class_list":["post-21419","page","type-page","status-publish","has-post-thumbnail","hentry","subject-nuoret-sv"],"acf":{"lead_paragraph":""},"yoast_head":"<!-- This site is optimized with the Yoast SEO plugin v26.5 - https:\/\/yoast.com\/wordpress\/plugins\/seo\/ -->\n<title>De ungas r\u00f6st - STTK<\/title>\n<meta name=\"robots\" content=\"index, follow, max-snippet:-1, max-image-preview:large, max-video-preview:-1\" \/>\n<link rel=\"canonical\" href=\"https:\/\/www.sttk.staging.web-veistamo.fi\/sv\/mika-sttk\/de-ungas-rost\/\" \/>\n<meta property=\"og:locale\" content=\"sv_SE\" \/>\n<meta property=\"og:type\" content=\"article\" \/>\n<meta property=\"og:title\" content=\"De ungas r\u00f6st - STTK\" \/>\n<meta property=\"og:description\" content=\"STTK-Opiskelijat t\u00e4nker sig att alla de unga som kommer ut ur v\u00e4rldens b\u00e4sta utbildningssystem ska vara med och...\" \/>\n<meta property=\"og:url\" content=\"https:\/\/www.sttk.staging.web-veistamo.fi\/sv\/mika-sttk\/de-ungas-rost\/\" \/>\n<meta property=\"og:site_name\" content=\"STTK\" \/>\n<meta property=\"article:publisher\" content=\"https:\/\/www.facebook.com\/#%21%2fKeskusjarjestoSTTK\" \/>\n<meta property=\"article:modified_time\" content=\"2020-12-03T14:04:44+00:00\" \/>\n<meta property=\"og:image\" content=\"https:\/\/www.sttk.staging.web-veistamo.fi\/wp-content\/uploads\/sites\/2\/2018\/11\/STTKopiskelijat.jpg\" \/>\n\t<meta property=\"og:image:width\" content=\"1000\" \/>\n\t<meta property=\"og:image:height\" content=\"652\" \/>\n\t<meta property=\"og:image:type\" content=\"image\/jpeg\" \/>\n<meta name=\"twitter:card\" content=\"summary_large_image\" \/>\n<meta name=\"twitter:site\" content=\"@STTKMikonkatu\" \/>\n<meta name=\"twitter:label1\" content=\"Ber\u00e4knad l\u00e4stid\" \/>\n\t<meta name=\"twitter:data1\" content=\"1 minut\" \/>\n<script type=\"application\/ld+json\" class=\"yoast-schema-graph\">{\"@context\":\"https:\/\/schema.org\",\"@graph\":[{\"@type\":\"WebPage\",\"@id\":\"https:\/\/www.sttk.staging.web-veistamo.fi\/sv\/mika-sttk\/de-ungas-rost\/\",\"url\":\"https:\/\/www.sttk.staging.web-veistamo.fi\/sv\/mika-sttk\/de-ungas-rost\/\",\"name\":\"De ungas r\u00f6st - STTK\",\"isPartOf\":{\"@id\":\"https:\/\/www.sttk.staging.web-veistamo.fi\/#website\"},\"primaryImageOfPage\":{\"@id\":\"https:\/\/www.sttk.staging.web-veistamo.fi\/sv\/mika-sttk\/de-ungas-rost\/#primaryimage\"},\"image\":{\"@id\":\"https:\/\/www.sttk.staging.web-veistamo.fi\/sv\/mika-sttk\/de-ungas-rost\/#primaryimage\"},\"thumbnailUrl\":\"https:\/\/www.sttk.staging.web-veistamo.fi\/wp-content\/uploads\/sites\/2\/2018\/11\/STTKopiskelijat.jpg\",\"datePublished\":\"2019-06-17T10:38:37+00:00\",\"dateModified\":\"2020-12-03T14:04:44+00:00\",\"breadcrumb\":{\"@id\":\"https:\/\/www.sttk.staging.web-veistamo.fi\/sv\/mika-sttk\/de-ungas-rost\/#breadcrumb\"},\"inLanguage\":\"sv-SE\",\"potentialAction\":[{\"@type\":\"ReadAction\",\"target\":[\"https:\/\/www.sttk.staging.web-veistamo.fi\/sv\/mika-sttk\/de-ungas-rost\/\"]}]},{\"@type\":\"ImageObject\",\"inLanguage\":\"sv-SE\",\"@id\":\"https:\/\/www.sttk.staging.web-veistamo.fi\/sv\/mika-sttk\/de-ungas-rost\/#primaryimage\",\"url\":\"https:\/\/www.sttk.staging.web-veistamo.fi\/wp-content\/uploads\/sites\/2\/2018\/11\/STTKopiskelijat.jpg\",\"contentUrl\":\"https:\/\/www.sttk.staging.web-veistamo.fi\/wp-content\/uploads\/sites\/2\/2018\/11\/STTKopiskelijat.jpg\",\"width\":1000,\"height\":652},{\"@type\":\"BreadcrumbList\",\"@id\":\"https:\/\/www.sttk.staging.web-veistamo.fi\/sv\/mika-sttk\/de-ungas-rost\/#breadcrumb\",\"itemListElement\":[{\"@type\":\"ListItem\",\"position\":1,\"name\":\"Home\",\"item\":\"https:\/\/www.sttk.staging.web-veistamo.fi\/sv\/\"},{\"@type\":\"ListItem\",\"position\":2,\"name\":\"Vad \u00e4r STTK?\",\"item\":\"https:\/\/www.sttk.staging.web-veistamo.fi\/sv\/mika-sttk\/\"},{\"@type\":\"ListItem\",\"position\":3,\"name\":\"De ungas r\u00f6st\"}]},{\"@type\":\"WebSite\",\"@id\":\"https:\/\/www.sttk.staging.web-veistamo.fi\/#website\",\"url\":\"https:\/\/www.sttk.staging.web-veistamo.fi\/\",\"name\":\"STTK\",\"description\":\"\",\"publisher\":{\"@id\":\"https:\/\/www.sttk.staging.web-veistamo.fi\/#organization\"},\"potentialAction\":[{\"@type\":\"SearchAction\",\"target\":{\"@type\":\"EntryPoint\",\"urlTemplate\":\"https:\/\/www.sttk.staging.web-veistamo.fi\/?s={search_term_string}\"},\"query-input\":{\"@type\":\"PropertyValueSpecification\",\"valueRequired\":true,\"valueName\":\"search_term_string\"}}],\"inLanguage\":\"sv-SE\"},{\"@type\":\"Organization\",\"@id\":\"https:\/\/www.sttk.staging.web-veistamo.fi\/#organization\",\"name\":\"STTK\",\"url\":\"https:\/\/www.sttk.staging.web-veistamo.fi\/\",\"logo\":{\"@type\":\"ImageObject\",\"inLanguage\":\"sv-SE\",\"@id\":\"https:\/\/www.sttk.staging.web-veistamo.fi\/#\/schema\/logo\/image\/\",\"url\":\"https:\/\/www.sttk.staging.web-veistamo.fi\/wp-content\/uploads\/sites\/2\/2025\/09\/vector3.svg\",\"contentUrl\":\"https:\/\/www.sttk.staging.web-veistamo.fi\/wp-content\/uploads\/sites\/2\/2025\/09\/vector3.svg\",\"caption\":\"STTK\"},\"image\":{\"@id\":\"https:\/\/www.sttk.staging.web-veistamo.fi\/#\/schema\/logo\/image\/\"},\"sameAs\":[\"https:\/\/www.facebook.com\/#!\/KeskusjarjestoSTTK\",\"https:\/\/x.com\/STTKMikonkatu\",\"http:\/\/www.youtube.com\/user\/protoimihenkilot\"]}]}<\/script>\n<!-- \/ Yoast SEO plugin. -->","yoast_head_json":{"title":"De ungas r\u00f6st - STTK","robots":{"index":"index","follow":"follow","max-snippet":"max-snippet:-1","max-image-preview":"max-image-preview:large","max-video-preview":"max-video-preview:-1"},"canonical":"https:\/\/www.sttk.staging.web-veistamo.fi\/sv\/mika-sttk\/de-ungas-rost\/","og_locale":"sv_SE","og_type":"article","og_title":"De ungas r\u00f6st - STTK","og_description":"STTK-Opiskelijat t\u00e4nker sig att alla de unga som kommer ut ur v\u00e4rldens b\u00e4sta utbildningssystem ska vara med och...","og_url":"https:\/\/www.sttk.staging.web-veistamo.fi\/sv\/mika-sttk\/de-ungas-rost\/","og_site_name":"STTK","article_publisher":"https:\/\/www.facebook.com\/#%21%2fKeskusjarjestoSTTK","article_modified_time":"2020-12-03T14:04:44+00:00","og_image":[{"width":1000,"height":652,"url":"https:\/\/www.sttk.staging.web-veistamo.fi\/wp-content\/uploads\/sites\/2\/2018\/11\/STTKopiskelijat.jpg","type":"image\/jpeg"}],"twitter_card":"summary_large_image","twitter_site":"@STTKMikonkatu","twitter_misc":{"Ber\u00e4knad l\u00e4stid":"1 minut"},"schema":{"@context":"https:\/\/schema.org","@graph":[{"@type":"WebPage","@id":"https:\/\/www.sttk.staging.web-veistamo.fi\/sv\/mika-sttk\/de-ungas-rost\/","url":"https:\/\/www.sttk.staging.web-veistamo.fi\/sv\/mika-sttk\/de-ungas-rost\/","name":"De ungas r\u00f6st - STTK","isPartOf":{"@id":"https:\/\/www.sttk.staging.web-veistamo.fi\/#website"},"primaryImageOfPage":{"@id":"https:\/\/www.sttk.staging.web-veistamo.fi\/sv\/mika-sttk\/de-ungas-rost\/#primaryimage"},"image":{"@id":"https:\/\/www.sttk.staging.web-veistamo.fi\/sv\/mika-sttk\/de-ungas-rost\/#primaryimage"},"thumbnailUrl":"https:\/\/www.sttk.staging.web-veistamo.fi\/wp-content\/uploads\/sites\/2\/2018\/11\/STTKopiskelijat.jpg","datePublished":"2019-06-17T10:38:37+00:00","dateModified":"2020-12-03T14:04:44+00:00","breadcrumb":{"@id":"https:\/\/www.sttk.staging.web-veistamo.fi\/sv\/mika-sttk\/de-ungas-rost\/#breadcrumb"},"inLanguage":"sv-SE","potentialAction":[{"@type":"ReadAction","target":["https:\/\/www.sttk.staging.web-veistamo.fi\/sv\/mika-sttk\/de-ungas-rost\/"]}]},{"@type":"ImageObject","inLanguage":"sv-SE","@id":"https:\/\/www.sttk.staging.web-veistamo.fi\/sv\/mika-sttk\/de-ungas-rost\/#primaryimage","url":"https:\/\/www.sttk.staging.web-veistamo.fi\/wp-content\/uploads\/sites\/2\/2018\/11\/STTKopiskelijat.jpg","contentUrl":"https:\/\/www.sttk.staging.web-veistamo.fi\/wp-content\/uploads\/sites\/2\/2018\/11\/STTKopiskelijat.jpg","width":1000,"height":652},{"@type":"BreadcrumbList","@id":"https:\/\/www.sttk.staging.web-veistamo.fi\/sv\/mika-sttk\/de-ungas-rost\/#breadcrumb","itemListElement":[{"@type":"ListItem","position":1,"name":"Home","item":"https:\/\/www.sttk.staging.web-veistamo.fi\/sv\/"},{"@type":"ListItem","position":2,"name":"Vad \u00e4r STTK?","item":"https:\/\/www.sttk.staging.web-veistamo.fi\/sv\/mika-sttk\/"},{"@type":"ListItem","position":3,"name":"De ungas r\u00f6st"}]},{"@type":"WebSite","@id":"https:\/\/www.sttk.staging.web-veistamo.fi\/#website","url":"https:\/\/www.sttk.staging.web-veistamo.fi\/","name":"STTK","description":"","publisher":{"@id":"https:\/\/www.sttk.staging.web-veistamo.fi\/#organization"},"potentialAction":[{"@type":"SearchAction","target":{"@type":"EntryPoint","urlTemplate":"https:\/\/www.sttk.staging.web-veistamo.fi\/?s={search_term_string}"},"query-input":{"@type":"PropertyValueSpecification","valueRequired":true,"valueName":"search_term_string"}}],"inLanguage":"sv-SE"},{"@type":"Organization","@id":"https:\/\/www.sttk.staging.web-veistamo.fi\/#organization","name":"STTK","url":"https:\/\/www.sttk.staging.web-veistamo.fi\/","logo":{"@type":"ImageObject","inLanguage":"sv-SE","@id":"https:\/\/www.sttk.staging.web-veistamo.fi\/#\/schema\/logo\/image\/","url":"https:\/\/www.sttk.staging.web-veistamo.fi\/wp-content\/uploads\/sites\/2\/2025\/09\/vector3.svg","contentUrl":"https:\/\/www.sttk.staging.web-veistamo.fi\/wp-content\/uploads\/sites\/2\/2025\/09\/vector3.svg","caption":"STTK"},"image":{"@id":"https:\/\/www.sttk.staging.web-veistamo.fi\/#\/schema\/logo\/image\/"},"sameAs":["https:\/\/www.facebook.com\/#!\/KeskusjarjestoSTTK","https:\/\/x.com\/STTKMikonkatu","http:\/\/www.youtube.com\/user\/protoimihenkilot"]}]}},"_links":{"self":[{"href":"https:\/\/www.sttk.staging.web-veistamo.fi\/sv\/wp-json\/wp\/v2\/pages\/21419","targetHints":{"allow":["GET"]}}],"collection":[{"href":"https:\/\/www.sttk.staging.web-veistamo.fi\/sv\/wp-json\/wp\/v2\/pages"}],"about":[{"href":"https:\/\/www.sttk.staging.web-veistamo.fi\/sv\/wp-json\/wp\/v2\/types\/page"}],"author":[{"embeddable":true,"href":"https:\/\/www.sttk.staging.web-veistamo.fi\/sv\/wp-json\/wp\/v2\/users\/9"}],"replies":[{"embeddable":true,"href":"https:\/\/www.sttk.staging.web-veistamo.fi\/sv\/wp-json\/wp\/v2\/comments?post=21419"}],"version-history":[{"count":2,"href":"https:\/\/www.sttk.staging.web-veistamo.fi\/sv\/wp-json\/wp\/v2\/pages\/21419\/revisions"}],"predecessor-version":[{"id":31182,"href":"https:\/\/www.sttk.staging.web-veistamo.fi\/sv\/wp-json\/wp\/v2\/pages\/21419\/revisions\/31182"}],"up":[{"embeddable":true,"href":"https:\/\/www.sttk.staging.web-veistamo.fi\/sv\/wp-json\/wp\/v2\/pages\/2061"}],"wp:featuredmedia":[{"embeddable":true,"href":"https:\/\/www.sttk.staging.web-veistamo.fi\/sv\/wp-json\/wp\/v2\/media\/21421"}],"wp:attachment":[{"href":"https:\/\/www.sttk.staging.web-veistamo.fi\/sv\/wp-json\/wp\/v2\/media?parent=21419"}],"wp:term":[{"taxonomy":"subject","embeddable":true,"href":"https:\/\/www.sttk.staging.web-veistamo.fi\/sv\/wp-json\/wp\/v2\/subject?post=21419"}],"curies":[{"name":"wp","href":"https:\/\/api.w.org\/{rel}","templated":true}]}}