{"id":21432,"date":"2019-06-17T13:58:48","date_gmt":"2019-06-17T10:58:48","guid":{"rendered":"https:\/\/sttk.qa.web-veistamo.fi\/?page_id=21432"},"modified":"2020-12-03T15:50:32","modified_gmt":"2020-12-03T13:50:32","slug":"rattvis-ekonomi","status":"publish","type":"page","link":"https:\/\/www.sttk.staging.web-veistamo.fi\/sv\/rattvis-ekonomi\/","title":{"rendered":"R\u00e4ttvis ekonomi"},"content":{"rendered":"\n<figure class=\"wp-block-image size-large\"><img loading=\"lazy\" decoding=\"async\" width=\"1024\" height=\"555\" src=\"https:\/\/www.sttk.staging.web-veistamo.fi\/wp-content\/uploads\/sites\/2\/2020\/09\/ilmasto-1024x555.png\" alt=\"ilmasto\" class=\"wp-image-28343\" srcset=\"https:\/\/www.sttk.staging.web-veistamo.fi\/wp-content\/uploads\/sites\/2\/2020\/09\/ilmasto-1024x555.png 1024w, https:\/\/www.sttk.staging.web-veistamo.fi\/wp-content\/uploads\/sites\/2\/2020\/09\/ilmasto-300x163.png 300w, https:\/\/www.sttk.staging.web-veistamo.fi\/wp-content\/uploads\/sites\/2\/2020\/09\/ilmasto-768x416.png 768w, https:\/\/www.sttk.staging.web-veistamo.fi\/wp-content\/uploads\/sites\/2\/2020\/09\/ilmasto-1400x759.png 1400w, https:\/\/www.sttk.staging.web-veistamo.fi\/wp-content\/uploads\/sites\/2\/2020\/09\/ilmasto-992x538.png 992w, https:\/\/www.sttk.staging.web-veistamo.fi\/wp-content\/uploads\/sites\/2\/2020\/09\/ilmasto-14x8.png 14w, https:\/\/www.sttk.staging.web-veistamo.fi\/wp-content\/uploads\/sites\/2\/2020\/09\/ilmasto.png 1476w\" sizes=\"auto, (max-width: 1024px) 100vw, 1024px\" \/><\/figure>\n\n\n\n<p>De finska ekonomiska strukturerna beh\u00f6ver f\u00f6rnyas, kompetensen f\u00f6rb\u00e4ttras och investeringarna \u00f6ka f\u00f6r att vi ska kunna utnyttja v\u00e5r framtida tillv\u00e4xtpotential. Dagens arbetsmarkandsbeslut p\u00e5verkar v\u00e5r syssels\u00e4ttningsgrad \u00e4ven i framtiden, p\u00e5 samma s\u00e4tt som de p\u00e5verkar produktiviteten, konkurrenskraften, k\u00f6pkraften och freden p\u00e5 arbetsmarknaden. Vad Finland beh\u00f6ver \u00e4r en koordinering av finans- och arbetsmarknadspolitiken.<\/p>\n\n\n\n<h3 class=\"wp-block-heading\">Beskattning och ansvar<\/h3>\n\n\n\n<p>En h\u00e5llbar finansiering av v\u00e4lf\u00e4rdsstaten f\u00f6ruts\u00e4tter en stark skattebas. F\u00f6r att kunna s\u00e4kra skatteint\u00e4kterna \u00e4ven framledes beh\u00f6ver beskattningen reformeras. Stigande inkomstskillnader fr\u00e4mjar inte n\u00e5gon h\u00e5llbar samh\u00e4llsutveckling, och skillnaderna kan ha negativa effekter p\u00e5 den ekonomiska tillv\u00e4xten. Beskattningen av arbetstagarnas f\u00f6rv\u00e4rvsinkomster ska g\u00f6ra det intressant och motiverande b\u00e5de att arbeta och att k\u00f6pa arbete. Inkomstbeskattningen f\u00f6r sm\u00e5- och medelinkomsttagare f\u00e5r inte st\u00e5 i v\u00e4gen f\u00f6r deras kompetensutveckling, eller g\u00f6ra det sv\u00e5rare f\u00f6r dem att ta sig an mer kr\u00e4vande arbetsuppgifter.<\/p>\n\n\n\n<p>Gr\u00e5 ekonomi och skattesmitning st\u00e5r som hinder f\u00f6r den fungerade marknadsekonomin och konkurrenskraften i samh\u00e4llet. F\u00f6retagen ska betala sin skatt i det land d\u00e4r de i verkligheten fungerar, inte till skatteparadis. P\u00e5 det s\u00e4ttet b\u00e4r de sin del av ansvaret f\u00f6r samh\u00e4llsutvecklingen.<\/p>\n\n\n\n<h4 class=\"wp-block-heading\">H\u00e5llbar utveckling och klimatf\u00f6r\u00e4ndring<\/h4>\n\n\n\n<p>Finland beh\u00f6ver en klar och tydlig strategi f\u00f6r \u00f6verg\u00e5ng till ett kolfattigt och h\u00e5llbart samh\u00e4lle. En l\u00f6sning vore att till exempel med hj\u00e4lp av byggnadsf\u00f6rordning, offentlig upphandling och olika infrastrukturprojekt fr\u00e4mja och stimulera en \u00f6verg\u00e5ng till f\u00f6rnybara energik\u00e4llor, innovativa och energieffektiva l\u00f6sningar och till\u00e4mpningar som bygger p\u00e5 teknologi och cirkul\u00e4r ekonomi. Om vi lyckas bromsa upp klimatf\u00f6r\u00e4ndringen och satsa p\u00e5 h\u00e5llbar ekonomi \u00f6ppnar det f\u00f6r stora m\u00f6jligheter, men samtidigt kr\u00e4ver det b\u00e5de incitament och krav f\u00f6r att lyckas.<\/p>\n\n\n\n<p>Milj\u00f6- och energiskatter kan anv\u00e4ndas som medel f\u00f6r att styra b\u00e5de individer och samfund i riktning mot en mer h\u00e5llbar verksamhet. Klimatpolitiken borde st\u00e4lla som m\u00e5l att skapa nya arbetsplatser och n\u00e4ringar, samtidigt som man f\u00f6rnyar dem som redan idag existerar. F\u00f6r att detta ska kunna ske kr\u00e4vs det f\u00f6rebyggande \u00e5tg\u00e4rder fr\u00e5n statsmakten, men billig arbetskraft och billiga arbetsvillkor kan aldrig vara de r\u00e4tta medlen medel f\u00f6r att n\u00e5 dessa m\u00e5l.<\/p>\n\n\n\n<h3 class=\"wp-block-heading\">Inflyttning<\/h3>\n\n\n\n<p>Om vi vill trygga Finlands befolkningsstruktur och landets st\u00e4llning som en liten och \u00f6ppen nationalekonomi f\u00f6ruts\u00e4tter det en \u00f6kad inflyttning i landet. Behovspr\u00f6vningen kunde slopas f\u00f6r framtiden, men bara under f\u00f6ruts\u00e4ttning att man s\u00e4kerst\u00e4ller tillr\u00e4ckliga resurser f\u00f6r gransknings\u00e5tg\u00e4rder och \u00f6vervakning. Utl\u00e4ndsk arbetskraft ska bem\u00f6tas lika som all annan arbetskraft. Osaklig dumpning av l\u00f6ner och arbetsvillkor, samt osakligt bem\u00f6tande av arbetstagare godk\u00e4nns inte.<\/p>\n\n\n\n<p>Finland beh\u00f6ver ett brett samh\u00e4llspolitiskt program f\u00f6r inflyttning. Programmet ska omfatta behoven p\u00e5 arbetskraft, med ocks\u00e5 till exempel fr\u00e5gor som g\u00e4ller utbildning och kompetens, verksamhetsmodeller f\u00f6r familjepolitik och kultur, samt finansiering. Satsningar p\u00e5 integrering \u00e5terbetalar sig i form av en h\u00f6gre syssels\u00e4ttning.<\/p>\n","protected":false},"excerpt":{"rendered":"De finska ekonomiska strukturerna beh\u00f6ver f\u00f6rnyas, kompetensen f\u00f6rb\u00e4ttras och investeringarna \u00f6ka f\u00f6r att vi ska kunna utnyttja v\u00e5r&#8230; ","protected":false},"author":9,"featured_media":0,"parent":0,"menu_order":0,"comment_status":"closed","ping_status":"closed","template":"","meta":{"_acf_changed":false,"footnotes":""},"subject":[207,234,312],"class_list":["post-21432","page","type-page","status-publish","hentry","subject-beskattning","subject-invandrare-i-arbetslivet","subject-klimatforandring"],"acf":{"lead_paragraph":""},"yoast_head":"<!-- This site is optimized with the Yoast SEO plugin v26.5 - https:\/\/yoast.com\/wordpress\/plugins\/seo\/ -->\n<title>R\u00e4ttvis ekonomi - STTK<\/title>\n<meta name=\"robots\" content=\"index, follow, max-snippet:-1, max-image-preview:large, max-video-preview:-1\" \/>\n<link rel=\"canonical\" href=\"https:\/\/www.sttk.staging.web-veistamo.fi\/sv\/rattvis-ekonomi\/\" \/>\n<meta property=\"og:locale\" content=\"sv_SE\" \/>\n<meta property=\"og:type\" content=\"article\" \/>\n<meta property=\"og:title\" content=\"R\u00e4ttvis ekonomi - STTK\" \/>\n<meta property=\"og:description\" content=\"De finska ekonomiska strukturerna beh\u00f6ver f\u00f6rnyas, kompetensen f\u00f6rb\u00e4ttras och investeringarna \u00f6ka f\u00f6r att vi ska kunna utnyttja v\u00e5r...\" \/>\n<meta property=\"og:url\" content=\"https:\/\/www.sttk.staging.web-veistamo.fi\/sv\/rattvis-ekonomi\/\" \/>\n<meta property=\"og:site_name\" content=\"STTK\" \/>\n<meta property=\"article:publisher\" content=\"https:\/\/www.facebook.com\/#%21%2fKeskusjarjestoSTTK\" \/>\n<meta property=\"article:modified_time\" content=\"2020-12-03T13:50:32+00:00\" \/>\n<meta property=\"og:image\" content=\"https:\/\/www.sttk.staging.web-veistamo.fi\/wp-content\/uploads\/sites\/2\/2020\/09\/ilmasto-1024x555.png\" \/>\n<meta name=\"twitter:card\" content=\"summary_large_image\" \/>\n<meta name=\"twitter:site\" content=\"@STTKMikonkatu\" \/>\n<meta name=\"twitter:label1\" content=\"Ber\u00e4knad l\u00e4stid\" \/>\n\t<meta name=\"twitter:data1\" content=\"3 minuter\" \/>\n<script type=\"application\/ld+json\" class=\"yoast-schema-graph\">{\"@context\":\"https:\/\/schema.org\",\"@graph\":[{\"@type\":\"WebPage\",\"@id\":\"https:\/\/www.sttk.staging.web-veistamo.fi\/sv\/rattvis-ekonomi\/\",\"url\":\"https:\/\/www.sttk.staging.web-veistamo.fi\/sv\/rattvis-ekonomi\/\",\"name\":\"R\u00e4ttvis ekonomi - STTK\",\"isPartOf\":{\"@id\":\"https:\/\/www.sttk.staging.web-veistamo.fi\/#website\"},\"primaryImageOfPage\":{\"@id\":\"https:\/\/www.sttk.staging.web-veistamo.fi\/sv\/rattvis-ekonomi\/#primaryimage\"},\"image\":{\"@id\":\"https:\/\/www.sttk.staging.web-veistamo.fi\/sv\/rattvis-ekonomi\/#primaryimage\"},\"thumbnailUrl\":\"https:\/\/www.sttk.staging.web-veistamo.fi\/wp-content\/uploads\/sites\/2\/2020\/09\/ilmasto-1024x555.png\",\"datePublished\":\"2019-06-17T10:58:48+00:00\",\"dateModified\":\"2020-12-03T13:50:32+00:00\",\"breadcrumb\":{\"@id\":\"https:\/\/www.sttk.staging.web-veistamo.fi\/sv\/rattvis-ekonomi\/#breadcrumb\"},\"inLanguage\":\"sv-SE\",\"potentialAction\":[{\"@type\":\"ReadAction\",\"target\":[\"https:\/\/www.sttk.staging.web-veistamo.fi\/sv\/rattvis-ekonomi\/\"]}]},{\"@type\":\"ImageObject\",\"inLanguage\":\"sv-SE\",\"@id\":\"https:\/\/www.sttk.staging.web-veistamo.fi\/sv\/rattvis-ekonomi\/#primaryimage\",\"url\":\"https:\/\/www.sttk.staging.web-veistamo.fi\/wp-content\/uploads\/sites\/2\/2020\/09\/ilmasto-1024x555.png\",\"contentUrl\":\"https:\/\/www.sttk.staging.web-veistamo.fi\/wp-content\/uploads\/sites\/2\/2020\/09\/ilmasto-1024x555.png\"},{\"@type\":\"BreadcrumbList\",\"@id\":\"https:\/\/www.sttk.staging.web-veistamo.fi\/sv\/rattvis-ekonomi\/#breadcrumb\",\"itemListElement\":[{\"@type\":\"ListItem\",\"position\":1,\"name\":\"Home\",\"item\":\"https:\/\/www.sttk.staging.web-veistamo.fi\/sv\/\"},{\"@type\":\"ListItem\",\"position\":2,\"name\":\"R\u00e4ttvis ekonomi\"}]},{\"@type\":\"WebSite\",\"@id\":\"https:\/\/www.sttk.staging.web-veistamo.fi\/#website\",\"url\":\"https:\/\/www.sttk.staging.web-veistamo.fi\/\",\"name\":\"STTK\",\"description\":\"\",\"publisher\":{\"@id\":\"https:\/\/www.sttk.staging.web-veistamo.fi\/#organization\"},\"potentialAction\":[{\"@type\":\"SearchAction\",\"target\":{\"@type\":\"EntryPoint\",\"urlTemplate\":\"https:\/\/www.sttk.staging.web-veistamo.fi\/?s={search_term_string}\"},\"query-input\":{\"@type\":\"PropertyValueSpecification\",\"valueRequired\":true,\"valueName\":\"search_term_string\"}}],\"inLanguage\":\"sv-SE\"},{\"@type\":\"Organization\",\"@id\":\"https:\/\/www.sttk.staging.web-veistamo.fi\/#organization\",\"name\":\"STTK\",\"url\":\"https:\/\/www.sttk.staging.web-veistamo.fi\/\",\"logo\":{\"@type\":\"ImageObject\",\"inLanguage\":\"sv-SE\",\"@id\":\"https:\/\/www.sttk.staging.web-veistamo.fi\/#\/schema\/logo\/image\/\",\"url\":\"https:\/\/www.sttk.staging.web-veistamo.fi\/wp-content\/uploads\/sites\/2\/2025\/09\/vector3.svg\",\"contentUrl\":\"https:\/\/www.sttk.staging.web-veistamo.fi\/wp-content\/uploads\/sites\/2\/2025\/09\/vector3.svg\",\"caption\":\"STTK\"},\"image\":{\"@id\":\"https:\/\/www.sttk.staging.web-veistamo.fi\/#\/schema\/logo\/image\/\"},\"sameAs\":[\"https:\/\/www.facebook.com\/#!\/KeskusjarjestoSTTK\",\"https:\/\/x.com\/STTKMikonkatu\",\"http:\/\/www.youtube.com\/user\/protoimihenkilot\"]}]}<\/script>\n<!-- \/ Yoast SEO plugin. -->","yoast_head_json":{"title":"R\u00e4ttvis ekonomi - STTK","robots":{"index":"index","follow":"follow","max-snippet":"max-snippet:-1","max-image-preview":"max-image-preview:large","max-video-preview":"max-video-preview:-1"},"canonical":"https:\/\/www.sttk.staging.web-veistamo.fi\/sv\/rattvis-ekonomi\/","og_locale":"sv_SE","og_type":"article","og_title":"R\u00e4ttvis ekonomi - STTK","og_description":"De finska ekonomiska strukturerna beh\u00f6ver f\u00f6rnyas, kompetensen f\u00f6rb\u00e4ttras och investeringarna \u00f6ka f\u00f6r att vi ska kunna utnyttja v\u00e5r...","og_url":"https:\/\/www.sttk.staging.web-veistamo.fi\/sv\/rattvis-ekonomi\/","og_site_name":"STTK","article_publisher":"https:\/\/www.facebook.com\/#%21%2fKeskusjarjestoSTTK","article_modified_time":"2020-12-03T13:50:32+00:00","og_image":[{"url":"https:\/\/www.sttk.staging.web-veistamo.fi\/wp-content\/uploads\/sites\/2\/2020\/09\/ilmasto-1024x555.png","type":"","width":"","height":""}],"twitter_card":"summary_large_image","twitter_site":"@STTKMikonkatu","twitter_misc":{"Ber\u00e4knad l\u00e4stid":"3 minuter"},"schema":{"@context":"https:\/\/schema.org","@graph":[{"@type":"WebPage","@id":"https:\/\/www.sttk.staging.web-veistamo.fi\/sv\/rattvis-ekonomi\/","url":"https:\/\/www.sttk.staging.web-veistamo.fi\/sv\/rattvis-ekonomi\/","name":"R\u00e4ttvis ekonomi - STTK","isPartOf":{"@id":"https:\/\/www.sttk.staging.web-veistamo.fi\/#website"},"primaryImageOfPage":{"@id":"https:\/\/www.sttk.staging.web-veistamo.fi\/sv\/rattvis-ekonomi\/#primaryimage"},"image":{"@id":"https:\/\/www.sttk.staging.web-veistamo.fi\/sv\/rattvis-ekonomi\/#primaryimage"},"thumbnailUrl":"https:\/\/www.sttk.staging.web-veistamo.fi\/wp-content\/uploads\/sites\/2\/2020\/09\/ilmasto-1024x555.png","datePublished":"2019-06-17T10:58:48+00:00","dateModified":"2020-12-03T13:50:32+00:00","breadcrumb":{"@id":"https:\/\/www.sttk.staging.web-veistamo.fi\/sv\/rattvis-ekonomi\/#breadcrumb"},"inLanguage":"sv-SE","potentialAction":[{"@type":"ReadAction","target":["https:\/\/www.sttk.staging.web-veistamo.fi\/sv\/rattvis-ekonomi\/"]}]},{"@type":"ImageObject","inLanguage":"sv-SE","@id":"https:\/\/www.sttk.staging.web-veistamo.fi\/sv\/rattvis-ekonomi\/#primaryimage","url":"https:\/\/www.sttk.staging.web-veistamo.fi\/wp-content\/uploads\/sites\/2\/2020\/09\/ilmasto-1024x555.png","contentUrl":"https:\/\/www.sttk.staging.web-veistamo.fi\/wp-content\/uploads\/sites\/2\/2020\/09\/ilmasto-1024x555.png"},{"@type":"BreadcrumbList","@id":"https:\/\/www.sttk.staging.web-veistamo.fi\/sv\/rattvis-ekonomi\/#breadcrumb","itemListElement":[{"@type":"ListItem","position":1,"name":"Home","item":"https:\/\/www.sttk.staging.web-veistamo.fi\/sv\/"},{"@type":"ListItem","position":2,"name":"R\u00e4ttvis ekonomi"}]},{"@type":"WebSite","@id":"https:\/\/www.sttk.staging.web-veistamo.fi\/#website","url":"https:\/\/www.sttk.staging.web-veistamo.fi\/","name":"STTK","description":"","publisher":{"@id":"https:\/\/www.sttk.staging.web-veistamo.fi\/#organization"},"potentialAction":[{"@type":"SearchAction","target":{"@type":"EntryPoint","urlTemplate":"https:\/\/www.sttk.staging.web-veistamo.fi\/?s={search_term_string}"},"query-input":{"@type":"PropertyValueSpecification","valueRequired":true,"valueName":"search_term_string"}}],"inLanguage":"sv-SE"},{"@type":"Organization","@id":"https:\/\/www.sttk.staging.web-veistamo.fi\/#organization","name":"STTK","url":"https:\/\/www.sttk.staging.web-veistamo.fi\/","logo":{"@type":"ImageObject","inLanguage":"sv-SE","@id":"https:\/\/www.sttk.staging.web-veistamo.fi\/#\/schema\/logo\/image\/","url":"https:\/\/www.sttk.staging.web-veistamo.fi\/wp-content\/uploads\/sites\/2\/2025\/09\/vector3.svg","contentUrl":"https:\/\/www.sttk.staging.web-veistamo.fi\/wp-content\/uploads\/sites\/2\/2025\/09\/vector3.svg","caption":"STTK"},"image":{"@id":"https:\/\/www.sttk.staging.web-veistamo.fi\/#\/schema\/logo\/image\/"},"sameAs":["https:\/\/www.facebook.com\/#!\/KeskusjarjestoSTTK","https:\/\/x.com\/STTKMikonkatu","http:\/\/www.youtube.com\/user\/protoimihenkilot"]}]}},"_links":{"self":[{"href":"https:\/\/www.sttk.staging.web-veistamo.fi\/sv\/wp-json\/wp\/v2\/pages\/21432","targetHints":{"allow":["GET"]}}],"collection":[{"href":"https:\/\/www.sttk.staging.web-veistamo.fi\/sv\/wp-json\/wp\/v2\/pages"}],"about":[{"href":"https:\/\/www.sttk.staging.web-veistamo.fi\/sv\/wp-json\/wp\/v2\/types\/page"}],"author":[{"embeddable":true,"href":"https:\/\/www.sttk.staging.web-veistamo.fi\/sv\/wp-json\/wp\/v2\/users\/9"}],"replies":[{"embeddable":true,"href":"https:\/\/www.sttk.staging.web-veistamo.fi\/sv\/wp-json\/wp\/v2\/comments?post=21432"}],"version-history":[{"count":2,"href":"https:\/\/www.sttk.staging.web-veistamo.fi\/sv\/wp-json\/wp\/v2\/pages\/21432\/revisions"}],"predecessor-version":[{"id":31174,"href":"https:\/\/www.sttk.staging.web-veistamo.fi\/sv\/wp-json\/wp\/v2\/pages\/21432\/revisions\/31174"}],"wp:attachment":[{"href":"https:\/\/www.sttk.staging.web-veistamo.fi\/sv\/wp-json\/wp\/v2\/media?parent=21432"}],"wp:term":[{"taxonomy":"subject","embeddable":true,"href":"https:\/\/www.sttk.staging.web-veistamo.fi\/sv\/wp-json\/wp\/v2\/subject?post=21432"}],"curies":[{"name":"wp","href":"https:\/\/api.w.org\/{rel}","templated":true}]}}