{"id":43748,"date":"2022-12-07T09:17:13","date_gmt":"2022-12-07T07:17:13","guid":{"rendered":"https:\/\/www.sttk.fi\/?page_id=43748"},"modified":"2025-03-20T10:18:30","modified_gmt":"2025-03-20T08:18:30","slug":"vilka-ar-vi","status":"publish","type":"page","link":"https:\/\/www.sttk.staging.web-veistamo.fi\/sv\/vilka-ar-vi\/","title":{"rendered":"Vilka \u00e4r vi?"},"content":{"rendered":"\n<p class=\"lead-paragraph\">STTK \u00e4r en politiskt obunden och pluralistisk centralorganisation f\u00f6r utbildat yrkesfolk med 12 medlemsf\u00f6rbund och cirka 400 000 medlemmar. Vi f\u00f6retr\u00e4der sakkunniga och specialister p\u00e5 finl\u00e4ndska arbetsplatser. Vi \u00e4r ansvarsfulla, r\u00e4ttvisa och modiga i v\u00e5rt arbete.<\/p>\n\n\n\n<p>Vi tror att arbetslivet utvecklas genom samarbete. Vi skapar perspektiv f\u00f6r framtiden, vi st\u00e4rker dialogen och uppmuntrar att arbeta f\u00f6r ett r\u00e4ttvist arbetsliv.<\/p>\n\n\n\n<p>V\u00e5r vision \u00e4r en v\u00e4lm\u00e5ende och framg\u00e5ngsrik arbetstagare.<\/p>\n\n\n\n<p>V\u00e5rt arbete styrs av j\u00e4mlikhet och r\u00e4ttvisa i arbetslivet. Arbetslivet \u00e4r i b\u00e4sta fall flerst\u00e4mmigt och pluralistiskt. Det utvecklas genom en aktiv dialog, genom att lyssna p\u00e5 olika r\u00f6ster och genom att skapa m\u00f6jligheter till framg\u00e5ng. Vi talar med m\u00e4nniskorna och lyssnar till vilka behov de har.<\/p>\n\n\n\n<p>STTK arbetar p\u00e5 ett ansvarsfullt, transparent och kunskapsbaserat s\u00e4tt. Vi s\u00f6rjer f\u00f6r r\u00e4ttvisa mellan generationerna, arbetsvillkoren och organiseringen. Vi reagerar p\u00e5 f\u00f6r\u00e4ndringar och skapar verktyg f\u00f6r att hantera omst\u00e4llningar.<\/p>\n\n\n\n<figure class=\"wp-block-embed is-type-video is-provider-youtube wp-block-embed-youtube wp-embed-aspect-16-9 wp-has-aspect-ratio\"><div class=\"wp-block-embed__wrapper\">\n<iframe loading=\"lazy\" title=\"Vad \u00e4r STTK?\" width=\"900\" height=\"506\" src=\"https:\/\/www.youtube.com\/embed\/yf5SQtdrGXE?feature=oembed\" frameborder=\"0\" allow=\"accelerometer; autoplay; clipboard-write; encrypted-media; gyroscope; picture-in-picture; web-share\" allowfullscreen><\/iframe>\n<\/div><\/figure>\n\n\n\n<p>Vi g\u00f6r fackf\u00f6reningsr\u00f6relsens arbete och syfte synligt samt st\u00e4rker samverkan och samh\u00f6righet mellan STTK:s akt\u00f6rer. Vi f\u00f6ljer upp v\u00e5rt eget koldioxidavtryck och f\u00f6rs\u00f6ker via v\u00e5ra l\u00f6sningar att minska det.<\/p>\n\n\n\n<div class=\"wp-block-group has-tangerine-background-color has-background is-layout-flow wp-block-group-is-layout-flow\">\n<h2 class=\"wp-block-heading has-white-color has-text-color\">STTK<\/h2>\n\n\n\n<ul class=\"wp-block-list\">\n<li>fr\u00e4mjar j\u00e4mlikhet och j\u00e4mst\u00e4lldhet i arbetslivet<\/li>\n\n\n\n<li>\u00e4r en samh\u00e4llsdebatt\u00f6r som tar initiativ<\/li>\n\n\n\n<li>f\u00f6rst\u00e4rker avtalssamh\u00e4llet<\/li>\n\n\n\n<li>m\u00f6jligg\u00f6r kompetens och v\u00e4lbefinnande f\u00f6r arbetstagaren<\/li>\n\n\n\n<li>utvecklar arbetslagstiftningen, den sociala tryggheten och pensionssystemet<\/li>\n\n\n\n<li>\u00e4r en f\u00f6respr\u00e5kare f\u00f6r fackf\u00f6reningarnas arbete.<\/li>\n<\/ul>\n<\/div>\n","protected":false},"excerpt":{"rendered":"STTK \u00e4r en politiskt obunden och pluralistisk centralorganisation f\u00f6r utbildat yrkesfolk med 12 medlemsf\u00f6rbund och cirka 400 000&#8230; ","protected":false},"author":13,"featured_media":0,"parent":0,"menu_order":3,"comment_status":"closed","ping_status":"closed","template":"","meta":{"_acf_changed":false,"footnotes":""},"subject":[],"class_list":["post-43748","page","type-page","status-publish","hentry"],"acf":{"lead_paragraph":""},"yoast_head":"<!-- This site is optimized with the Yoast SEO plugin v26.5 - https:\/\/yoast.com\/wordpress\/plugins\/seo\/ -->\n<title>Vilka \u00e4r vi? - STTK<\/title>\n<meta name=\"robots\" content=\"index, follow, max-snippet:-1, max-image-preview:large, max-video-preview:-1\" \/>\n<link rel=\"canonical\" href=\"https:\/\/www.sttk.staging.web-veistamo.fi\/sv\/vilka-ar-vi\/\" \/>\n<meta property=\"og:locale\" content=\"sv_SE\" \/>\n<meta property=\"og:type\" content=\"article\" \/>\n<meta property=\"og:title\" content=\"Vilka \u00e4r vi? - STTK\" \/>\n<meta property=\"og:description\" content=\"STTK \u00e4r en politiskt obunden och pluralistisk centralorganisation f\u00f6r utbildat yrkesfolk med 12 medlemsf\u00f6rbund och cirka 400 000...\" \/>\n<meta property=\"og:url\" content=\"https:\/\/www.sttk.staging.web-veistamo.fi\/sv\/vilka-ar-vi\/\" \/>\n<meta property=\"og:site_name\" content=\"STTK\" \/>\n<meta property=\"article:publisher\" content=\"https:\/\/www.facebook.com\/#%21%2fKeskusjarjestoSTTK\" \/>\n<meta property=\"article:modified_time\" content=\"2025-03-20T08:18:30+00:00\" \/>\n<meta property=\"og:image\" content=\"https:\/\/www.sttk.staging.web-veistamo.fi\/wp-content\/uploads\/sites\/2\/2020\/08\/some-logo.png\" \/>\n\t<meta property=\"og:image:width\" content=\"1130\" \/>\n\t<meta property=\"og:image:height\" content=\"682\" \/>\n\t<meta property=\"og:image:type\" content=\"image\/png\" \/>\n<meta name=\"twitter:card\" content=\"summary_large_image\" \/>\n<meta name=\"twitter:site\" content=\"@STTKMikonkatu\" \/>\n<meta name=\"twitter:label1\" content=\"Ber\u00e4knad l\u00e4stid\" \/>\n\t<meta name=\"twitter:data1\" content=\"2 minuter\" \/>\n<script type=\"application\/ld+json\" class=\"yoast-schema-graph\">{\"@context\":\"https:\/\/schema.org\",\"@graph\":[{\"@type\":\"WebPage\",\"@id\":\"https:\/\/www.sttk.staging.web-veistamo.fi\/sv\/vilka-ar-vi\/\",\"url\":\"https:\/\/www.sttk.staging.web-veistamo.fi\/sv\/vilka-ar-vi\/\",\"name\":\"Vilka \u00e4r vi? - STTK\",\"isPartOf\":{\"@id\":\"https:\/\/www.sttk.staging.web-veistamo.fi\/#website\"},\"datePublished\":\"2022-12-07T07:17:13+00:00\",\"dateModified\":\"2025-03-20T08:18:30+00:00\",\"breadcrumb\":{\"@id\":\"https:\/\/www.sttk.staging.web-veistamo.fi\/sv\/vilka-ar-vi\/#breadcrumb\"},\"inLanguage\":\"sv-SE\",\"potentialAction\":[{\"@type\":\"ReadAction\",\"target\":[\"https:\/\/www.sttk.staging.web-veistamo.fi\/sv\/vilka-ar-vi\/\"]}]},{\"@type\":\"BreadcrumbList\",\"@id\":\"https:\/\/www.sttk.staging.web-veistamo.fi\/sv\/vilka-ar-vi\/#breadcrumb\",\"itemListElement\":[{\"@type\":\"ListItem\",\"position\":1,\"name\":\"Home\",\"item\":\"https:\/\/www.sttk.staging.web-veistamo.fi\/sv\/\"},{\"@type\":\"ListItem\",\"position\":2,\"name\":\"Vilka \u00e4r vi?\"}]},{\"@type\":\"WebSite\",\"@id\":\"https:\/\/www.sttk.staging.web-veistamo.fi\/#website\",\"url\":\"https:\/\/www.sttk.staging.web-veistamo.fi\/\",\"name\":\"STTK\",\"description\":\"\",\"publisher\":{\"@id\":\"https:\/\/www.sttk.staging.web-veistamo.fi\/#organization\"},\"potentialAction\":[{\"@type\":\"SearchAction\",\"target\":{\"@type\":\"EntryPoint\",\"urlTemplate\":\"https:\/\/www.sttk.staging.web-veistamo.fi\/?s={search_term_string}\"},\"query-input\":{\"@type\":\"PropertyValueSpecification\",\"valueRequired\":true,\"valueName\":\"search_term_string\"}}],\"inLanguage\":\"sv-SE\"},{\"@type\":\"Organization\",\"@id\":\"https:\/\/www.sttk.staging.web-veistamo.fi\/#organization\",\"name\":\"STTK\",\"url\":\"https:\/\/www.sttk.staging.web-veistamo.fi\/\",\"logo\":{\"@type\":\"ImageObject\",\"inLanguage\":\"sv-SE\",\"@id\":\"https:\/\/www.sttk.staging.web-veistamo.fi\/#\/schema\/logo\/image\/\",\"url\":\"https:\/\/www.sttk.staging.web-veistamo.fi\/wp-content\/uploads\/sites\/2\/2025\/09\/vector3.svg\",\"contentUrl\":\"https:\/\/www.sttk.staging.web-veistamo.fi\/wp-content\/uploads\/sites\/2\/2025\/09\/vector3.svg\",\"caption\":\"STTK\"},\"image\":{\"@id\":\"https:\/\/www.sttk.staging.web-veistamo.fi\/#\/schema\/logo\/image\/\"},\"sameAs\":[\"https:\/\/www.facebook.com\/#!\/KeskusjarjestoSTTK\",\"https:\/\/x.com\/STTKMikonkatu\",\"http:\/\/www.youtube.com\/user\/protoimihenkilot\"]}]}<\/script>\n<!-- \/ Yoast SEO plugin. -->","yoast_head_json":{"title":"Vilka \u00e4r vi? - STTK","robots":{"index":"index","follow":"follow","max-snippet":"max-snippet:-1","max-image-preview":"max-image-preview:large","max-video-preview":"max-video-preview:-1"},"canonical":"https:\/\/www.sttk.staging.web-veistamo.fi\/sv\/vilka-ar-vi\/","og_locale":"sv_SE","og_type":"article","og_title":"Vilka \u00e4r vi? - STTK","og_description":"STTK \u00e4r en politiskt obunden och pluralistisk centralorganisation f\u00f6r utbildat yrkesfolk med 12 medlemsf\u00f6rbund och cirka 400 000...","og_url":"https:\/\/www.sttk.staging.web-veistamo.fi\/sv\/vilka-ar-vi\/","og_site_name":"STTK","article_publisher":"https:\/\/www.facebook.com\/#%21%2fKeskusjarjestoSTTK","article_modified_time":"2025-03-20T08:18:30+00:00","og_image":[{"width":1130,"height":682,"url":"https:\/\/www.sttk.staging.web-veistamo.fi\/wp-content\/uploads\/sites\/2\/2020\/08\/some-logo.png","type":"image\/png"}],"twitter_card":"summary_large_image","twitter_site":"@STTKMikonkatu","twitter_misc":{"Ber\u00e4knad l\u00e4stid":"2 minuter"},"schema":{"@context":"https:\/\/schema.org","@graph":[{"@type":"WebPage","@id":"https:\/\/www.sttk.staging.web-veistamo.fi\/sv\/vilka-ar-vi\/","url":"https:\/\/www.sttk.staging.web-veistamo.fi\/sv\/vilka-ar-vi\/","name":"Vilka \u00e4r vi? - STTK","isPartOf":{"@id":"https:\/\/www.sttk.staging.web-veistamo.fi\/#website"},"datePublished":"2022-12-07T07:17:13+00:00","dateModified":"2025-03-20T08:18:30+00:00","breadcrumb":{"@id":"https:\/\/www.sttk.staging.web-veistamo.fi\/sv\/vilka-ar-vi\/#breadcrumb"},"inLanguage":"sv-SE","potentialAction":[{"@type":"ReadAction","target":["https:\/\/www.sttk.staging.web-veistamo.fi\/sv\/vilka-ar-vi\/"]}]},{"@type":"BreadcrumbList","@id":"https:\/\/www.sttk.staging.web-veistamo.fi\/sv\/vilka-ar-vi\/#breadcrumb","itemListElement":[{"@type":"ListItem","position":1,"name":"Home","item":"https:\/\/www.sttk.staging.web-veistamo.fi\/sv\/"},{"@type":"ListItem","position":2,"name":"Vilka \u00e4r vi?"}]},{"@type":"WebSite","@id":"https:\/\/www.sttk.staging.web-veistamo.fi\/#website","url":"https:\/\/www.sttk.staging.web-veistamo.fi\/","name":"STTK","description":"","publisher":{"@id":"https:\/\/www.sttk.staging.web-veistamo.fi\/#organization"},"potentialAction":[{"@type":"SearchAction","target":{"@type":"EntryPoint","urlTemplate":"https:\/\/www.sttk.staging.web-veistamo.fi\/?s={search_term_string}"},"query-input":{"@type":"PropertyValueSpecification","valueRequired":true,"valueName":"search_term_string"}}],"inLanguage":"sv-SE"},{"@type":"Organization","@id":"https:\/\/www.sttk.staging.web-veistamo.fi\/#organization","name":"STTK","url":"https:\/\/www.sttk.staging.web-veistamo.fi\/","logo":{"@type":"ImageObject","inLanguage":"sv-SE","@id":"https:\/\/www.sttk.staging.web-veistamo.fi\/#\/schema\/logo\/image\/","url":"https:\/\/www.sttk.staging.web-veistamo.fi\/wp-content\/uploads\/sites\/2\/2025\/09\/vector3.svg","contentUrl":"https:\/\/www.sttk.staging.web-veistamo.fi\/wp-content\/uploads\/sites\/2\/2025\/09\/vector3.svg","caption":"STTK"},"image":{"@id":"https:\/\/www.sttk.staging.web-veistamo.fi\/#\/schema\/logo\/image\/"},"sameAs":["https:\/\/www.facebook.com\/#!\/KeskusjarjestoSTTK","https:\/\/x.com\/STTKMikonkatu","http:\/\/www.youtube.com\/user\/protoimihenkilot"]}]}},"_links":{"self":[{"href":"https:\/\/www.sttk.staging.web-veistamo.fi\/sv\/wp-json\/wp\/v2\/pages\/43748","targetHints":{"allow":["GET"]}}],"collection":[{"href":"https:\/\/www.sttk.staging.web-veistamo.fi\/sv\/wp-json\/wp\/v2\/pages"}],"about":[{"href":"https:\/\/www.sttk.staging.web-veistamo.fi\/sv\/wp-json\/wp\/v2\/types\/page"}],"author":[{"embeddable":true,"href":"https:\/\/www.sttk.staging.web-veistamo.fi\/sv\/wp-json\/wp\/v2\/users\/13"}],"replies":[{"embeddable":true,"href":"https:\/\/www.sttk.staging.web-veistamo.fi\/sv\/wp-json\/wp\/v2\/comments?post=43748"}],"version-history":[{"count":5,"href":"https:\/\/www.sttk.staging.web-veistamo.fi\/sv\/wp-json\/wp\/v2\/pages\/43748\/revisions"}],"predecessor-version":[{"id":53630,"href":"https:\/\/www.sttk.staging.web-veistamo.fi\/sv\/wp-json\/wp\/v2\/pages\/43748\/revisions\/53630"}],"wp:attachment":[{"href":"https:\/\/www.sttk.staging.web-veistamo.fi\/sv\/wp-json\/wp\/v2\/media?parent=43748"}],"wp:term":[{"taxonomy":"subject","embeddable":true,"href":"https:\/\/www.sttk.staging.web-veistamo.fi\/sv\/wp-json\/wp\/v2\/subject?post=43748"}],"curies":[{"name":"wp","href":"https:\/\/api.w.org\/{rel}","templated":true}]}}