{"id":43763,"date":"2022-12-07T09:52:09","date_gmt":"2022-12-07T07:52:09","guid":{"rendered":"https:\/\/www.sttk.fi\/?page_id=43763"},"modified":"2025-03-20T10:21:44","modified_gmt":"2025-03-20T08:21:44","slug":"hur-paverkar-vi","status":"publish","type":"page","link":"https:\/\/www.sttk.staging.web-veistamo.fi\/sv\/hur-paverkar-vi\/","title":{"rendered":"Hur p\u00e5verkar vi?"},"content":{"rendered":"\n<p class=\"lead-paragraph\">V\u00e5r uppgift \u00e4r att p\u00e5verka \u00f6verallt d\u00e4r beslut som g\u00e4ller medlemmarnas v\u00e4lf\u00e4rd och livskvalitet fattas. Vi bedriver intressebevakning inom avtalsverksamheten, genom att p\u00e5verka det samh\u00e4lleliga beslutsfattandet och genom att delta i utvecklandet av lagstiftningen. Vi \u00e4r en reformv\u00e4nlig och politiskt pluralistisk organisation som aktivt samarbetar med olika samh\u00e4llsakt\u00f6rer. Vi st\u00f6der inte partipolitiska \u00e5tg\u00e4rder ekonomiskt, och \u00f6ppenhet i lobbyverksamhet \u00e4r ett viktigt v\u00e4rde f\u00f6r oss.<\/p>\n\n\n\n<h2 class=\"wp-block-heading\">Genom debatt<\/h2>\n\n\n\n<p>Insynen i beslutsfattandet i Finland \u00e4r exceptionellt god j\u00e4mf\u00f6rt med resten av v\u00e4rlden. Den g\u00f6r det m\u00f6jligt att f\u00f6ra en bred debatt i v\u00e5rt samh\u00e4lle. STTK vill, i samarbete med andra akt\u00f6rer, f\u00f6ra en debatt om alla de stora fr\u00e5gor som ber\u00f6r medlemmarna, s\u00e5som den \u00e5ldrande befolkningen, den internationella rekryteringen och klimatf\u00f6r\u00e4ndringen. Ut\u00f6ver debatt vill vi erbjuda information, olika verktyg och l\u00f6sningar till st\u00f6d f\u00f6r beslutsfattandet.<\/p>\n\n\n\n<h2 class=\"wp-block-heading\">Avtala tillsammans<\/h2>\n\n\n\n<p>Avtalen f\u00f6reg\u00e5s av f\u00f6rhandlingar d\u00e4r varje part arbetar f\u00f6r sina m\u00e5l. Det f\u00f6rhandlingsresultat som uppn\u00e5tts \u00e4r alltid en kompromiss mellan dessa m\u00e5l. Med samarbete uppn\u00e5s \u00e4nd\u00e5 fler och mer l\u00e5ngsiktiga resultat \u00e4n vad n\u00e5gon part kan \u00e5stadkomma ensam.<\/p>\n\n\n\n<figure class=\"wp-block-image size-large\"><a href=\"https:\/\/www.sttk.staging.web-veistamo.fi\/wp-content\/uploads\/sites\/2\/2020\/08\/samppa-ja-inka.jpg\"><img loading=\"lazy\" decoding=\"async\" width=\"1024\" height=\"683\" src=\"https:\/\/www.sttk.staging.web-veistamo.fi\/wp-content\/uploads\/sites\/2\/2020\/08\/samppa-ja-inka-1024x683.jpg\" alt=\"Ihmiset sopimassa\" class=\"wp-image-27203\" srcset=\"https:\/\/www.sttk.staging.web-veistamo.fi\/wp-content\/uploads\/sites\/2\/2020\/08\/samppa-ja-inka-1024x683.jpg 1024w, https:\/\/www.sttk.staging.web-veistamo.fi\/wp-content\/uploads\/sites\/2\/2020\/08\/samppa-ja-inka-300x200.jpg 300w, https:\/\/www.sttk.staging.web-veistamo.fi\/wp-content\/uploads\/sites\/2\/2020\/08\/samppa-ja-inka-768x512.jpg 768w, https:\/\/www.sttk.staging.web-veistamo.fi\/wp-content\/uploads\/sites\/2\/2020\/08\/samppa-ja-inka-992x661.jpg 992w, https:\/\/www.sttk.staging.web-veistamo.fi\/wp-content\/uploads\/sites\/2\/2020\/08\/samppa-ja-inka-14x8.jpg 14w, https:\/\/www.sttk.staging.web-veistamo.fi\/wp-content\/uploads\/sites\/2\/2020\/08\/samppa-ja-inka.jpg 1200w\" sizes=\"auto, (max-width: 1024px) 100vw, 1024px\" \/><\/a><\/figure>\n\n\n\n<p>Finland \u00e4r ett avtalssamh\u00e4lle, d\u00e4r man s\u00f6ker ett s\u00e5 stort engagemang som m\u00f6jligt f\u00f6r beslut i m\u00e5nga fr\u00e5gor som \u00e4r centrala f\u00f6r samh\u00e4llsutvecklingen. Inom ramen f\u00f6r treparts\u00f6verenskommelsen f\u00f6rbinder sig representanterna f\u00f6r l\u00f6ntagarorganisationerna, arbetsgivarorganisationerna och landets regering att fr\u00e4mja gemensamt f\u00f6rhandlade m\u00e5l.<\/p>\n\n\n\n<h2 class=\"wp-block-heading\">N\u00e4ra varje arbetstagare<\/h2>\n\n\n\n<p>De representanter f\u00f6r personalen som valts p\u00e5 arbetsplatserna, s\u00e5som f\u00f6rtroendem\u00e4n och arbetarskyddsfullm\u00e4ktige, \u00e4r aktivt med i utvecklingen av arbetsgemenskaperna tillsammans med arbetsplatsens ledning. De \u00e4r representanter som valts av arbetstagarna sj\u00e4lva och som har en direkt l\u00e4nk till den egna fackf\u00f6reningen. Personalrepresentanter kan ocks\u00e5 kallas &#8221;arbetslivsdatabaser&#8221;, eftersom de k\u00e4nner till arbetsvillkoren inom sitt omr\u00e5de som sina egna fickor.<\/p>\n\n\n\n<h2 class=\"wp-block-heading\">Stark regional verksamhet<\/h2>\n\n\n\n<p>STTK:s lokala och regionala verksamhet samlar akt\u00f6rer som arbetar inom olika fackomr\u00e5den. Dess uppgift \u00e4r att p\u00e5verka utvecklingen av en m\u00e5ngsidig och h\u00e5llbar n\u00e4ringsstruktur i olika delar av Finland, s\u00e5 att det \u00e4ven i framtiden finns tillr\u00e4ckligt med arbete f\u00f6r finl\u00e4ndarna. Alla fr\u00e5gor som ber\u00f6r medlemmarnas vardag, s\u00e5som boende, v\u00e4lf\u00e4rdstj\u00e4nster, utbildning, f\u00f6rebyggande av marginalisering eller till exempel trafikpolitik, omfattas ocks\u00e5 av p\u00e5verkansarbetet.<\/p>\n\n\n\n<h2 class=\"wp-block-heading\">Internationell p\u00e5verkan<\/h2>\n\n\n\n<p>Beslut som g\u00e4ller oss fattas allt oftare utanf\u00f6r Finlands gr\u00e4nser. Till exempel en stor del av arbetsavtalslagarna tillkommer i EU. P\u00e5 EU-niv\u00e5 produceras i allt h\u00f6gre grad ocks\u00e5 bindande avtal eller rekommendationer som styr verksamheten. STTK samarbetar internationellt, med s\u00e4rskild betoning p\u00e5 intressebevakningen i Europa och n\u00e4rliggande omr\u00e5den, men \u00e4ven globalt. Genom samarbetet s\u00e4kerst\u00e4ller vi en st\u00f6rre p\u00e5verkan i f\u00f6r oss centrala m\u00e5l.<\/p>\n\n\n\n<figure class=\"wp-block-image size-large\"><a href=\"https:\/\/www.sttk.staging.web-veistamo.fi\/wp-content\/uploads\/sites\/2\/2020\/08\/maria-haggman.jpg\"><img loading=\"lazy\" decoding=\"async\" width=\"1024\" height=\"683\" src=\"https:\/\/www.sttk.staging.web-veistamo.fi\/wp-content\/uploads\/sites\/2\/2020\/08\/maria-haggman-1024x683.jpg\" alt=\"Maria-Haggman\" class=\"wp-image-27390\" srcset=\"https:\/\/www.sttk.staging.web-veistamo.fi\/wp-content\/uploads\/sites\/2\/2020\/08\/maria-haggman-1024x683.jpg 1024w, https:\/\/www.sttk.staging.web-veistamo.fi\/wp-content\/uploads\/sites\/2\/2020\/08\/maria-haggman-300x200.jpg 300w, https:\/\/www.sttk.staging.web-veistamo.fi\/wp-content\/uploads\/sites\/2\/2020\/08\/maria-haggman-768x512.jpg 768w, https:\/\/www.sttk.staging.web-veistamo.fi\/wp-content\/uploads\/sites\/2\/2020\/08\/maria-haggman-1400x933.jpg 1400w, https:\/\/www.sttk.staging.web-veistamo.fi\/wp-content\/uploads\/sites\/2\/2020\/08\/maria-haggman-992x661.jpg 992w, https:\/\/www.sttk.staging.web-veistamo.fi\/wp-content\/uploads\/sites\/2\/2020\/08\/maria-haggman-14x8.jpg 14w, https:\/\/www.sttk.staging.web-veistamo.fi\/wp-content\/uploads\/sites\/2\/2020\/08\/maria-haggman.jpg 1500w\" sizes=\"auto, (max-width: 1024px) 100vw, 1024px\" \/><\/a><\/figure>\n","protected":false},"excerpt":{"rendered":"V\u00e5r uppgift \u00e4r att p\u00e5verka \u00f6verallt d\u00e4r beslut som g\u00e4ller medlemmarnas v\u00e4lf\u00e4rd och livskvalitet fattas. Vi bedriver intressebevakning&#8230; ","protected":false},"author":13,"featured_media":0,"parent":0,"menu_order":0,"comment_status":"closed","ping_status":"closed","template":"","meta":{"_acf_changed":false,"footnotes":""},"subject":[303,192,229,319],"class_list":["post-43763","page","type-page","status-publish","hentry","subject-europeiska-unionen","subject-forhandlande","subject-regionutveckling","subject-trepartssamarbete"],"acf":{"lead_paragraph":""},"yoast_head":"<!-- This site is optimized with the Yoast SEO plugin v26.5 - https:\/\/yoast.com\/wordpress\/plugins\/seo\/ -->\n<title>Hur p\u00e5verkar vi? - STTK<\/title>\n<meta name=\"robots\" content=\"index, follow, max-snippet:-1, max-image-preview:large, max-video-preview:-1\" \/>\n<link rel=\"canonical\" href=\"https:\/\/www.sttk.staging.web-veistamo.fi\/sv\/hur-paverkar-vi\/\" \/>\n<meta property=\"og:locale\" content=\"sv_SE\" \/>\n<meta property=\"og:type\" content=\"article\" \/>\n<meta property=\"og:title\" content=\"Hur p\u00e5verkar vi? - STTK\" \/>\n<meta property=\"og:description\" content=\"V\u00e5r uppgift \u00e4r att p\u00e5verka \u00f6verallt d\u00e4r beslut som g\u00e4ller medlemmarnas v\u00e4lf\u00e4rd och livskvalitet fattas. Vi bedriver intressebevakning...\" \/>\n<meta property=\"og:url\" content=\"https:\/\/www.sttk.staging.web-veistamo.fi\/sv\/hur-paverkar-vi\/\" \/>\n<meta property=\"og:site_name\" content=\"STTK\" \/>\n<meta property=\"article:publisher\" content=\"https:\/\/www.facebook.com\/#%21%2fKeskusjarjestoSTTK\" \/>\n<meta property=\"article:modified_time\" content=\"2025-03-20T08:21:44+00:00\" \/>\n<meta property=\"og:image\" content=\"https:\/\/www.sttk.staging.web-veistamo.fi\/wp-content\/uploads\/sites\/2\/2020\/08\/samppa-ja-inka.jpg\" \/>\n\t<meta property=\"og:image:width\" content=\"1200\" \/>\n\t<meta property=\"og:image:height\" content=\"800\" \/>\n\t<meta property=\"og:image:type\" content=\"image\/jpeg\" \/>\n<meta name=\"twitter:card\" content=\"summary_large_image\" \/>\n<meta name=\"twitter:site\" content=\"@STTKMikonkatu\" \/>\n<meta name=\"twitter:label1\" content=\"Ber\u00e4knad l\u00e4stid\" \/>\n\t<meta name=\"twitter:data1\" content=\"3 minuter\" \/>\n<script type=\"application\/ld+json\" class=\"yoast-schema-graph\">{\"@context\":\"https:\/\/schema.org\",\"@graph\":[{\"@type\":\"WebPage\",\"@id\":\"https:\/\/www.sttk.staging.web-veistamo.fi\/sv\/hur-paverkar-vi\/\",\"url\":\"https:\/\/www.sttk.staging.web-veistamo.fi\/sv\/hur-paverkar-vi\/\",\"name\":\"Hur p\u00e5verkar vi? - STTK\",\"isPartOf\":{\"@id\":\"https:\/\/www.sttk.staging.web-veistamo.fi\/#website\"},\"primaryImageOfPage\":{\"@id\":\"https:\/\/www.sttk.staging.web-veistamo.fi\/sv\/hur-paverkar-vi\/#primaryimage\"},\"image\":{\"@id\":\"https:\/\/www.sttk.staging.web-veistamo.fi\/sv\/hur-paverkar-vi\/#primaryimage\"},\"thumbnailUrl\":\"https:\/\/www.sttk.staging.web-veistamo.fi\/wp-content\/uploads\/sites\/2\/2020\/08\/samppa-ja-inka-1024x683.jpg\",\"datePublished\":\"2022-12-07T07:52:09+00:00\",\"dateModified\":\"2025-03-20T08:21:44+00:00\",\"breadcrumb\":{\"@id\":\"https:\/\/www.sttk.staging.web-veistamo.fi\/sv\/hur-paverkar-vi\/#breadcrumb\"},\"inLanguage\":\"sv-SE\",\"potentialAction\":[{\"@type\":\"ReadAction\",\"target\":[\"https:\/\/www.sttk.staging.web-veistamo.fi\/sv\/hur-paverkar-vi\/\"]}]},{\"@type\":\"ImageObject\",\"inLanguage\":\"sv-SE\",\"@id\":\"https:\/\/www.sttk.staging.web-veistamo.fi\/sv\/hur-paverkar-vi\/#primaryimage\",\"url\":\"https:\/\/www.sttk.staging.web-veistamo.fi\/wp-content\/uploads\/sites\/2\/2020\/08\/samppa-ja-inka-1024x683.jpg\",\"contentUrl\":\"https:\/\/www.sttk.staging.web-veistamo.fi\/wp-content\/uploads\/sites\/2\/2020\/08\/samppa-ja-inka-1024x683.jpg\"},{\"@type\":\"BreadcrumbList\",\"@id\":\"https:\/\/www.sttk.staging.web-veistamo.fi\/sv\/hur-paverkar-vi\/#breadcrumb\",\"itemListElement\":[{\"@type\":\"ListItem\",\"position\":1,\"name\":\"Home\",\"item\":\"https:\/\/www.sttk.staging.web-veistamo.fi\/sv\/\"},{\"@type\":\"ListItem\",\"position\":2,\"name\":\"Hur p\u00e5verkar vi?\"}]},{\"@type\":\"WebSite\",\"@id\":\"https:\/\/www.sttk.staging.web-veistamo.fi\/#website\",\"url\":\"https:\/\/www.sttk.staging.web-veistamo.fi\/\",\"name\":\"STTK\",\"description\":\"\",\"publisher\":{\"@id\":\"https:\/\/www.sttk.staging.web-veistamo.fi\/#organization\"},\"potentialAction\":[{\"@type\":\"SearchAction\",\"target\":{\"@type\":\"EntryPoint\",\"urlTemplate\":\"https:\/\/www.sttk.staging.web-veistamo.fi\/?s={search_term_string}\"},\"query-input\":{\"@type\":\"PropertyValueSpecification\",\"valueRequired\":true,\"valueName\":\"search_term_string\"}}],\"inLanguage\":\"sv-SE\"},{\"@type\":\"Organization\",\"@id\":\"https:\/\/www.sttk.staging.web-veistamo.fi\/#organization\",\"name\":\"STTK\",\"url\":\"https:\/\/www.sttk.staging.web-veistamo.fi\/\",\"logo\":{\"@type\":\"ImageObject\",\"inLanguage\":\"sv-SE\",\"@id\":\"https:\/\/www.sttk.staging.web-veistamo.fi\/#\/schema\/logo\/image\/\",\"url\":\"https:\/\/www.sttk.staging.web-veistamo.fi\/wp-content\/uploads\/sites\/2\/2025\/09\/vector3.svg\",\"contentUrl\":\"https:\/\/www.sttk.staging.web-veistamo.fi\/wp-content\/uploads\/sites\/2\/2025\/09\/vector3.svg\",\"caption\":\"STTK\"},\"image\":{\"@id\":\"https:\/\/www.sttk.staging.web-veistamo.fi\/#\/schema\/logo\/image\/\"},\"sameAs\":[\"https:\/\/www.facebook.com\/#!\/KeskusjarjestoSTTK\",\"https:\/\/x.com\/STTKMikonkatu\",\"http:\/\/www.youtube.com\/user\/protoimihenkilot\"]}]}<\/script>\n<!-- \/ Yoast SEO plugin. -->","yoast_head_json":{"title":"Hur p\u00e5verkar vi? - STTK","robots":{"index":"index","follow":"follow","max-snippet":"max-snippet:-1","max-image-preview":"max-image-preview:large","max-video-preview":"max-video-preview:-1"},"canonical":"https:\/\/www.sttk.staging.web-veistamo.fi\/sv\/hur-paverkar-vi\/","og_locale":"sv_SE","og_type":"article","og_title":"Hur p\u00e5verkar vi? - STTK","og_description":"V\u00e5r uppgift \u00e4r att p\u00e5verka \u00f6verallt d\u00e4r beslut som g\u00e4ller medlemmarnas v\u00e4lf\u00e4rd och livskvalitet fattas. Vi bedriver intressebevakning...","og_url":"https:\/\/www.sttk.staging.web-veistamo.fi\/sv\/hur-paverkar-vi\/","og_site_name":"STTK","article_publisher":"https:\/\/www.facebook.com\/#%21%2fKeskusjarjestoSTTK","article_modified_time":"2025-03-20T08:21:44+00:00","og_image":[{"width":1200,"height":800,"url":"https:\/\/www.sttk.staging.web-veistamo.fi\/wp-content\/uploads\/sites\/2\/2020\/08\/samppa-ja-inka.jpg","type":"image\/jpeg"}],"twitter_card":"summary_large_image","twitter_site":"@STTKMikonkatu","twitter_misc":{"Ber\u00e4knad l\u00e4stid":"3 minuter"},"schema":{"@context":"https:\/\/schema.org","@graph":[{"@type":"WebPage","@id":"https:\/\/www.sttk.staging.web-veistamo.fi\/sv\/hur-paverkar-vi\/","url":"https:\/\/www.sttk.staging.web-veistamo.fi\/sv\/hur-paverkar-vi\/","name":"Hur p\u00e5verkar vi? - STTK","isPartOf":{"@id":"https:\/\/www.sttk.staging.web-veistamo.fi\/#website"},"primaryImageOfPage":{"@id":"https:\/\/www.sttk.staging.web-veistamo.fi\/sv\/hur-paverkar-vi\/#primaryimage"},"image":{"@id":"https:\/\/www.sttk.staging.web-veistamo.fi\/sv\/hur-paverkar-vi\/#primaryimage"},"thumbnailUrl":"https:\/\/www.sttk.staging.web-veistamo.fi\/wp-content\/uploads\/sites\/2\/2020\/08\/samppa-ja-inka-1024x683.jpg","datePublished":"2022-12-07T07:52:09+00:00","dateModified":"2025-03-20T08:21:44+00:00","breadcrumb":{"@id":"https:\/\/www.sttk.staging.web-veistamo.fi\/sv\/hur-paverkar-vi\/#breadcrumb"},"inLanguage":"sv-SE","potentialAction":[{"@type":"ReadAction","target":["https:\/\/www.sttk.staging.web-veistamo.fi\/sv\/hur-paverkar-vi\/"]}]},{"@type":"ImageObject","inLanguage":"sv-SE","@id":"https:\/\/www.sttk.staging.web-veistamo.fi\/sv\/hur-paverkar-vi\/#primaryimage","url":"https:\/\/www.sttk.staging.web-veistamo.fi\/wp-content\/uploads\/sites\/2\/2020\/08\/samppa-ja-inka-1024x683.jpg","contentUrl":"https:\/\/www.sttk.staging.web-veistamo.fi\/wp-content\/uploads\/sites\/2\/2020\/08\/samppa-ja-inka-1024x683.jpg"},{"@type":"BreadcrumbList","@id":"https:\/\/www.sttk.staging.web-veistamo.fi\/sv\/hur-paverkar-vi\/#breadcrumb","itemListElement":[{"@type":"ListItem","position":1,"name":"Home","item":"https:\/\/www.sttk.staging.web-veistamo.fi\/sv\/"},{"@type":"ListItem","position":2,"name":"Hur p\u00e5verkar vi?"}]},{"@type":"WebSite","@id":"https:\/\/www.sttk.staging.web-veistamo.fi\/#website","url":"https:\/\/www.sttk.staging.web-veistamo.fi\/","name":"STTK","description":"","publisher":{"@id":"https:\/\/www.sttk.staging.web-veistamo.fi\/#organization"},"potentialAction":[{"@type":"SearchAction","target":{"@type":"EntryPoint","urlTemplate":"https:\/\/www.sttk.staging.web-veistamo.fi\/?s={search_term_string}"},"query-input":{"@type":"PropertyValueSpecification","valueRequired":true,"valueName":"search_term_string"}}],"inLanguage":"sv-SE"},{"@type":"Organization","@id":"https:\/\/www.sttk.staging.web-veistamo.fi\/#organization","name":"STTK","url":"https:\/\/www.sttk.staging.web-veistamo.fi\/","logo":{"@type":"ImageObject","inLanguage":"sv-SE","@id":"https:\/\/www.sttk.staging.web-veistamo.fi\/#\/schema\/logo\/image\/","url":"https:\/\/www.sttk.staging.web-veistamo.fi\/wp-content\/uploads\/sites\/2\/2025\/09\/vector3.svg","contentUrl":"https:\/\/www.sttk.staging.web-veistamo.fi\/wp-content\/uploads\/sites\/2\/2025\/09\/vector3.svg","caption":"STTK"},"image":{"@id":"https:\/\/www.sttk.staging.web-veistamo.fi\/#\/schema\/logo\/image\/"},"sameAs":["https:\/\/www.facebook.com\/#!\/KeskusjarjestoSTTK","https:\/\/x.com\/STTKMikonkatu","http:\/\/www.youtube.com\/user\/protoimihenkilot"]}]}},"_links":{"self":[{"href":"https:\/\/www.sttk.staging.web-veistamo.fi\/sv\/wp-json\/wp\/v2\/pages\/43763","targetHints":{"allow":["GET"]}}],"collection":[{"href":"https:\/\/www.sttk.staging.web-veistamo.fi\/sv\/wp-json\/wp\/v2\/pages"}],"about":[{"href":"https:\/\/www.sttk.staging.web-veistamo.fi\/sv\/wp-json\/wp\/v2\/types\/page"}],"author":[{"embeddable":true,"href":"https:\/\/www.sttk.staging.web-veistamo.fi\/sv\/wp-json\/wp\/v2\/users\/13"}],"replies":[{"embeddable":true,"href":"https:\/\/www.sttk.staging.web-veistamo.fi\/sv\/wp-json\/wp\/v2\/comments?post=43763"}],"version-history":[{"count":3,"href":"https:\/\/www.sttk.staging.web-veistamo.fi\/sv\/wp-json\/wp\/v2\/pages\/43763\/revisions"}],"predecessor-version":[{"id":53634,"href":"https:\/\/www.sttk.staging.web-veistamo.fi\/sv\/wp-json\/wp\/v2\/pages\/43763\/revisions\/53634"}],"wp:attachment":[{"href":"https:\/\/www.sttk.staging.web-veistamo.fi\/sv\/wp-json\/wp\/v2\/media?parent=43763"}],"wp:term":[{"taxonomy":"subject","embeddable":true,"href":"https:\/\/www.sttk.staging.web-veistamo.fi\/sv\/wp-json\/wp\/v2\/subject?post=43763"}],"curies":[{"name":"wp","href":"https:\/\/api.w.org\/{rel}","templated":true}]}}