{"id":43768,"date":"2022-12-07T10:00:59","date_gmt":"2022-12-07T08:00:59","guid":{"rendered":"https:\/\/www.sttk.fi\/?page_id=43768"},"modified":"2025-03-20T10:28:05","modified_gmt":"2025-03-20T08:28:05","slug":"studerandeverksamhet","status":"publish","type":"page","link":"https:\/\/www.sttk.staging.web-veistamo.fi\/sv\/studerandeverksamhet\/","title":{"rendered":"Studerandeverksamhet"},"content":{"rendered":"\n<p class=\"lead-paragraph\">Intressebevakningen f\u00f6r studerande och unga g\u00f6rs av STTK-Studenter. Deras ordf\u00f6rande arbetar p\u00e5 STTK:s kontor tillsammans med sakkunniga och jurister och f\u00f6r in ungas och studerandes perspektiv i STTK:s dagliga verksamhet. Ordf\u00f6randen f\u00f6r STTK-Studenter h\u00f6r med n\u00e4rvaro- och yttrander\u00e4tt till STTK:s styrelse.<\/p>\n\n\n\n<figure class=\"wp-block-image size-large\"><a href=\"https:\/\/www.sttk.staging.web-veistamo.fi\/wp-content\/uploads\/sites\/2\/2020\/08\/saana.jpg\"><img loading=\"lazy\" decoding=\"async\" width=\"1024\" height=\"683\" src=\"https:\/\/www.sttk.staging.web-veistamo.fi\/wp-content\/uploads\/sites\/2\/2020\/08\/saana-1024x683.jpg\" alt=\"Saana Simonen\" class=\"wp-image-27224\" srcset=\"https:\/\/www.sttk.staging.web-veistamo.fi\/wp-content\/uploads\/sites\/2\/2020\/08\/saana-1024x683.jpg 1024w, https:\/\/www.sttk.staging.web-veistamo.fi\/wp-content\/uploads\/sites\/2\/2020\/08\/saana-300x200.jpg 300w, https:\/\/www.sttk.staging.web-veistamo.fi\/wp-content\/uploads\/sites\/2\/2020\/08\/saana-768x512.jpg 768w, https:\/\/www.sttk.staging.web-veistamo.fi\/wp-content\/uploads\/sites\/2\/2020\/08\/saana-992x661.jpg 992w, https:\/\/www.sttk.staging.web-veistamo.fi\/wp-content\/uploads\/sites\/2\/2020\/08\/saana-14x8.jpg 14w, https:\/\/www.sttk.staging.web-veistamo.fi\/wp-content\/uploads\/sites\/2\/2020\/08\/saana.jpg 1200w\" sizes=\"auto, (max-width: 1024px) 100vw, 1024px\" \/><\/a><\/figure>\n\n\n\n<p>STTK-Studenter ordnar gemensam verksamhet f\u00f6r ungdoms- och studerandeakt\u00f6rerna i STTK:s medlemsorganisationer. Vid den \u00e5rliga <a href=\"https:\/\/sttk.staging.web-veistamo.fi\/vaikuttajavalmennus\/\" target=\"_blank\" rel=\"noreferrer noopener\">Vaikuttajavalmennus (p\u00e5verkanstr\u00e4ning)<\/a> fungerar toppsakkunniga och beslutsfattare inom det finl\u00e4ndska arbetslivet som utbildare. En ung person som deltagit i p\u00e5verkanstr\u00e4ningen f\u00e5r god beredskap f\u00f6r att sk\u00f6ta ansvarsfulla f\u00f6rtroendeuppdrag.<\/p>\n\n\n\n<p>Andra studerande- och ungdomsorganisationer \u00e4r viktiga samarbetspartner f\u00f6r STTK-Studenter. Samarbete sker till exempel mellan unga och studerande i kampanjer f\u00f6r att r\u00f6sta i anslutning till val. Ett viktigt tema f\u00f6r STTK-Studenter \u00e4r att \u00f6ka de ungas arbetslivskunskap och att i samarbete med andra organisationer f\u00f6rs\u00f6ka n\u00e5 ut till s\u00e5 m\u00e5nga ungdomar som m\u00f6jligt som beh\u00f6ver hj\u00e4lp redan under studietiden. STTK:s <a href=\"https:\/\/tyoelamaan.staging.web-veistamo.fi\/sv\/\" target=\"_blank\" rel=\"noreferrer noopener\">Ty\u00f6el\u00e4m\u00e4\u00e4n-material<\/a> har utarbetats i samarbete med de unga.<\/p>\n\n\n\n<h2 class=\"wp-block-heading\">Ungdomars och studerandes r\u00f6st i samh\u00e4llet<\/h2>\n\n\n\n<p>STTK-Studenter \u00e4r en aktiv samh\u00e4llsdebatt\u00f6r, f\u00f6r vilken r\u00e4ttvisa mellan generationerna \u00e4r k\u00e4rnan i all p\u00e5verkan. V\u00e4lm\u00e5ende finl\u00e4ndare oberoende av \u00e5lder och livssituation \u00e4r det gemensamma m\u00e5let f\u00f6r STTK och STTK-Studenter. Arbetslivet m\u00e5ste vara r\u00e4ttvist, j\u00e4mlikt och meningsfullt f\u00f6r en ung person som b\u00f6rjar sin yrkeskarri\u00e4r.<\/p>\n\n\n\n<p>R\u00e4ttvisa i arbetslivet inneb\u00e4r att \u00e4ven den unga personen har r\u00e4tt till arbete och orkar arbeta under hela sin yrkeskarri\u00e4r. Under de senaste \u00e5ren har STTK-Studenter till exempel aktivt tagit upp fr\u00e5gor som g\u00e4ller utslagning och psykisk h\u00e4lsa.<\/p>\n\n\n\n<p>Varje ung person har r\u00e4tt till utbildning av h\u00f6g kvalitet. Studierna ska ge en stark grund f\u00f6r att g\u00e5 ut i arbetslivet och l\u00e4ra sig nya saker. Avgiftsfri utbildning p\u00e5 andra stadiet, en h\u00f6jning av l\u00e4roplikts\u00e5ldern och en studiehandledning med tillr\u00e4ckliga resurser \u00e4r medel f\u00f6r att utveckla den utbildningsm\u00e4ssiga j\u00e4mlikheten.<\/p>\n\n\n\n<p>Det \u00e4r viktigt att finansieringen av pensionssystemet \u00e4r balanserad och att alla garanteras en tillr\u00e4cklig pensionsniv\u00e5. STTK-Studenter deltar i bed\u00f6mningen av f\u00f6r\u00e4ndringar i pensionssystemet ur ett perspektiv av r\u00e4ttvisa mellan generationerna.<\/p>\n\n\n\n<p>STTK-Studenters verksamhet leds av ordf\u00f6randen. Ordf\u00f6randen \u00e4r studerandenas r\u00f6st i aktuella samh\u00e4llsfr\u00e5gor och. Ordf\u00f6randens mandatperiod \u00e4r ett \u00e5r. Om ordf\u00f6randen s\u00e5 \u00f6nskar kan hen anm\u00e4la sig f\u00f6r ytterligare en period. Ordf\u00f6randen v\u00e4ljs p\u00e5 STTK-Studenters \u00e5rliga valm\u00f6te. I \u00e5r \u00e4r ordf\u00f6randen f\u00f6r STTK-Studenter <strong>Lauri Kujala<\/strong>.<\/p>\n","protected":false},"excerpt":{"rendered":"Intressebevakningen f\u00f6r studerande och unga g\u00f6rs av STTK-Studenter. Deras ordf\u00f6rande arbetar p\u00e5 STTK:s kontor tillsammans med sakkunniga och&#8230; ","protected":false},"author":13,"featured_media":0,"parent":0,"menu_order":0,"comment_status":"closed","ping_status":"closed","template":"","meta":{"_acf_changed":false,"footnotes":""},"subject":[833],"class_list":["post-43768","page","type-page","status-publish","hentry","subject-nuoret-sv"],"acf":{"lead_paragraph":""},"yoast_head":"<!-- This site is optimized with the Yoast SEO plugin v26.5 - https:\/\/yoast.com\/wordpress\/plugins\/seo\/ -->\n<title>Studerandeverksamhet - STTK<\/title>\n<meta name=\"robots\" content=\"index, follow, max-snippet:-1, max-image-preview:large, max-video-preview:-1\" \/>\n<link rel=\"canonical\" href=\"https:\/\/www.sttk.staging.web-veistamo.fi\/sv\/studerandeverksamhet\/\" \/>\n<meta property=\"og:locale\" content=\"sv_SE\" \/>\n<meta property=\"og:type\" content=\"article\" \/>\n<meta property=\"og:title\" content=\"Studerandeverksamhet - STTK\" \/>\n<meta property=\"og:description\" content=\"Intressebevakningen f\u00f6r studerande och unga g\u00f6rs av STTK-Studenter. Deras ordf\u00f6rande arbetar p\u00e5 STTK:s kontor tillsammans med sakkunniga och...\" \/>\n<meta property=\"og:url\" content=\"https:\/\/www.sttk.staging.web-veistamo.fi\/sv\/studerandeverksamhet\/\" \/>\n<meta property=\"og:site_name\" content=\"STTK\" \/>\n<meta property=\"article:publisher\" content=\"https:\/\/www.facebook.com\/#%21%2fKeskusjarjestoSTTK\" \/>\n<meta property=\"article:modified_time\" content=\"2025-03-20T08:28:05+00:00\" \/>\n<meta property=\"og:image\" content=\"https:\/\/www.sttk.staging.web-veistamo.fi\/wp-content\/uploads\/sites\/2\/2020\/08\/saana.jpg\" \/>\n\t<meta property=\"og:image:width\" content=\"1200\" \/>\n\t<meta property=\"og:image:height\" content=\"800\" \/>\n\t<meta property=\"og:image:type\" content=\"image\/jpeg\" \/>\n<meta name=\"twitter:card\" content=\"summary_large_image\" \/>\n<meta name=\"twitter:site\" content=\"@STTKMikonkatu\" \/>\n<meta name=\"twitter:label1\" content=\"Ber\u00e4knad l\u00e4stid\" \/>\n\t<meta name=\"twitter:data1\" content=\"3 minuter\" \/>\n<script type=\"application\/ld+json\" class=\"yoast-schema-graph\">{\"@context\":\"https:\/\/schema.org\",\"@graph\":[{\"@type\":\"WebPage\",\"@id\":\"https:\/\/www.sttk.staging.web-veistamo.fi\/sv\/studerandeverksamhet\/\",\"url\":\"https:\/\/www.sttk.staging.web-veistamo.fi\/sv\/studerandeverksamhet\/\",\"name\":\"Studerandeverksamhet - STTK\",\"isPartOf\":{\"@id\":\"https:\/\/www.sttk.staging.web-veistamo.fi\/#website\"},\"primaryImageOfPage\":{\"@id\":\"https:\/\/www.sttk.staging.web-veistamo.fi\/sv\/studerandeverksamhet\/#primaryimage\"},\"image\":{\"@id\":\"https:\/\/www.sttk.staging.web-veistamo.fi\/sv\/studerandeverksamhet\/#primaryimage\"},\"thumbnailUrl\":\"https:\/\/www.sttk.staging.web-veistamo.fi\/wp-content\/uploads\/sites\/2\/2020\/08\/saana-1024x683.jpg\",\"datePublished\":\"2022-12-07T08:00:59+00:00\",\"dateModified\":\"2025-03-20T08:28:05+00:00\",\"breadcrumb\":{\"@id\":\"https:\/\/www.sttk.staging.web-veistamo.fi\/sv\/studerandeverksamhet\/#breadcrumb\"},\"inLanguage\":\"sv-SE\",\"potentialAction\":[{\"@type\":\"ReadAction\",\"target\":[\"https:\/\/www.sttk.staging.web-veistamo.fi\/sv\/studerandeverksamhet\/\"]}]},{\"@type\":\"ImageObject\",\"inLanguage\":\"sv-SE\",\"@id\":\"https:\/\/www.sttk.staging.web-veistamo.fi\/sv\/studerandeverksamhet\/#primaryimage\",\"url\":\"https:\/\/www.sttk.staging.web-veistamo.fi\/wp-content\/uploads\/sites\/2\/2020\/08\/saana-1024x683.jpg\",\"contentUrl\":\"https:\/\/www.sttk.staging.web-veistamo.fi\/wp-content\/uploads\/sites\/2\/2020\/08\/saana-1024x683.jpg\"},{\"@type\":\"BreadcrumbList\",\"@id\":\"https:\/\/www.sttk.staging.web-veistamo.fi\/sv\/studerandeverksamhet\/#breadcrumb\",\"itemListElement\":[{\"@type\":\"ListItem\",\"position\":1,\"name\":\"Home\",\"item\":\"https:\/\/www.sttk.staging.web-veistamo.fi\/sv\/\"},{\"@type\":\"ListItem\",\"position\":2,\"name\":\"Studerandeverksamhet\"}]},{\"@type\":\"WebSite\",\"@id\":\"https:\/\/www.sttk.staging.web-veistamo.fi\/#website\",\"url\":\"https:\/\/www.sttk.staging.web-veistamo.fi\/\",\"name\":\"STTK\",\"description\":\"\",\"publisher\":{\"@id\":\"https:\/\/www.sttk.staging.web-veistamo.fi\/#organization\"},\"potentialAction\":[{\"@type\":\"SearchAction\",\"target\":{\"@type\":\"EntryPoint\",\"urlTemplate\":\"https:\/\/www.sttk.staging.web-veistamo.fi\/?s={search_term_string}\"},\"query-input\":{\"@type\":\"PropertyValueSpecification\",\"valueRequired\":true,\"valueName\":\"search_term_string\"}}],\"inLanguage\":\"sv-SE\"},{\"@type\":\"Organization\",\"@id\":\"https:\/\/www.sttk.staging.web-veistamo.fi\/#organization\",\"name\":\"STTK\",\"url\":\"https:\/\/www.sttk.staging.web-veistamo.fi\/\",\"logo\":{\"@type\":\"ImageObject\",\"inLanguage\":\"sv-SE\",\"@id\":\"https:\/\/www.sttk.staging.web-veistamo.fi\/#\/schema\/logo\/image\/\",\"url\":\"https:\/\/www.sttk.staging.web-veistamo.fi\/wp-content\/uploads\/sites\/2\/2025\/09\/vector3.svg\",\"contentUrl\":\"https:\/\/www.sttk.staging.web-veistamo.fi\/wp-content\/uploads\/sites\/2\/2025\/09\/vector3.svg\",\"caption\":\"STTK\"},\"image\":{\"@id\":\"https:\/\/www.sttk.staging.web-veistamo.fi\/#\/schema\/logo\/image\/\"},\"sameAs\":[\"https:\/\/www.facebook.com\/#!\/KeskusjarjestoSTTK\",\"https:\/\/x.com\/STTKMikonkatu\",\"http:\/\/www.youtube.com\/user\/protoimihenkilot\"]}]}<\/script>\n<!-- \/ Yoast SEO plugin. -->","yoast_head_json":{"title":"Studerandeverksamhet - STTK","robots":{"index":"index","follow":"follow","max-snippet":"max-snippet:-1","max-image-preview":"max-image-preview:large","max-video-preview":"max-video-preview:-1"},"canonical":"https:\/\/www.sttk.staging.web-veistamo.fi\/sv\/studerandeverksamhet\/","og_locale":"sv_SE","og_type":"article","og_title":"Studerandeverksamhet - STTK","og_description":"Intressebevakningen f\u00f6r studerande och unga g\u00f6rs av STTK-Studenter. Deras ordf\u00f6rande arbetar p\u00e5 STTK:s kontor tillsammans med sakkunniga och...","og_url":"https:\/\/www.sttk.staging.web-veistamo.fi\/sv\/studerandeverksamhet\/","og_site_name":"STTK","article_publisher":"https:\/\/www.facebook.com\/#%21%2fKeskusjarjestoSTTK","article_modified_time":"2025-03-20T08:28:05+00:00","og_image":[{"width":1200,"height":800,"url":"https:\/\/www.sttk.staging.web-veistamo.fi\/wp-content\/uploads\/sites\/2\/2020\/08\/saana.jpg","type":"image\/jpeg"}],"twitter_card":"summary_large_image","twitter_site":"@STTKMikonkatu","twitter_misc":{"Ber\u00e4knad l\u00e4stid":"3 minuter"},"schema":{"@context":"https:\/\/schema.org","@graph":[{"@type":"WebPage","@id":"https:\/\/www.sttk.staging.web-veistamo.fi\/sv\/studerandeverksamhet\/","url":"https:\/\/www.sttk.staging.web-veistamo.fi\/sv\/studerandeverksamhet\/","name":"Studerandeverksamhet - STTK","isPartOf":{"@id":"https:\/\/www.sttk.staging.web-veistamo.fi\/#website"},"primaryImageOfPage":{"@id":"https:\/\/www.sttk.staging.web-veistamo.fi\/sv\/studerandeverksamhet\/#primaryimage"},"image":{"@id":"https:\/\/www.sttk.staging.web-veistamo.fi\/sv\/studerandeverksamhet\/#primaryimage"},"thumbnailUrl":"https:\/\/www.sttk.staging.web-veistamo.fi\/wp-content\/uploads\/sites\/2\/2020\/08\/saana-1024x683.jpg","datePublished":"2022-12-07T08:00:59+00:00","dateModified":"2025-03-20T08:28:05+00:00","breadcrumb":{"@id":"https:\/\/www.sttk.staging.web-veistamo.fi\/sv\/studerandeverksamhet\/#breadcrumb"},"inLanguage":"sv-SE","potentialAction":[{"@type":"ReadAction","target":["https:\/\/www.sttk.staging.web-veistamo.fi\/sv\/studerandeverksamhet\/"]}]},{"@type":"ImageObject","inLanguage":"sv-SE","@id":"https:\/\/www.sttk.staging.web-veistamo.fi\/sv\/studerandeverksamhet\/#primaryimage","url":"https:\/\/www.sttk.staging.web-veistamo.fi\/wp-content\/uploads\/sites\/2\/2020\/08\/saana-1024x683.jpg","contentUrl":"https:\/\/www.sttk.staging.web-veistamo.fi\/wp-content\/uploads\/sites\/2\/2020\/08\/saana-1024x683.jpg"},{"@type":"BreadcrumbList","@id":"https:\/\/www.sttk.staging.web-veistamo.fi\/sv\/studerandeverksamhet\/#breadcrumb","itemListElement":[{"@type":"ListItem","position":1,"name":"Home","item":"https:\/\/www.sttk.staging.web-veistamo.fi\/sv\/"},{"@type":"ListItem","position":2,"name":"Studerandeverksamhet"}]},{"@type":"WebSite","@id":"https:\/\/www.sttk.staging.web-veistamo.fi\/#website","url":"https:\/\/www.sttk.staging.web-veistamo.fi\/","name":"STTK","description":"","publisher":{"@id":"https:\/\/www.sttk.staging.web-veistamo.fi\/#organization"},"potentialAction":[{"@type":"SearchAction","target":{"@type":"EntryPoint","urlTemplate":"https:\/\/www.sttk.staging.web-veistamo.fi\/?s={search_term_string}"},"query-input":{"@type":"PropertyValueSpecification","valueRequired":true,"valueName":"search_term_string"}}],"inLanguage":"sv-SE"},{"@type":"Organization","@id":"https:\/\/www.sttk.staging.web-veistamo.fi\/#organization","name":"STTK","url":"https:\/\/www.sttk.staging.web-veistamo.fi\/","logo":{"@type":"ImageObject","inLanguage":"sv-SE","@id":"https:\/\/www.sttk.staging.web-veistamo.fi\/#\/schema\/logo\/image\/","url":"https:\/\/www.sttk.staging.web-veistamo.fi\/wp-content\/uploads\/sites\/2\/2025\/09\/vector3.svg","contentUrl":"https:\/\/www.sttk.staging.web-veistamo.fi\/wp-content\/uploads\/sites\/2\/2025\/09\/vector3.svg","caption":"STTK"},"image":{"@id":"https:\/\/www.sttk.staging.web-veistamo.fi\/#\/schema\/logo\/image\/"},"sameAs":["https:\/\/www.facebook.com\/#!\/KeskusjarjestoSTTK","https:\/\/x.com\/STTKMikonkatu","http:\/\/www.youtube.com\/user\/protoimihenkilot"]}]}},"_links":{"self":[{"href":"https:\/\/www.sttk.staging.web-veistamo.fi\/sv\/wp-json\/wp\/v2\/pages\/43768","targetHints":{"allow":["GET"]}}],"collection":[{"href":"https:\/\/www.sttk.staging.web-veistamo.fi\/sv\/wp-json\/wp\/v2\/pages"}],"about":[{"href":"https:\/\/www.sttk.staging.web-veistamo.fi\/sv\/wp-json\/wp\/v2\/types\/page"}],"author":[{"embeddable":true,"href":"https:\/\/www.sttk.staging.web-veistamo.fi\/sv\/wp-json\/wp\/v2\/users\/13"}],"replies":[{"embeddable":true,"href":"https:\/\/www.sttk.staging.web-veistamo.fi\/sv\/wp-json\/wp\/v2\/comments?post=43768"}],"version-history":[{"count":2,"href":"https:\/\/www.sttk.staging.web-veistamo.fi\/sv\/wp-json\/wp\/v2\/pages\/43768\/revisions"}],"predecessor-version":[{"id":53636,"href":"https:\/\/www.sttk.staging.web-veistamo.fi\/sv\/wp-json\/wp\/v2\/pages\/43768\/revisions\/53636"}],"wp:attachment":[{"href":"https:\/\/www.sttk.staging.web-veistamo.fi\/sv\/wp-json\/wp\/v2\/media?parent=43768"}],"wp:term":[{"taxonomy":"subject","embeddable":true,"href":"https:\/\/www.sttk.staging.web-veistamo.fi\/sv\/wp-json\/wp\/v2\/subject?post=43768"}],"curies":[{"name":"wp","href":"https:\/\/api.w.org\/{rel}","templated":true}]}}