{"id":43778,"date":"2022-12-07T10:22:02","date_gmt":"2022-12-07T08:22:02","guid":{"rendered":"https:\/\/www.sttk.fi\/?page_id=43778"},"modified":"2025-03-20T10:31:20","modified_gmt":"2025-03-20T08:31:20","slug":"jamstalldhet-och-jamlikhet","status":"publish","type":"page","link":"https:\/\/www.sttk.staging.web-veistamo.fi\/sv\/jamstalldhet-och-jamlikhet\/","title":{"rendered":"J\u00e4mst\u00e4lldhet och j\u00e4mlikhet"},"content":{"rendered":"\n<p class=\"lead-paragraph\"><\/p>\n\n\n\n<figure class=\"wp-block-image size-large\"><a href=\"https:\/\/www.sttk.staging.web-veistamo.fi\/wp-content\/uploads\/sites\/2\/2020\/09\/tasa-arvo-1024x453.png\"><img loading=\"lazy\" decoding=\"async\" width=\"1024\" height=\"453\" src=\"https:\/\/www.sttk.staging.web-veistamo.fi\/wp-content\/uploads\/sites\/2\/2020\/09\/tasa-arvo-1024x453.png\" alt=\"Tasa-arvo\" class=\"wp-image-28128\" srcset=\"https:\/\/www.sttk.staging.web-veistamo.fi\/wp-content\/uploads\/sites\/2\/2020\/09\/tasa-arvo-1024x453.png 1024w, https:\/\/www.sttk.staging.web-veistamo.fi\/wp-content\/uploads\/sites\/2\/2020\/09\/tasa-arvo-300x133.png 300w, https:\/\/www.sttk.staging.web-veistamo.fi\/wp-content\/uploads\/sites\/2\/2020\/09\/tasa-arvo-768x340.png 768w, https:\/\/www.sttk.staging.web-veistamo.fi\/wp-content\/uploads\/sites\/2\/2020\/09\/tasa-arvo-1400x619.png 1400w, https:\/\/www.sttk.staging.web-veistamo.fi\/wp-content\/uploads\/sites\/2\/2020\/09\/tasa-arvo-992x439.png 992w, https:\/\/www.sttk.staging.web-veistamo.fi\/wp-content\/uploads\/sites\/2\/2020\/09\/tasa-arvo.png 1470w\" sizes=\"auto, (max-width: 1024px) 100vw, 1024px\" \/><\/a><\/figure>\n\n\n\n<p>J\u00e4mst\u00e4lldhet mellan k\u00f6nen \u00e4r ett allm\u00e4nt erk\u00e4nt grundl\u00e4ggande v\u00e4rde i samh\u00e4llet och arbetslivet i Finland.<\/p>\n\n\n\n<p><a href=\"https:\/\/sttk.staging.web-veistamo.fi\/subject\/yhdenvertaisuus\/\" target=\"_blank\" rel=\"noreferrer noopener\">J\u00e4mlikhet <\/a>i arbetslivet inneb\u00e4r att alla m\u00e4nniskor \u00e4r likv\u00e4rdiga oavsett exempelvis \u00e5lder, religion, sexuell l\u00e4ggning eller n\u00e5gon annan orsak som h\u00e4nf\u00f6r sig till personen.<\/p>\n\n\n\n<p>Arbetslivets spelregler, grundl\u00e4ggande r\u00e4ttigheter och skyldigheter ska vara desamma f\u00f6r alla. F\u00f6rdelen f\u00f6r hela samh\u00e4llet \u00e4r att alla finl\u00e4ndare har arbete och att vi som j\u00e4mlika och likv\u00e4rdiga kan delta i byggandet av samh\u00e4llet.<\/p>\n\n\n\n<h2 class=\"wp-block-heading\">Diskriminering<\/h2>\n\n\n\n<p>Alla arbetsgivare \u00e4r skyldiga att fr\u00e4mja j\u00e4mlikhet och likabehandling oberoende av arbetsplatsens bransch, storlek eller n\u00e5gon annan omst\u00e4ndighet. Arbetss\u00e4tten och attityderna p\u00e5 arbetsplatsen ska redan i f\u00f6rv\u00e4g f\u00f6rhindra att n\u00e5gon <a href=\"https:\/\/www.syrjinta.fi\/\" target=\"_blank\" rel=\"noreferrer noopener\">diskrimineras<\/a>.<\/p>\n\n\n\n<p><strong>Det \u00e4r viktigt att ha en \u00f6ppen och \u00e4rlig dialog om eventuella j\u00e4mst\u00e4lldhetsproblem i arbetsgemenskaperna.<\/strong> Det ska r\u00e5da nolltolerans i varje arbetsgemenskap mot alla former av diskriminering. Som en del av j\u00e4mst\u00e4lldhetsplaneringen kan man till exempel utarbeta uppf\u00f6randekoder f\u00f6r f\u00f6rebyggande och utredning av diskrimineringsfall.<\/p>\n\n\n\n<p>P\u00e5 en arbetsplats d\u00e4r minst 30 personer arbetar \u00e4r arbetsgivaren skyldig att tillsammans med personalen eller dess representanter utarbeta en <a href=\"https:\/\/www.tasa-arvo.fi\/mika-on-tasa-arvosuunnitelma-\" target=\"_blank\" rel=\"noreferrer noopener\">j\u00e4mst\u00e4lldhetsplan <\/a>och <a href=\"https:\/\/yhdenvertaisuus.fi\/yhdenvertaisuussuunnittelu\" target=\"_blank\" rel=\"noreferrer noopener\">en plan f\u00f6r likabehandling <\/a>med \u00e5tg\u00e4rder f\u00f6r fr\u00e4mjande av likabehandling.<\/p>\n\n\n\t<p class=\"alert\">Add accordion items from block settings or by switching to edit mode.<\/p>\r\n\n\n\n<h2 class=\"wp-block-heading\">L\u00f6nej\u00e4mlikhet<\/h2>\n\n\n\n<p>L\u00f6neskillnaderna mellan kvinnor och m\u00e4n p\u00e5 hela arbetsmarknaden i Finland \u00e4r omkring 16 procent. Denna siffra \u00e4r resultatet av en j\u00e4mf\u00f6relse mellan de l\u00f6ner som i genomsnitt betalas ut p\u00e5 grundval av den ordinarie arbetstiden.<\/p>\n\n\n\n<p>Ett av STTK:s centrala m\u00e5l \u00e4r att fr\u00e4mja l\u00f6nej\u00e4mlikhet i arbetslivet. <strong>L\u00f6neskillnaden mellan k\u00f6nen har minskat mycket l\u00e5ngsamt under de senaste \u00e5ren i Finland.<\/strong> Vi beh\u00f6ver flera samtidigt verkande medel f\u00f6r att fr\u00e4mja l\u00f6nej\u00e4mlikheten. Det kan till exempel r\u00f6ra sig om insyn i l\u00f6nes\u00e4ttningen, familjeledighetsreformen eller en s\u00e4rskild post till kvinnor i samband med l\u00f6nef\u00f6rh\u00f6jningar.<\/p>\n\n\n\n<h2 class=\"wp-block-heading\">Familjeledighetsreformen<\/h2>\n\n\n\n<p>Ett j\u00e4mlikt arbetsliv inneb\u00e4r en r\u00e4ttvis f\u00f6rdelning av familjeledigheterna, vilket \u00e4r till b\u00e5de barnens och f\u00f6r\u00e4ldrarnas f\u00f6rdel. Den nya familjeledighetsmodellen tr\u00e4dde i kraft 1.8.2022. Familjeledigheterna ska vidareutvecklas i en riktning som tryggar f\u00f6r\u00e4ldrarnas j\u00e4mlika m\u00f6jligheter att delta i v\u00e5rden av barnen och i utvecklandet av sin egen yrkeskarri\u00e4r. <strong>Att \u00f6ka flexibiliteten g\u00f6r det l\u00e4ttare att f\u00f6rena arbete och familjeliv. En j\u00e4mnare f\u00f6rdelning av familjeledigheterna bygger upp ett r\u00e4ttvisare och gott arbetsliv<\/strong>. N\u00e4r reformerna genomf\u00f6rs ska h\u00e4nsyn tas till olika familjer, eftersom familjeformerna i dag \u00e4r olika och de ska behandlas j\u00e4mlikt i reformen.<\/p>\n\n\n\n<h2 class=\"wp-block-heading\">Insyn i l\u00f6nes\u00e4ttningen<\/h2>\n\n\n\n<p>STTK har f\u00f6reslagit st\u00f6rre insyn i l\u00f6nes\u00e4ttningen s\u00e5 att en representant f\u00f6r personalen p\u00e5 arbetsplatsen f\u00e5r k\u00e4nnedom om de specificerade l\u00f6neuppgifterna f\u00f6r hela personalen inklusive alla l\u00f6nedelar. <strong>En \u00f6ppnare information om l\u00f6nerna skulle g\u00f6ra det m\u00f6jligt att r\u00e4tta till ogrundade l\u00f6neskillnader p\u00e5 arbetsplatserna.<\/strong><\/p>\n","protected":false},"excerpt":{"rendered":"J\u00e4mst\u00e4lldhet mellan k\u00f6nen \u00e4r ett allm\u00e4nt erk\u00e4nt grundl\u00e4ggande v\u00e4rde i samh\u00e4llet och arbetslivet i Finland. J\u00e4mlikhet i arbetslivet&#8230; ","protected":false},"author":13,"featured_media":0,"parent":0,"menu_order":0,"comment_status":"closed","ping_status":"closed","template":"","meta":{"_acf_changed":false,"footnotes":""},"subject":[],"class_list":["post-43778","page","type-page","status-publish","hentry"],"acf":{"lead_paragraph":""},"yoast_head":"<!-- This site is optimized with the Yoast SEO plugin v26.5 - https:\/\/yoast.com\/wordpress\/plugins\/seo\/ -->\n<title>J\u00e4mst\u00e4lldhet och j\u00e4mlikhet - STTK<\/title>\n<meta name=\"robots\" content=\"index, follow, max-snippet:-1, max-image-preview:large, max-video-preview:-1\" \/>\n<link rel=\"canonical\" href=\"https:\/\/www.sttk.staging.web-veistamo.fi\/sv\/jamstalldhet-och-jamlikhet\/\" \/>\n<meta property=\"og:locale\" content=\"sv_SE\" \/>\n<meta property=\"og:type\" content=\"article\" \/>\n<meta property=\"og:title\" content=\"J\u00e4mst\u00e4lldhet och j\u00e4mlikhet - STTK\" \/>\n<meta property=\"og:description\" content=\"J\u00e4mst\u00e4lldhet mellan k\u00f6nen \u00e4r ett allm\u00e4nt erk\u00e4nt grundl\u00e4ggande v\u00e4rde i samh\u00e4llet och arbetslivet i Finland. J\u00e4mlikhet i arbetslivet...\" \/>\n<meta property=\"og:url\" content=\"https:\/\/www.sttk.staging.web-veistamo.fi\/sv\/jamstalldhet-och-jamlikhet\/\" \/>\n<meta property=\"og:site_name\" content=\"STTK\" \/>\n<meta property=\"article:publisher\" content=\"https:\/\/www.facebook.com\/#%21%2fKeskusjarjestoSTTK\" \/>\n<meta property=\"article:modified_time\" content=\"2025-03-20T08:31:20+00:00\" \/>\n<meta property=\"og:image\" content=\"https:\/\/www.sttk.staging.web-veistamo.fi\/wp-content\/uploads\/sites\/2\/2020\/09\/tasa-arvo.png\" \/>\n\t<meta property=\"og:image:width\" content=\"1470\" \/>\n\t<meta property=\"og:image:height\" content=\"650\" \/>\n\t<meta property=\"og:image:type\" content=\"image\/png\" \/>\n<meta name=\"twitter:card\" content=\"summary_large_image\" \/>\n<meta name=\"twitter:site\" content=\"@STTKMikonkatu\" \/>\n<meta name=\"twitter:label1\" content=\"Ber\u00e4knad l\u00e4stid\" \/>\n\t<meta name=\"twitter:data1\" content=\"3 minuter\" \/>\n<script type=\"application\/ld+json\" class=\"yoast-schema-graph\">{\"@context\":\"https:\/\/schema.org\",\"@graph\":[{\"@type\":\"WebPage\",\"@id\":\"https:\/\/www.sttk.staging.web-veistamo.fi\/sv\/jamstalldhet-och-jamlikhet\/\",\"url\":\"https:\/\/www.sttk.staging.web-veistamo.fi\/sv\/jamstalldhet-och-jamlikhet\/\",\"name\":\"J\u00e4mst\u00e4lldhet och j\u00e4mlikhet - STTK\",\"isPartOf\":{\"@id\":\"https:\/\/www.sttk.staging.web-veistamo.fi\/#website\"},\"primaryImageOfPage\":{\"@id\":\"https:\/\/www.sttk.staging.web-veistamo.fi\/sv\/jamstalldhet-och-jamlikhet\/#primaryimage\"},\"image\":{\"@id\":\"https:\/\/www.sttk.staging.web-veistamo.fi\/sv\/jamstalldhet-och-jamlikhet\/#primaryimage\"},\"thumbnailUrl\":\"https:\/\/www.sttk.staging.web-veistamo.fi\/wp-content\/uploads\/sites\/2\/2020\/09\/tasa-arvo-1024x453.png\",\"datePublished\":\"2022-12-07T08:22:02+00:00\",\"dateModified\":\"2025-03-20T08:31:20+00:00\",\"breadcrumb\":{\"@id\":\"https:\/\/www.sttk.staging.web-veistamo.fi\/sv\/jamstalldhet-och-jamlikhet\/#breadcrumb\"},\"inLanguage\":\"sv-SE\",\"potentialAction\":[{\"@type\":\"ReadAction\",\"target\":[\"https:\/\/www.sttk.staging.web-veistamo.fi\/sv\/jamstalldhet-och-jamlikhet\/\"]}]},{\"@type\":\"ImageObject\",\"inLanguage\":\"sv-SE\",\"@id\":\"https:\/\/www.sttk.staging.web-veistamo.fi\/sv\/jamstalldhet-och-jamlikhet\/#primaryimage\",\"url\":\"https:\/\/www.sttk.staging.web-veistamo.fi\/wp-content\/uploads\/sites\/2\/2020\/09\/tasa-arvo-1024x453.png\",\"contentUrl\":\"https:\/\/www.sttk.staging.web-veistamo.fi\/wp-content\/uploads\/sites\/2\/2020\/09\/tasa-arvo-1024x453.png\"},{\"@type\":\"BreadcrumbList\",\"@id\":\"https:\/\/www.sttk.staging.web-veistamo.fi\/sv\/jamstalldhet-och-jamlikhet\/#breadcrumb\",\"itemListElement\":[{\"@type\":\"ListItem\",\"position\":1,\"name\":\"Home\",\"item\":\"https:\/\/www.sttk.staging.web-veistamo.fi\/sv\/\"},{\"@type\":\"ListItem\",\"position\":2,\"name\":\"J\u00e4mst\u00e4lldhet och j\u00e4mlikhet\"}]},{\"@type\":\"WebSite\",\"@id\":\"https:\/\/www.sttk.staging.web-veistamo.fi\/#website\",\"url\":\"https:\/\/www.sttk.staging.web-veistamo.fi\/\",\"name\":\"STTK\",\"description\":\"\",\"publisher\":{\"@id\":\"https:\/\/www.sttk.staging.web-veistamo.fi\/#organization\"},\"potentialAction\":[{\"@type\":\"SearchAction\",\"target\":{\"@type\":\"EntryPoint\",\"urlTemplate\":\"https:\/\/www.sttk.staging.web-veistamo.fi\/?s={search_term_string}\"},\"query-input\":{\"@type\":\"PropertyValueSpecification\",\"valueRequired\":true,\"valueName\":\"search_term_string\"}}],\"inLanguage\":\"sv-SE\"},{\"@type\":\"Organization\",\"@id\":\"https:\/\/www.sttk.staging.web-veistamo.fi\/#organization\",\"name\":\"STTK\",\"url\":\"https:\/\/www.sttk.staging.web-veistamo.fi\/\",\"logo\":{\"@type\":\"ImageObject\",\"inLanguage\":\"sv-SE\",\"@id\":\"https:\/\/www.sttk.staging.web-veistamo.fi\/#\/schema\/logo\/image\/\",\"url\":\"https:\/\/www.sttk.staging.web-veistamo.fi\/wp-content\/uploads\/sites\/2\/2025\/09\/vector3.svg\",\"contentUrl\":\"https:\/\/www.sttk.staging.web-veistamo.fi\/wp-content\/uploads\/sites\/2\/2025\/09\/vector3.svg\",\"caption\":\"STTK\"},\"image\":{\"@id\":\"https:\/\/www.sttk.staging.web-veistamo.fi\/#\/schema\/logo\/image\/\"},\"sameAs\":[\"https:\/\/www.facebook.com\/#!\/KeskusjarjestoSTTK\",\"https:\/\/x.com\/STTKMikonkatu\",\"http:\/\/www.youtube.com\/user\/protoimihenkilot\"]}]}<\/script>\n<!-- \/ Yoast SEO plugin. -->","yoast_head_json":{"title":"J\u00e4mst\u00e4lldhet och j\u00e4mlikhet - STTK","robots":{"index":"index","follow":"follow","max-snippet":"max-snippet:-1","max-image-preview":"max-image-preview:large","max-video-preview":"max-video-preview:-1"},"canonical":"https:\/\/www.sttk.staging.web-veistamo.fi\/sv\/jamstalldhet-och-jamlikhet\/","og_locale":"sv_SE","og_type":"article","og_title":"J\u00e4mst\u00e4lldhet och j\u00e4mlikhet - STTK","og_description":"J\u00e4mst\u00e4lldhet mellan k\u00f6nen \u00e4r ett allm\u00e4nt erk\u00e4nt grundl\u00e4ggande v\u00e4rde i samh\u00e4llet och arbetslivet i Finland. J\u00e4mlikhet i arbetslivet...","og_url":"https:\/\/www.sttk.staging.web-veistamo.fi\/sv\/jamstalldhet-och-jamlikhet\/","og_site_name":"STTK","article_publisher":"https:\/\/www.facebook.com\/#%21%2fKeskusjarjestoSTTK","article_modified_time":"2025-03-20T08:31:20+00:00","og_image":[{"width":1470,"height":650,"url":"https:\/\/www.sttk.staging.web-veistamo.fi\/wp-content\/uploads\/sites\/2\/2020\/09\/tasa-arvo.png","type":"image\/png"}],"twitter_card":"summary_large_image","twitter_site":"@STTKMikonkatu","twitter_misc":{"Ber\u00e4knad l\u00e4stid":"3 minuter"},"schema":{"@context":"https:\/\/schema.org","@graph":[{"@type":"WebPage","@id":"https:\/\/www.sttk.staging.web-veistamo.fi\/sv\/jamstalldhet-och-jamlikhet\/","url":"https:\/\/www.sttk.staging.web-veistamo.fi\/sv\/jamstalldhet-och-jamlikhet\/","name":"J\u00e4mst\u00e4lldhet och j\u00e4mlikhet - STTK","isPartOf":{"@id":"https:\/\/www.sttk.staging.web-veistamo.fi\/#website"},"primaryImageOfPage":{"@id":"https:\/\/www.sttk.staging.web-veistamo.fi\/sv\/jamstalldhet-och-jamlikhet\/#primaryimage"},"image":{"@id":"https:\/\/www.sttk.staging.web-veistamo.fi\/sv\/jamstalldhet-och-jamlikhet\/#primaryimage"},"thumbnailUrl":"https:\/\/www.sttk.staging.web-veistamo.fi\/wp-content\/uploads\/sites\/2\/2020\/09\/tasa-arvo-1024x453.png","datePublished":"2022-12-07T08:22:02+00:00","dateModified":"2025-03-20T08:31:20+00:00","breadcrumb":{"@id":"https:\/\/www.sttk.staging.web-veistamo.fi\/sv\/jamstalldhet-och-jamlikhet\/#breadcrumb"},"inLanguage":"sv-SE","potentialAction":[{"@type":"ReadAction","target":["https:\/\/www.sttk.staging.web-veistamo.fi\/sv\/jamstalldhet-och-jamlikhet\/"]}]},{"@type":"ImageObject","inLanguage":"sv-SE","@id":"https:\/\/www.sttk.staging.web-veistamo.fi\/sv\/jamstalldhet-och-jamlikhet\/#primaryimage","url":"https:\/\/www.sttk.staging.web-veistamo.fi\/wp-content\/uploads\/sites\/2\/2020\/09\/tasa-arvo-1024x453.png","contentUrl":"https:\/\/www.sttk.staging.web-veistamo.fi\/wp-content\/uploads\/sites\/2\/2020\/09\/tasa-arvo-1024x453.png"},{"@type":"BreadcrumbList","@id":"https:\/\/www.sttk.staging.web-veistamo.fi\/sv\/jamstalldhet-och-jamlikhet\/#breadcrumb","itemListElement":[{"@type":"ListItem","position":1,"name":"Home","item":"https:\/\/www.sttk.staging.web-veistamo.fi\/sv\/"},{"@type":"ListItem","position":2,"name":"J\u00e4mst\u00e4lldhet och j\u00e4mlikhet"}]},{"@type":"WebSite","@id":"https:\/\/www.sttk.staging.web-veistamo.fi\/#website","url":"https:\/\/www.sttk.staging.web-veistamo.fi\/","name":"STTK","description":"","publisher":{"@id":"https:\/\/www.sttk.staging.web-veistamo.fi\/#organization"},"potentialAction":[{"@type":"SearchAction","target":{"@type":"EntryPoint","urlTemplate":"https:\/\/www.sttk.staging.web-veistamo.fi\/?s={search_term_string}"},"query-input":{"@type":"PropertyValueSpecification","valueRequired":true,"valueName":"search_term_string"}}],"inLanguage":"sv-SE"},{"@type":"Organization","@id":"https:\/\/www.sttk.staging.web-veistamo.fi\/#organization","name":"STTK","url":"https:\/\/www.sttk.staging.web-veistamo.fi\/","logo":{"@type":"ImageObject","inLanguage":"sv-SE","@id":"https:\/\/www.sttk.staging.web-veistamo.fi\/#\/schema\/logo\/image\/","url":"https:\/\/www.sttk.staging.web-veistamo.fi\/wp-content\/uploads\/sites\/2\/2025\/09\/vector3.svg","contentUrl":"https:\/\/www.sttk.staging.web-veistamo.fi\/wp-content\/uploads\/sites\/2\/2025\/09\/vector3.svg","caption":"STTK"},"image":{"@id":"https:\/\/www.sttk.staging.web-veistamo.fi\/#\/schema\/logo\/image\/"},"sameAs":["https:\/\/www.facebook.com\/#!\/KeskusjarjestoSTTK","https:\/\/x.com\/STTKMikonkatu","http:\/\/www.youtube.com\/user\/protoimihenkilot"]}]}},"_links":{"self":[{"href":"https:\/\/www.sttk.staging.web-veistamo.fi\/sv\/wp-json\/wp\/v2\/pages\/43778","targetHints":{"allow":["GET"]}}],"collection":[{"href":"https:\/\/www.sttk.staging.web-veistamo.fi\/sv\/wp-json\/wp\/v2\/pages"}],"about":[{"href":"https:\/\/www.sttk.staging.web-veistamo.fi\/sv\/wp-json\/wp\/v2\/types\/page"}],"author":[{"embeddable":true,"href":"https:\/\/www.sttk.staging.web-veistamo.fi\/sv\/wp-json\/wp\/v2\/users\/13"}],"replies":[{"embeddable":true,"href":"https:\/\/www.sttk.staging.web-veistamo.fi\/sv\/wp-json\/wp\/v2\/comments?post=43778"}],"version-history":[{"count":3,"href":"https:\/\/www.sttk.staging.web-veistamo.fi\/sv\/wp-json\/wp\/v2\/pages\/43778\/revisions"}],"predecessor-version":[{"id":53638,"href":"https:\/\/www.sttk.staging.web-veistamo.fi\/sv\/wp-json\/wp\/v2\/pages\/43778\/revisions\/53638"}],"wp:attachment":[{"href":"https:\/\/www.sttk.staging.web-veistamo.fi\/sv\/wp-json\/wp\/v2\/media?parent=43778"}],"wp:term":[{"taxonomy":"subject","embeddable":true,"href":"https:\/\/www.sttk.staging.web-veistamo.fi\/sv\/wp-json\/wp\/v2\/subject?post=43778"}],"curies":[{"name":"wp","href":"https:\/\/api.w.org\/{rel}","templated":true}]}}